{"id":99,"date":"2025-03-17T12:50:42","date_gmt":"2025-03-17T11:50:42","guid":{"rendered":"https:\/\/www.mt-bungalow.fr\/?page_id=99"},"modified":"2026-03-06T14:29:35","modified_gmt":"2026-03-06T13:29:35","slug":"cotizacion-de-contacto","status":"publish","type":"page","link":"https:\/\/www.mt-bungalow.fr\/es\/cotizacion-de-contacto\/","title":{"rendered":"Contacto y cotizaci\u00f3n"},"content":{"rendered":"","protected":false},"excerpt":{"rendered":"","protected":false},"author":1,"featured_media":0,"parent":0,"menu_order":0,"comment_status":"closed","ping_status":"closed","template":"","meta":{"_acf_changed":false,"footnotes":""},"class_list":["post-99","page","type-page","status-publish","hentry"],"acf":[],"yoast_head":"<!-- This site is optimized with the Yoast SEO plugin v26.2 - https:\/\/yoast.com\/wordpress\/plugins\/seo\/ -->\n<title>Contact et Demande de Devis \u2013 Expert en Bungalows Chantier - MT Bungalow<\/title>\n<meta name=\"description\" content=\"Besoin d\u2019un devis rapide ou d\u2019un renseignement ? Contactez Module T, fabricant de modules de chantier sur mesure. R\u00e9ponse sous 24h, livraison France &amp; international.\" \/>\n<meta name=\"robots\" content=\"index, follow, max-snippet:-1, max-image-preview:large, max-video-preview:-1\" \/>\n<link rel=\"canonical\" href=\"https:\/\/www.mt-bungalow.fr\/es\/cotizacion-de-contacto\/\" \/>\n<meta property=\"og:locale\" content=\"es_ES\" \/>\n<meta property=\"og:type\" content=\"article\" \/>\n<meta property=\"og:title\" content=\"Contact et Demande de Devis \u2013 Expert en Bungalows Chantier - MT Bungalow\" \/>\n<meta property=\"og:description\" content=\"Besoin d\u2019un devis rapide ou d\u2019un renseignement ? Contactez Module T, fabricant de modules de chantier sur mesure. R\u00e9ponse sous 24h, livraison France &amp; international.\" \/>\n<meta property=\"og:url\" content=\"https:\/\/www.mt-bungalow.fr\/es\/cotizacion-de-contacto\/\" \/>\n<meta property=\"og:site_name\" content=\"MT Bungalow\" \/>\n<meta property=\"article:modified_time\" content=\"2026-03-06T13:29:35+00:00\" \/>\n<meta name=\"twitter:card\" content=\"summary_large_image\" \/>\n<meta name=\"twitter:label1\" content=\"Tiempo de lectura\" \/>\n\t<meta name=\"twitter:data1\" content=\"1 minuto\" \/>\n<script type=\"application\/ld+json\" class=\"yoast-schema-graph\">{\"@context\":\"https:\/\/schema.org\",\"@graph\":[{\"@type\":\"WebPage\",\"@id\":\"https:\/\/www.mt-bungalow.fr\/contact-devis\/\",\"url\":\"https:\/\/www.mt-bungalow.fr\/contact-devis\/\",\"name\":\"Contact et Demande de Devis \u2013 Expert en Bungalows Chantier - MT Bungalow\",\"isPartOf\":{\"@id\":\"https:\/\/www.mt-bungalow.fr\/#website\"},\"datePublished\":\"2025-03-17T11:50:42+00:00\",\"dateModified\":\"2026-03-06T13:29:35+00:00\",\"description\":\"Besoin d\u2019un devis rapide ou d\u2019un renseignement ? Contactez Module T, fabricant de modules de chantier sur mesure. R\u00e9ponse sous 24h, livraison France & international.\",\"breadcrumb\":{\"@id\":\"https:\/\/www.mt-bungalow.fr\/contact-devis\/#breadcrumb\"},\"inLanguage\":\"es\",\"potentialAction\":[{\"@type\":\"ReadAction\",\"target\":[\"https:\/\/www.mt-bungalow.fr\/contact-devis\/\"]}]},{\"@type\":\"BreadcrumbList\",\"@id\":\"https:\/\/www.mt-bungalow.fr\/contact-devis\/#breadcrumb\",\"itemListElement\":[{\"@type\":\"ListItem\",\"position\":1,\"name\":\"Accueil\",\"item\":\"https:\/\/www.mt-bungalow.fr\/\"},{\"@type\":\"ListItem\",\"position\":2,\"name\":\"Contact &amp; Devis\"}]},{\"@type\":\"WebSite\",\"@id\":\"https:\/\/www.mt-bungalow.fr\/#website\",\"url\":\"https:\/\/www.mt-bungalow.fr\/\",\"name\":\"MT Bungalow\",\"description\":\"\",\"potentialAction\":[{\"@type\":\"SearchAction\",\"target\":{\"@type\":\"EntryPoint\",\"urlTemplate\":\"https:\/\/www.mt-bungalow.fr\/?s={search_term_string}\"},\"query-input\":{\"@type\":\"PropertyValueSpecification\",\"valueRequired\":true,\"valueName\":\"search_term_string\"}}],\"inLanguage\":\"es\"}]}<\/script>\n<!-- \/ Yoast SEO plugin. -->","yoast_head_json":{"title":"Contacto y solicitud de presupuesto \u2013 Experto en construcci\u00f3n de bungalows - MT Bungalow","description":"\u00bfNecesita una cotizaci\u00f3n o informaci\u00f3n r\u00e1pida? Contacte con M\u00f3dulo T, fabricante de m\u00f3dulos de obra a medida. Respuesta en 24 horas, entrega en Francia e internacional.","robots":{"index":"index","follow":"follow","max-snippet":"max-snippet:-1","max-image-preview":"max-image-preview:large","max-video-preview":"max-video-preview:-1"},"canonical":"https:\/\/www.mt-bungalow.fr\/es\/cotizacion-de-contacto\/","og_locale":"es_ES","og_type":"article","og_title":"Contact et Demande de Devis \u2013 Expert en Bungalows Chantier - MT Bungalow","og_description":"Besoin d\u2019un devis rapide ou d\u2019un renseignement ? Contactez Module T, fabricant de modules de chantier sur mesure. R\u00e9ponse sous 24h, livraison France & international.","og_url":"https:\/\/www.mt-bungalow.fr\/es\/cotizacion-de-contacto\/","og_site_name":"MT Bungalow","article_modified_time":"2026-03-06T13:29:35+00:00","twitter_card":"summary_large_image","twitter_misc":{"Tiempo de lectura":"1 minuto"},"schema":{"@context":"https:\/\/schema.org","@graph":[{"@type":"WebPage","@id":"https:\/\/www.mt-bungalow.fr\/contact-devis\/","url":"https:\/\/www.mt-bungalow.fr\/contact-devis\/","name":"Contacto y solicitud de presupuesto \u2013 Experto en construcci\u00f3n de bungalows - MT Bungalow","isPartOf":{"@id":"https:\/\/www.mt-bungalow.fr\/#website"},"datePublished":"2025-03-17T11:50:42+00:00","dateModified":"2026-03-06T13:29:35+00:00","description":"\u00bfNecesita una cotizaci\u00f3n o informaci\u00f3n r\u00e1pida? Contacte con M\u00f3dulo T, fabricante de m\u00f3dulos de obra a medida. Respuesta en 24 horas, entrega en Francia e internacional.","breadcrumb":{"@id":"https:\/\/www.mt-bungalow.fr\/contact-devis\/#breadcrumb"},"inLanguage":"es","potentialAction":[{"@type":"ReadAction","target":["https:\/\/www.mt-bungalow.fr\/contact-devis\/"]}]},{"@type":"BreadcrumbList","@id":"https:\/\/www.mt-bungalow.fr\/contact-devis\/#breadcrumb","itemListElement":[{"@type":"ListItem","position":1,"name":"Accueil","item":"https:\/\/www.mt-bungalow.fr\/"},{"@type":"ListItem","position":2,"name":"Contact &amp; Devis"}]},{"@type":"WebSite","@id":"https:\/\/www.mt-bungalow.fr\/#website","url":"https:\/\/www.mt-bungalow.fr\/","name":"MT Bungalow","description":"","potentialAction":[{"@type":"SearchAction","target":{"@type":"EntryPoint","urlTemplate":"https:\/\/www.mt-bungalow.fr\/?s={search_term_string}"},"query-input":{"@type":"PropertyValueSpecification","valueRequired":true,"valueName":"search_term_string"}}],"inLanguage":"es"}]}},"_links":{"self":[{"href":"https:\/\/www.mt-bungalow.fr\/es\/wp-json\/wp\/v2\/pages\/99","targetHints":{"allow":["GET"]}}],"collection":[{"href":"https:\/\/www.mt-bungalow.fr\/es\/wp-json\/wp\/v2\/pages"}],"about":[{"href":"https:\/\/www.mt-bungalow.fr\/es\/wp-json\/wp\/v2\/types\/page"}],"author":[{"embeddable":true,"href":"https:\/\/www.mt-bungalow.fr\/es\/wp-json\/wp\/v2\/users\/1"}],"replies":[{"embeddable":true,"href":"https:\/\/www.mt-bungalow.fr\/es\/wp-json\/wp\/v2\/comments?post=99"}],"version-history":[{"count":11,"href":"https:\/\/www.mt-bungalow.fr\/es\/wp-json\/wp\/v2\/pages\/99\/revisions"}],"predecessor-version":[{"id":2465,"href":"https:\/\/www.mt-bungalow.fr\/es\/wp-json\/wp\/v2\/pages\/99\/revisions\/2465"}],"wp:attachment":[{"href":"https:\/\/www.mt-bungalow.fr\/es\/wp-json\/wp\/v2\/media?parent=99"}],"curies":[{"name":"wp","href":"https:\/\/api.w.org\/{rel}","templated":true}]}}