{"id":93,"date":"2025-03-17T12:49:45","date_gmt":"2025-03-17T11:49:45","guid":{"rendered":"https:\/\/www.mt-bungalow.fr\/?page_id=93"},"modified":"2025-06-19T09:26:50","modified_gmt":"2025-06-19T07:26:50","slug":"quienes-somos","status":"publish","type":"page","link":"https:\/\/www.mt-bungalow.fr\/es\/quienes-somos\/","title":{"rendered":"\u00bfQuienes somos?"},"content":{"rendered":"","protected":false},"excerpt":{"rendered":"","protected":false},"author":1,"featured_media":0,"parent":0,"menu_order":0,"comment_status":"closed","ping_status":"closed","template":"","meta":{"_acf_changed":false,"footnotes":""},"class_list":["post-93","page","type-page","status-publish","hentry"],"acf":[],"yoast_head":"<!-- This site is optimized with the Yoast SEO plugin v26.2 - https:\/\/yoast.com\/wordpress\/plugins\/seo\/ -->\n<title>Qui Sommes-Nous ? \u2013 Sp\u00e9cialiste du Modulaire depuis 2009 - MT Bungalow<\/title>\n<meta name=\"description\" content=\"D\u00e9couvrez l\u2019histoire, les valeurs et l\u2019expertise de Module T, fabricant de solutions modulaires pour le chantier, l\u2019industrie et les collectivit\u00e9s depuis plus de 15 ans.\" \/>\n<meta name=\"robots\" content=\"index, follow, max-snippet:-1, max-image-preview:large, max-video-preview:-1\" \/>\n<link rel=\"canonical\" href=\"https:\/\/www.mt-bungalow.fr\/es\/quienes-somos\/\" \/>\n<meta property=\"og:locale\" content=\"es_ES\" \/>\n<meta property=\"og:type\" content=\"article\" \/>\n<meta property=\"og:title\" content=\"Qui Sommes-Nous ? \u2013 Sp\u00e9cialiste du Modulaire depuis 2009 - MT Bungalow\" \/>\n<meta property=\"og:description\" content=\"D\u00e9couvrez l\u2019histoire, les valeurs et l\u2019expertise de Module T, fabricant de solutions modulaires pour le chantier, l\u2019industrie et les collectivit\u00e9s depuis plus de 15 ans.\" \/>\n<meta property=\"og:url\" content=\"https:\/\/www.mt-bungalow.fr\/es\/quienes-somos\/\" \/>\n<meta property=\"og:site_name\" content=\"MT Bungalow\" \/>\n<meta property=\"article:modified_time\" content=\"2025-06-19T07:26:50+00:00\" \/>\n<meta name=\"twitter:card\" content=\"summary_large_image\" \/>\n<meta name=\"twitter:label1\" content=\"Tiempo de lectura\" \/>\n\t<meta name=\"twitter:data1\" content=\"6 minutos\" \/>\n<script type=\"application\/ld+json\" class=\"yoast-schema-graph\">{\"@context\":\"https:\/\/schema.org\",\"@graph\":[{\"@type\":\"WebPage\",\"@id\":\"https:\/\/www.mt-bungalow.fr\/qui-sommes-nous\/\",\"url\":\"https:\/\/www.mt-bungalow.fr\/qui-sommes-nous\/\",\"name\":\"Qui Sommes-Nous ? \u2013 Sp\u00e9cialiste du Modulaire depuis 2009 - MT Bungalow\",\"isPartOf\":{\"@id\":\"https:\/\/www.mt-bungalow.fr\/#website\"},\"datePublished\":\"2025-03-17T11:49:45+00:00\",\"dateModified\":\"2025-06-19T07:26:50+00:00\",\"description\":\"D\u00e9couvrez l\u2019histoire, les valeurs et l\u2019expertise de Module T, fabricant de solutions modulaires pour le chantier, l\u2019industrie et les collectivit\u00e9s depuis plus de 15 ans.\",\"breadcrumb\":{\"@id\":\"https:\/\/www.mt-bungalow.fr\/qui-sommes-nous\/#breadcrumb\"},\"inLanguage\":\"es\",\"potentialAction\":[{\"@type\":\"ReadAction\",\"target\":[\"https:\/\/www.mt-bungalow.fr\/qui-sommes-nous\/\"]}]},{\"@type\":\"BreadcrumbList\",\"@id\":\"https:\/\/www.mt-bungalow.fr\/qui-sommes-nous\/#breadcrumb\",\"itemListElement\":[{\"@type\":\"ListItem\",\"position\":1,\"name\":\"Accueil\",\"item\":\"https:\/\/www.mt-bungalow.fr\/\"},{\"@type\":\"ListItem\",\"position\":2,\"name\":\"Qui sommes-nous ?\"}]},{\"@type\":\"WebSite\",\"@id\":\"https:\/\/www.mt-bungalow.fr\/#website\",\"url\":\"https:\/\/www.mt-bungalow.fr\/\",\"name\":\"MT Bungalow\",\"description\":\"\",\"potentialAction\":[{\"@type\":\"SearchAction\",\"target\":{\"@type\":\"EntryPoint\",\"urlTemplate\":\"https:\/\/www.mt-bungalow.fr\/?s={search_term_string}\"},\"query-input\":{\"@type\":\"PropertyValueSpecification\",\"valueRequired\":true,\"valueName\":\"search_term_string\"}}],\"inLanguage\":\"es\"}]}<\/script>\n<!-- \/ Yoast SEO plugin. -->","yoast_head_json":{"title":"\u00bfQuienes somos? \u2013 Especialista en m\u00f3dulos desde 2009 - MT Bungalow","description":"Descubra la historia, los valores y la experiencia de Module T, fabricante de soluciones modulares para sitios de construcci\u00f3n, industria y comunidades desde hace m\u00e1s de 15 a\u00f1os.","robots":{"index":"index","follow":"follow","max-snippet":"max-snippet:-1","max-image-preview":"max-image-preview:large","max-video-preview":"max-video-preview:-1"},"canonical":"https:\/\/www.mt-bungalow.fr\/es\/quienes-somos\/","og_locale":"es_ES","og_type":"article","og_title":"Qui Sommes-Nous ? \u2013 Sp\u00e9cialiste du Modulaire depuis 2009 - MT Bungalow","og_description":"D\u00e9couvrez l\u2019histoire, les valeurs et l\u2019expertise de Module T, fabricant de solutions modulaires pour le chantier, l\u2019industrie et les collectivit\u00e9s depuis plus de 15 ans.","og_url":"https:\/\/www.mt-bungalow.fr\/es\/quienes-somos\/","og_site_name":"MT Bungalow","article_modified_time":"2025-06-19T07:26:50+00:00","twitter_card":"summary_large_image","twitter_misc":{"Tiempo de lectura":"6 minutos"},"schema":{"@context":"https:\/\/schema.org","@graph":[{"@type":"WebPage","@id":"https:\/\/www.mt-bungalow.fr\/qui-sommes-nous\/","url":"https:\/\/www.mt-bungalow.fr\/qui-sommes-nous\/","name":"\u00bfQuienes somos? \u2013 Especialista en m\u00f3dulos desde 2009 - MT Bungalow","isPartOf":{"@id":"https:\/\/www.mt-bungalow.fr\/#website"},"datePublished":"2025-03-17T11:49:45+00:00","dateModified":"2025-06-19T07:26:50+00:00","description":"Descubra la historia, los valores y la experiencia de Module T, fabricante de soluciones modulares para sitios de construcci\u00f3n, industria y comunidades desde hace m\u00e1s de 15 a\u00f1os.","breadcrumb":{"@id":"https:\/\/www.mt-bungalow.fr\/qui-sommes-nous\/#breadcrumb"},"inLanguage":"es","potentialAction":[{"@type":"ReadAction","target":["https:\/\/www.mt-bungalow.fr\/qui-sommes-nous\/"]}]},{"@type":"BreadcrumbList","@id":"https:\/\/www.mt-bungalow.fr\/qui-sommes-nous\/#breadcrumb","itemListElement":[{"@type":"ListItem","position":1,"name":"Accueil","item":"https:\/\/www.mt-bungalow.fr\/"},{"@type":"ListItem","position":2,"name":"Qui sommes-nous ?"}]},{"@type":"WebSite","@id":"https:\/\/www.mt-bungalow.fr\/#website","url":"https:\/\/www.mt-bungalow.fr\/","name":"MT Bungalow","description":"","potentialAction":[{"@type":"SearchAction","target":{"@type":"EntryPoint","urlTemplate":"https:\/\/www.mt-bungalow.fr\/?s={search_term_string}"},"query-input":{"@type":"PropertyValueSpecification","valueRequired":true,"valueName":"search_term_string"}}],"inLanguage":"es"}]}},"_links":{"self":[{"href":"https:\/\/www.mt-bungalow.fr\/es\/wp-json\/wp\/v2\/pages\/93","targetHints":{"allow":["GET"]}}],"collection":[{"href":"https:\/\/www.mt-bungalow.fr\/es\/wp-json\/wp\/v2\/pages"}],"about":[{"href":"https:\/\/www.mt-bungalow.fr\/es\/wp-json\/wp\/v2\/types\/page"}],"author":[{"embeddable":true,"href":"https:\/\/www.mt-bungalow.fr\/es\/wp-json\/wp\/v2\/users\/1"}],"replies":[{"embeddable":true,"href":"https:\/\/www.mt-bungalow.fr\/es\/wp-json\/wp\/v2\/comments?post=93"}],"version-history":[{"count":31,"href":"https:\/\/www.mt-bungalow.fr\/es\/wp-json\/wp\/v2\/pages\/93\/revisions"}],"predecessor-version":[{"id":1896,"href":"https:\/\/www.mt-bungalow.fr\/es\/wp-json\/wp\/v2\/pages\/93\/revisions\/1896"}],"wp:attachment":[{"href":"https:\/\/www.mt-bungalow.fr\/es\/wp-json\/wp\/v2\/media?parent=93"}],"curies":[{"name":"wp","href":"https:\/\/api.w.org\/{rel}","templated":true}]}}