{"id":862,"date":"2025-04-09T10:33:45","date_gmt":"2025-04-09T08:33:45","guid":{"rendered":"https:\/\/www.mt-bungalow.fr\/?page_id=862"},"modified":"2025-05-19T17:18:32","modified_gmt":"2025-05-19T15:18:32","slug":"avisos-legales","status":"publish","type":"page","link":"https:\/\/www.mt-bungalow.fr\/es\/avisos-legales\/","title":{"rendered":"Avisos legales"},"content":{"rendered":"<h1 class=\"wp-block-heading\"><strong>AVISOS LEGALES<\/strong><\/h1>\n\n\n\n<p><\/p>\n\n\n\n<p>Editor \/ Director de Publicaciones<\/p>\n\n\n\n<p>M\u00d3DULO T<\/p>\n\n\n\n<p>6, calle Ren\u00e9 Cassin&nbsp;<br>09300 Lavelanet&nbsp;<\/p>\n\n\n\n<p>Tel\u00e9fono:&nbsp;<strong>07 61 92 52 73<\/strong><\/p>\n\n\n\n<p>Correo electr\u00f3nico: contact@bungalow-module-t.fr<\/p>\n\n\n\n<p><strong>Proveedor de alojamiento<\/strong><\/p>\n\n\n\n<p><strong>OVH<\/strong><br><strong>2, calle Kellermann<br>59100 Roubaix<\/strong><br>Tel\u00e9fono: 1007<\/p>\n\n\n\n<p>\u200b<\/p>\n\n\n\n<p><strong>INFORM\u00c1TICA Y LIBERTAD<\/strong><\/p>\n\n\n\n<p>Los datos personales recogidos en el sitio no ser\u00e1n en ning\u00fan caso cedidos a terceros, ni vendidos, ni alquilados, ni prestados. A la luz de las disposiciones del Reglamento General de Protecci\u00f3n de Datos (RGPD) que entr\u00f3 en vigor el 25 de mayo de 2018, los sitios web ya no est\u00e1n sujetos a una declaraci\u00f3n ante la Comisi\u00f3n Nacional de Inform\u00e1tica y Libertades (www.cnil.fr). Se informa al usuario que la informaci\u00f3n que comunica a trav\u00e9s de los formularios del sitio es necesaria para responder a su solicitud y est\u00e1 destinada al editor del sitio.<\/p>\n\n\n\n<p>De acuerdo con la ley, usted tiene derecho a acceder y rectificar la informaci\u00f3n que le concierne, as\u00ed como el derecho a oponerse al tratamiento de sus datos por motivos leg\u00edtimos. Podr\u00e1s ejercer todos estos derechos ante el editor del sitio.<\/p>\n\n\n\n<p>Ning\u00fan dato personal del usuario del sitio es publicado sin su conocimiento, intercambiado, transferido, cedido o vendido en ning\u00fan medio a terceros.<\/p>\n\n\n\n<p>\u200b<\/p>\n\n\n\n<p><strong>PROPIEDAD INTELECTUAL<\/strong><\/p>\n\n\n\n<p>La estructura general as\u00ed como los textos, im\u00e1genes y v\u00eddeos, su know-how y todos los dem\u00e1s elementos que componen el sitio son propiedad exclusiva del editor del sitio, salvo que se indique lo contrario.<\/p>\n\n\n\n<p>Cualquier representaci\u00f3n total o parcial de este sitio por cualquier persona, sin la autorizaci\u00f3n expresa del editor, est\u00e1 prohibida y constituir\u00eda una infracci\u00f3n sancionada por los art\u00edculos L. 335-2 y siguientes. del C\u00f3digo de Propiedad Intelectual. Dicho esto, de conformidad con el art\u00edculo L. 122-5 del C\u00f3digo de la Propiedad Intelectual, se autorizan las citas breves del contenido, siempre que se indique claramente el nombre del autor y la fuente, mediante un enlace a una de las p\u00e1ginas de este sitio web.<\/p>\n\n\n\n<p>\u200b<\/p>\n\n\n\n<p><strong>AN\u00c1LISIS DE TR\u00c1FICO<\/strong><\/p>\n\n\n\n<p>Este sitio web utiliza Google Analytics, un servicio de an\u00e1lisis web proporcionado por Google. Google Analytics utiliza cookies, que son archivos de texto ubicados en su ordenador, para ayudar al sitio web a analizar el uso que hacen los usuarios del sitio. Los datos generados por la cookie acerca de su uso del sitio web (incluyendo su direcci\u00f3n IP) ser\u00e1n directamente transmitidos y archivados por Google en servidores de Estados Unidos. Google utiliza esta informaci\u00f3n con el prop\u00f3sito de evaluar el uso del sitio por parte de sus visitantes, recopilar informes sobre la actividad del sitio para su editor y prestar otros servicios relacionados con la actividad del sitio y el uso de Internet. Google tambi\u00e9n podr\u00e1 transferir estos datos a terceros cuando as\u00ed lo exija la ley o cuando dichos terceros procesen estos datos por cuenta de Google, incluido en particular el editor de este sitio. Google promete nunca asociar su direcci\u00f3n IP con ning\u00fan otro dato del que disponga Google. Puede desactivar el uso de cookies seleccionando la configuraci\u00f3n apropiada en su navegador. Sin embargo, dicha desactivaci\u00f3n puede impedir el uso de ciertas funcionalidades de este sitio. Al utilizar este sitio web, usted consiente el tratamiento de datos acerca de usted por parte de Google en la forma y para los fines arriba indicados.<\/p>\n\n\n\n<p>\u200b<\/p>\n\n\n\n<p><strong>USO DE COOKIES<\/strong><\/p>\n\n\n\n<p>Utilizamos cookies para proporcionar los servicios y funcionalidades ofrecidos en nuestro sitio y para mejorar la experiencia de nuestros usuarios. Las cookies son fragmentos de datos que se descargan o almacenan en su computadora u otro dispositivo.<\/p>\n\n\n\n<p>Al continuar con la navegaci\u00f3n entendemos que se acepta el dep\u00f3sito y uso de cookies.<\/p>\n\n\n\n<p>Tienes la opci\u00f3n de configurar tu navegador para aceptar todas las cookies, rechazar todas las cookies, informarte cuando se emite una cookie, su periodo de validez y su contenido, as\u00ed como permitirte rechazar su registro en tu terminal y eliminar tus cookies peri\u00f3dicamente. Puede configurar su navegador de Internet para desactivar las cookies. Sin embargo, tenga en cuenta que si desactiva las cookies, su nombre de usuario y contrase\u00f1a ya no se guardar\u00e1n en ning\u00fan sitio web.<\/p>\n\n\n\n<p>Para obtener m\u00e1s informaci\u00f3n sobre c\u00f3mo eliminar y controlar las cookies almacenadas en su computadora, visite:&nbsp;<a href=\"http:\/\/www.allaboutcookies.org\/fr\/\" target=\"_blank\" rel=\"noreferrer noopener\">http:\/\/www.allaboutcookies.org\/fr\/<\/a><\/p>\n\n\n\n<p>\u200b<\/p>\n\n\n\n<p><strong>\u00bfC\u00f3mo configurar tu navegador?<\/strong><\/p>\n\n\n\n<ul class=\"wp-block-list\">\n<li><strong>Firefox:<\/strong>\n<ul class=\"wp-block-list\">\n<li>1. Abra Firefox<\/li>\n\n\n\n<li>2. Presione la tecla \u201cAlt\u201d<\/li>\n\n\n\n<li>3. En el men\u00fa de la parte superior de la p\u00e1gina, haga clic en \u201cHerramientas\u201d y luego en \u201cOpciones\u201d.<\/li>\n\n\n\n<li>4. Seleccione la pesta\u00f1a \u201cPrivacidad\u201d<\/li>\n\n\n\n<li>5. En el men\u00fa desplegable a la derecha de &quot;Reglas de retenci\u00f3n&quot;, haga clic en &quot;Usar configuraci\u00f3n personalizada para el historial&quot;.<\/li>\n\n\n\n<li>6. Un poco m\u00e1s abajo, desmarca la opci\u00f3n \u201cAceptar cookies\u201d.<\/li>\n\n\n\n<li>7. Guarde sus preferencias haciendo clic en \u201cAceptar\u201d.<\/li>\n<\/ul>\n<\/li>\n<\/ul>\n\n\n\n<p>\u200b<\/p>\n\n\n\n<ul class=\"wp-block-list\">\n<li><strong>Explorador de Internet:<\/strong>\n<ul class=\"wp-block-list\">\n<li>1. Abra Internet Explorer<\/li>\n\n\n\n<li>2. En el men\u00fa \u201cHerramientas\u201d, seleccione \u201cOpciones de Internet\u201d.<\/li>\n\n\n\n<li>3. Haga clic en la pesta\u00f1a \u00abPrivacidad\u00bb.<\/li>\n\n\n\n<li>4. Haga clic en \u201cAvanzado\u201d y desmarque \u201cAceptar\u201d.<\/li>\n\n\n\n<li>5. Guarde sus preferencias haciendo clic en \u201cAceptar\u201d.<\/li>\n<\/ul>\n<\/li>\n<\/ul>\n\n\n\n<p>\u200b<\/p>\n\n\n\n<ul class=\"wp-block-list\">\n<li><strong>Google Chrome:<\/strong>\n<ul class=\"wp-block-list\">\n<li>1. Abra Google Chrome<\/li>\n\n\n\n<li>2. Haga clic en el icono de herramientas en la barra de men\u00fa.<\/li>\n\n\n\n<li>3. Seleccione \u201cOpciones\u201d<\/li>\n\n\n\n<li>4. Haga clic en la pesta\u00f1a \u201cOpciones avanzadas\u201d.<\/li>\n\n\n\n<li>5. En el men\u00fa desplegable \u00abConfiguraci\u00f3n de cookies\u00bb, seleccione \u00abBloquear todas las cookies\u00bb.<\/li>\n<\/ul>\n<\/li>\n<\/ul>\n\n\n\n<p>\u200b<\/p>\n\n\n\n<ul class=\"wp-block-list\">\n<li><strong>Safari:<\/strong>\n<ul class=\"wp-block-list\">\n<li>1. Abra Safari<\/li>\n\n\n\n<li>2. En la barra de men\u00fa superior, haga clic en \u201cSafari\u201d y luego en \u201cPreferencias\u201d.<\/li>\n\n\n\n<li>3. Seleccione el icono \u201cSeguridad\u201d<\/li>\n\n\n\n<li>4. Junto a \u201cAceptar cookies\u201d, marca \u201cNunca\u201d.<\/li>\n\n\n\n<li>5. Si desea ver las cookies que ya est\u00e1n guardadas en su ordenador, haga clic en \u00abMostrar cookies\u00bb.<\/li>\n<\/ul>\n<\/li>\n<\/ul>\n\n\n\n<p>\u200b<\/p>\n\n\n\n<p><strong>RESPONSABILIDAD<\/strong><\/p>\n\n\n\n<p>Laure Darcel declina toda responsabilidad por cualquier mal funcionamiento que pueda producirse en el sitio y que pueda provocar una p\u00e9rdida de datos o la imposibilidad de acceder a la informaci\u00f3n producida en \u00e9l. No puede garantizar la integridad y veracidad de la informaci\u00f3n presente en el sitio as\u00ed como la ausencia de modificaci\u00f3n por parte de un tercero (intrusi\u00f3n, virus). El usuario de Internet es el \u00fanico responsable del uso que haga del contenido del sitio.<\/p>\n\n\n\n<p>Los elementos presentados en el sitio est\u00e1n sujetos a modificaciones sin previo aviso y se ponen a disposici\u00f3n de los usuarios de Internet sin garant\u00eda de ning\u00fan tipo, expresa o impl\u00edcita.<\/p>\n\n\n\n<p>La presencia de enlaces de hipertexto en el sitio no crea una solidaridad de responsabilidad entre&nbsp;<a href=\"https:\/\/www.bungalow-module-t.fr\/\">https:\/\/www.bungalow-module-t.fr\/<\/a>y los propietarios de otros sitios, en cuanto al contenido de los sitios a los que es redirigido el usuario de Internet.<\/p>","protected":false},"excerpt":{"rendered":"<p>AVISO LEGAL Editor \/ Director de la publicaci\u00f3n MODULE T 6, rue Ren\u00e9 Cassin 09300 Lavelanet Tel.: 07 61 92 52 73 Correo electr\u00f3nico: contact@bungalow-module-t.fr Proveedor de alojamiento OVH 2, rue Kellermann 59100 Roubaix Tel\u00e9fono: 1007 COMPUTERS &amp; FREEDOM Los datos personales recopilados en el sitio no se difundir\u00e1n en ning\u00fan caso a terceros, ni se vender\u00e1n, ni se alquilar\u00e1n, [\u2026]<\/p>","protected":false},"author":1,"featured_media":0,"parent":0,"menu_order":0,"comment_status":"closed","ping_status":"closed","template":"page-templates\/page-blank-container.php","meta":{"_acf_changed":false,"footnotes":""},"class_list":["post-862","page","type-page","status-publish","hentry"],"acf":[],"yoast_head":"<!-- This site is optimized with the Yoast SEO plugin v26.2 - https:\/\/yoast.com\/wordpress\/plugins\/seo\/ -->\n<title>Mentions L\u00e9gales \u2013 Informations L\u00e9gales &amp; Responsabilit\u00e9 | MT Bungalow<\/title>\n<meta name=\"description\" content=\"Consultez les mentions l\u00e9gales du site Module T : \u00e9diteur, h\u00e9bergeur, propri\u00e9t\u00e9 intellectuelle et conditions d\u2019utilisation du site.\" \/>\n<meta name=\"robots\" content=\"index, follow, max-snippet:-1, max-image-preview:large, max-video-preview:-1\" \/>\n<link rel=\"canonical\" href=\"https:\/\/www.mt-bungalow.fr\/es\/avisos-legales\/\" \/>\n<meta property=\"og:locale\" content=\"es_ES\" \/>\n<meta property=\"og:type\" content=\"article\" \/>\n<meta property=\"og:title\" content=\"Mentions L\u00e9gales \u2013 Informations L\u00e9gales &amp; Responsabilit\u00e9 | MT Bungalow\" \/>\n<meta property=\"og:description\" content=\"Consultez les mentions l\u00e9gales du site Module T : \u00e9diteur, h\u00e9bergeur, propri\u00e9t\u00e9 intellectuelle et conditions d\u2019utilisation du site.\" \/>\n<meta property=\"og:url\" content=\"https:\/\/www.mt-bungalow.fr\/es\/avisos-legales\/\" \/>\n<meta property=\"og:site_name\" content=\"MT Bungalow\" \/>\n<meta property=\"article:modified_time\" content=\"2025-05-19T15:18:32+00:00\" \/>\n<meta name=\"twitter:card\" content=\"summary_large_image\" \/>\n<meta name=\"twitter:label1\" content=\"Tiempo de lectura\" \/>\n\t<meta name=\"twitter:data1\" content=\"6 minutos\" \/>\n<script type=\"application\/ld+json\" class=\"yoast-schema-graph\">{\"@context\":\"https:\/\/schema.org\",\"@graph\":[{\"@type\":\"WebPage\",\"@id\":\"https:\/\/www.mt-bungalow.fr\/mentions-legales\/\",\"url\":\"https:\/\/www.mt-bungalow.fr\/mentions-legales\/\",\"name\":\"Mentions L\u00e9gales \u2013 Informations L\u00e9gales & Responsabilit\u00e9 | MT Bungalow\",\"isPartOf\":{\"@id\":\"https:\/\/www.mt-bungalow.fr\/#website\"},\"datePublished\":\"2025-04-09T08:33:45+00:00\",\"dateModified\":\"2025-05-19T15:18:32+00:00\",\"description\":\"Consultez les mentions l\u00e9gales du site Module T : \u00e9diteur, h\u00e9bergeur, propri\u00e9t\u00e9 intellectuelle et conditions d\u2019utilisation du site.\",\"breadcrumb\":{\"@id\":\"https:\/\/www.mt-bungalow.fr\/mentions-legales\/#breadcrumb\"},\"inLanguage\":\"es\",\"potentialAction\":[{\"@type\":\"ReadAction\",\"target\":[\"https:\/\/www.mt-bungalow.fr\/mentions-legales\/\"]}]},{\"@type\":\"BreadcrumbList\",\"@id\":\"https:\/\/www.mt-bungalow.fr\/mentions-legales\/#breadcrumb\",\"itemListElement\":[{\"@type\":\"ListItem\",\"position\":1,\"name\":\"Accueil\",\"item\":\"https:\/\/www.mt-bungalow.fr\/\"},{\"@type\":\"ListItem\",\"position\":2,\"name\":\"Mentions l\u00e9gales\"}]},{\"@type\":\"WebSite\",\"@id\":\"https:\/\/www.mt-bungalow.fr\/#website\",\"url\":\"https:\/\/www.mt-bungalow.fr\/\",\"name\":\"MT Bungalow\",\"description\":\"\",\"potentialAction\":[{\"@type\":\"SearchAction\",\"target\":{\"@type\":\"EntryPoint\",\"urlTemplate\":\"https:\/\/www.mt-bungalow.fr\/?s={search_term_string}\"},\"query-input\":{\"@type\":\"PropertyValueSpecification\",\"valueRequired\":true,\"valueName\":\"search_term_string\"}}],\"inLanguage\":\"es\"}]}<\/script>\n<!-- \/ Yoast SEO plugin. -->","yoast_head_json":{"title":"Avisos legales \u2013 Informaci\u00f3n legal y responsabilidad | Bungalow MT","description":"Consulte los avisos legales del sitio M\u00f3dulo T: editor, anfitri\u00f3n, propiedad intelectual y condiciones de uso del sitio.","robots":{"index":"index","follow":"follow","max-snippet":"max-snippet:-1","max-image-preview":"max-image-preview:large","max-video-preview":"max-video-preview:-1"},"canonical":"https:\/\/www.mt-bungalow.fr\/es\/avisos-legales\/","og_locale":"es_ES","og_type":"article","og_title":"Mentions L\u00e9gales \u2013 Informations L\u00e9gales & Responsabilit\u00e9 | MT Bungalow","og_description":"Consultez les mentions l\u00e9gales du site Module T : \u00e9diteur, h\u00e9bergeur, propri\u00e9t\u00e9 intellectuelle et conditions d\u2019utilisation du site.","og_url":"https:\/\/www.mt-bungalow.fr\/es\/avisos-legales\/","og_site_name":"MT Bungalow","article_modified_time":"2025-05-19T15:18:32+00:00","twitter_card":"summary_large_image","twitter_misc":{"Tiempo de lectura":"6 minutos"},"schema":{"@context":"https:\/\/schema.org","@graph":[{"@type":"WebPage","@id":"https:\/\/www.mt-bungalow.fr\/mentions-legales\/","url":"https:\/\/www.mt-bungalow.fr\/mentions-legales\/","name":"Avisos legales \u2013 Informaci\u00f3n legal y responsabilidad | Bungalow MT","isPartOf":{"@id":"https:\/\/www.mt-bungalow.fr\/#website"},"datePublished":"2025-04-09T08:33:45+00:00","dateModified":"2025-05-19T15:18:32+00:00","description":"Consulte los avisos legales del sitio M\u00f3dulo T: editor, anfitri\u00f3n, propiedad intelectual y condiciones de uso del sitio.","breadcrumb":{"@id":"https:\/\/www.mt-bungalow.fr\/mentions-legales\/#breadcrumb"},"inLanguage":"es","potentialAction":[{"@type":"ReadAction","target":["https:\/\/www.mt-bungalow.fr\/mentions-legales\/"]}]},{"@type":"BreadcrumbList","@id":"https:\/\/www.mt-bungalow.fr\/mentions-legales\/#breadcrumb","itemListElement":[{"@type":"ListItem","position":1,"name":"Accueil","item":"https:\/\/www.mt-bungalow.fr\/"},{"@type":"ListItem","position":2,"name":"Mentions l\u00e9gales"}]},{"@type":"WebSite","@id":"https:\/\/www.mt-bungalow.fr\/#website","url":"https:\/\/www.mt-bungalow.fr\/","name":"MT Bungalow","description":"","potentialAction":[{"@type":"SearchAction","target":{"@type":"EntryPoint","urlTemplate":"https:\/\/www.mt-bungalow.fr\/?s={search_term_string}"},"query-input":{"@type":"PropertyValueSpecification","valueRequired":true,"valueName":"search_term_string"}}],"inLanguage":"es"}]}},"_links":{"self":[{"href":"https:\/\/www.mt-bungalow.fr\/es\/wp-json\/wp\/v2\/pages\/862","targetHints":{"allow":["GET"]}}],"collection":[{"href":"https:\/\/www.mt-bungalow.fr\/es\/wp-json\/wp\/v2\/pages"}],"about":[{"href":"https:\/\/www.mt-bungalow.fr\/es\/wp-json\/wp\/v2\/types\/page"}],"author":[{"embeddable":true,"href":"https:\/\/www.mt-bungalow.fr\/es\/wp-json\/wp\/v2\/users\/1"}],"replies":[{"embeddable":true,"href":"https:\/\/www.mt-bungalow.fr\/es\/wp-json\/wp\/v2\/comments?post=862"}],"version-history":[{"count":4,"href":"https:\/\/www.mt-bungalow.fr\/es\/wp-json\/wp\/v2\/pages\/862\/revisions"}],"predecessor-version":[{"id":1488,"href":"https:\/\/www.mt-bungalow.fr\/es\/wp-json\/wp\/v2\/pages\/862\/revisions\/1488"}],"wp:attachment":[{"href":"https:\/\/www.mt-bungalow.fr\/es\/wp-json\/wp\/v2\/media?parent=862"}],"curies":[{"name":"wp","href":"https:\/\/api.w.org\/{rel}","templated":true}]}}