{"id":723,"date":"2025-04-04T09:57:47","date_gmt":"2025-04-04T07:57:47","guid":{"rendered":"https:\/\/www.mt-bungalow.fr\/?page_id=723"},"modified":"2025-04-23T12:34:57","modified_gmt":"2025-04-23T10:34:57","slug":"casetas-de-vigilancia","status":"publish","type":"page","link":"https:\/\/www.mt-bungalow.fr\/es\/sectores\/construccion\/casetas-especiales-para-obras\/casetas-de-vigilancia\/","title":{"rendered":"Casetas de vigilancia"},"content":{"rendered":"","protected":false},"excerpt":{"rendered":"<p>\u00c9l\u00e9ment indispensable pour le contr\u00f4le d\u2019acc\u00e8s et la surveillance de site, la gu\u00e9rite modulaire offre un espace compact et s\u00e9curis\u00e9 pour vos agents de s\u00e9curit\u00e9. Nos gu\u00e9rites sont isol\u00e9es, \u00e9quip\u00e9es de baies vitr\u00e9es, de chauffage\/climatisation, et peuvent int\u00e9grer des options comme la vid\u00e9osurveillance ou un syst\u00e8me d\u2019alerte<\/p>","protected":false},"author":1,"featured_media":760,"parent":686,"menu_order":0,"comment_status":"closed","ping_status":"closed","template":"modele-expertise.php","meta":{"_acf_changed":false,"footnotes":""},"class_list":["post-723","page","type-page","status-publish","has-post-thumbnail","hentry"],"acf":[],"yoast_head":"<!-- This site is optimized with the Yoast SEO plugin v26.2 - https:\/\/yoast.com\/wordpress\/plugins\/seo\/ -->\n<title>Gu\u00e9rite de gardiennage - S\u00e9curit\u00e9 &amp; Mobilit\u00e9 | MT Bungalow<\/title>\n<meta name=\"description\" content=\"Module T propose des gu\u00e9rites de gardiennage adaptable, s\u00e9curis\u00e9es et faciles \u00e0 d\u00e9placer. Id\u00e9ales pour le contr\u00f4le d\u2019acc\u00e8s sur tous types de chantiers ou sites sensibles.\" \/>\n<meta name=\"robots\" content=\"index, follow, max-snippet:-1, max-image-preview:large, max-video-preview:-1\" \/>\n<link rel=\"canonical\" href=\"https:\/\/www.mt-bungalow.fr\/es\/sectores\/construccion\/casetas-especiales-para-obras\/casetas-de-vigilancia\/\" \/>\n<meta property=\"og:locale\" content=\"es_ES\" \/>\n<meta property=\"og:type\" content=\"article\" \/>\n<meta property=\"og:title\" content=\"Gu\u00e9rite de gardiennage - S\u00e9curit\u00e9 &amp; Mobilit\u00e9 | MT Bungalow\" \/>\n<meta property=\"og:description\" content=\"Module T propose des gu\u00e9rites de gardiennage adaptable, s\u00e9curis\u00e9es et faciles \u00e0 d\u00e9placer. Id\u00e9ales pour le contr\u00f4le d\u2019acc\u00e8s sur tous types de chantiers ou sites sensibles.\" \/>\n<meta property=\"og:url\" content=\"https:\/\/www.mt-bungalow.fr\/es\/sectores\/construccion\/casetas-especiales-para-obras\/casetas-de-vigilancia\/\" \/>\n<meta property=\"og:site_name\" content=\"MT Bungalow\" \/>\n<meta property=\"article:modified_time\" content=\"2025-04-23T10:34:57+00:00\" \/>\n<meta property=\"og:image\" content=\"https:\/\/www.mt-bungalow.fr\/wp-content\/uploads\/2025\/04\/ABRI-DE-CHANTIER-02.webp\" \/>\n\t<meta property=\"og:image:width\" content=\"1000\" \/>\n\t<meta property=\"og:image:height\" content=\"1190\" \/>\n\t<meta property=\"og:image:type\" content=\"image\/jpeg\" \/>\n<meta name=\"twitter:card\" content=\"summary_large_image\" \/>\n<meta name=\"twitter:label1\" content=\"Tiempo de lectura\" \/>\n\t<meta name=\"twitter:data1\" content=\"1 minuto\" \/>\n<script type=\"application\/ld+json\" class=\"yoast-schema-graph\">{\"@context\":\"https:\/\/schema.org\",\"@graph\":[{\"@type\":\"WebPage\",\"@id\":\"https:\/\/www.mt-bungalow.fr\/expertises\/btp-chantiers\/module-de-chantier-specifiques\/guerite-de-gardiennage\/\",\"url\":\"https:\/\/www.mt-bungalow.fr\/expertises\/btp-chantiers\/module-de-chantier-specifiques\/guerite-de-gardiennage\/\",\"name\":\"Gu\u00e9rite de gardiennage - S\u00e9curit\u00e9 & Mobilit\u00e9 | MT Bungalow\",\"isPartOf\":{\"@id\":\"https:\/\/www.mt-bungalow.fr\/#website\"},\"primaryImageOfPage\":{\"@id\":\"https:\/\/www.mt-bungalow.fr\/expertises\/btp-chantiers\/module-de-chantier-specifiques\/guerite-de-gardiennage\/#primaryimage\"},\"image\":{\"@id\":\"https:\/\/www.mt-bungalow.fr\/expertises\/btp-chantiers\/module-de-chantier-specifiques\/guerite-de-gardiennage\/#primaryimage\"},\"thumbnailUrl\":\"https:\/\/www.mt-bungalow.fr\/wp-content\/uploads\/2025\/04\/ABRI-DE-CHANTIER-02.webp\",\"datePublished\":\"2025-04-04T07:57:47+00:00\",\"dateModified\":\"2025-04-23T10:34:57+00:00\",\"description\":\"Module T propose des gu\u00e9rites de gardiennage adaptable, s\u00e9curis\u00e9es et faciles \u00e0 d\u00e9placer. Id\u00e9ales pour le contr\u00f4le d\u2019acc\u00e8s sur tous types de chantiers ou sites sensibles.\",\"breadcrumb\":{\"@id\":\"https:\/\/www.mt-bungalow.fr\/expertises\/btp-chantiers\/module-de-chantier-specifiques\/guerite-de-gardiennage\/#breadcrumb\"},\"inLanguage\":\"es\",\"potentialAction\":[{\"@type\":\"ReadAction\",\"target\":[\"https:\/\/www.mt-bungalow.fr\/expertises\/btp-chantiers\/module-de-chantier-specifiques\/guerite-de-gardiennage\/\"]}]},{\"@type\":\"ImageObject\",\"inLanguage\":\"es\",\"@id\":\"https:\/\/www.mt-bungalow.fr\/expertises\/btp-chantiers\/module-de-chantier-specifiques\/guerite-de-gardiennage\/#primaryimage\",\"url\":\"https:\/\/www.mt-bungalow.fr\/wp-content\/uploads\/2025\/04\/ABRI-DE-CHANTIER-02.webp\",\"contentUrl\":\"https:\/\/www.mt-bungalow.fr\/wp-content\/uploads\/2025\/04\/ABRI-DE-CHANTIER-02.webp\",\"width\":1000,\"height\":1190,\"caption\":\"gu\u00e9rite de gardiennage module T\"},{\"@type\":\"BreadcrumbList\",\"@id\":\"https:\/\/www.mt-bungalow.fr\/expertises\/btp-chantiers\/module-de-chantier-specifiques\/guerite-de-gardiennage\/#breadcrumb\",\"itemListElement\":[{\"@type\":\"ListItem\",\"position\":1,\"name\":\"Accueil\",\"item\":\"https:\/\/www.mt-bungalow.fr\/\"},{\"@type\":\"ListItem\",\"position\":2,\"name\":\"Expertises\",\"item\":\"https:\/\/www.mt-bungalow.fr\/expertises\/\"},{\"@type\":\"ListItem\",\"position\":3,\"name\":\"BTP \/ Chantiers\",\"item\":\"https:\/\/www.mt-bungalow.fr\/expertises\/btp-chantiers\/\"},{\"@type\":\"ListItem\",\"position\":4,\"name\":\"Module de chantier sp\u00e9cifiques\",\"item\":\"https:\/\/www.mt-bungalow.fr\/expertises\/btp-chantiers\/module-de-chantier-specifiques\/\"},{\"@type\":\"ListItem\",\"position\":5,\"name\":\"Gu\u00e9rite de gardiennage\"}]},{\"@type\":\"WebSite\",\"@id\":\"https:\/\/www.mt-bungalow.fr\/#website\",\"url\":\"https:\/\/www.mt-bungalow.fr\/\",\"name\":\"MT Bungalow\",\"description\":\"\",\"potentialAction\":[{\"@type\":\"SearchAction\",\"target\":{\"@type\":\"EntryPoint\",\"urlTemplate\":\"https:\/\/www.mt-bungalow.fr\/?s={search_term_string}\"},\"query-input\":{\"@type\":\"PropertyValueSpecification\",\"valueRequired\":true,\"valueName\":\"search_term_string\"}}],\"inLanguage\":\"es\"}]}<\/script>\n<!-- \/ Yoast SEO plugin. -->","yoast_head_json":{"title":"Casetas de vigilancia | MT Bungalow","description":"MT Bungalow ofrece casetas de vigilancia seguras y adaptables, f\u00e1ciles de trasladar, ideales para el control de acceso en obras o lugares sensibles.","robots":{"index":"index","follow":"follow","max-snippet":"max-snippet:-1","max-image-preview":"max-image-preview:large","max-video-preview":"max-video-preview:-1"},"canonical":"https:\/\/www.mt-bungalow.fr\/es\/sectores\/construccion\/casetas-especiales-para-obras\/casetas-de-vigilancia\/","og_locale":"es_ES","og_type":"article","og_title":"Gu\u00e9rite de gardiennage - S\u00e9curit\u00e9 & Mobilit\u00e9 | MT Bungalow","og_description":"Module T propose des gu\u00e9rites de gardiennage adaptable, s\u00e9curis\u00e9es et faciles \u00e0 d\u00e9placer. Id\u00e9ales pour le contr\u00f4le d\u2019acc\u00e8s sur tous types de chantiers ou sites sensibles.","og_url":"https:\/\/www.mt-bungalow.fr\/es\/sectores\/construccion\/casetas-especiales-para-obras\/casetas-de-vigilancia\/","og_site_name":"MT Bungalow","article_modified_time":"2025-04-23T10:34:57+00:00","og_image":[{"width":1000,"height":1190,"url":"https:\/\/www.mt-bungalow.fr\/wp-content\/uploads\/2025\/04\/ABRI-DE-CHANTIER-02.webp","type":"image\/jpeg"}],"twitter_card":"summary_large_image","twitter_misc":{"Tiempo de lectura":"1 minuto"},"schema":{"@context":"https:\/\/schema.org","@graph":[{"@type":"WebPage","@id":"https:\/\/www.mt-bungalow.fr\/expertises\/btp-chantiers\/module-de-chantier-specifiques\/guerite-de-gardiennage\/","url":"https:\/\/www.mt-bungalow.fr\/expertises\/btp-chantiers\/module-de-chantier-specifiques\/guerite-de-gardiennage\/","name":"Casetas de vigilancia | MT Bungalow","isPartOf":{"@id":"https:\/\/www.mt-bungalow.fr\/#website"},"primaryImageOfPage":{"@id":"https:\/\/www.mt-bungalow.fr\/expertises\/btp-chantiers\/module-de-chantier-specifiques\/guerite-de-gardiennage\/#primaryimage"},"image":{"@id":"https:\/\/www.mt-bungalow.fr\/expertises\/btp-chantiers\/module-de-chantier-specifiques\/guerite-de-gardiennage\/#primaryimage"},"thumbnailUrl":"https:\/\/www.mt-bungalow.fr\/wp-content\/uploads\/2025\/04\/ABRI-DE-CHANTIER-02.webp","datePublished":"2025-04-04T07:57:47+00:00","dateModified":"2025-04-23T10:34:57+00:00","description":"MT Bungalow ofrece casetas de vigilancia seguras y adaptables, f\u00e1ciles de trasladar, ideales para el control de acceso en obras o lugares sensibles.","breadcrumb":{"@id":"https:\/\/www.mt-bungalow.fr\/expertises\/btp-chantiers\/module-de-chantier-specifiques\/guerite-de-gardiennage\/#breadcrumb"},"inLanguage":"es","potentialAction":[{"@type":"ReadAction","target":["https:\/\/www.mt-bungalow.fr\/expertises\/btp-chantiers\/module-de-chantier-specifiques\/guerite-de-gardiennage\/"]}]},{"@type":"ImageObject","inLanguage":"es","@id":"https:\/\/www.mt-bungalow.fr\/expertises\/btp-chantiers\/module-de-chantier-specifiques\/guerite-de-gardiennage\/#primaryimage","url":"https:\/\/www.mt-bungalow.fr\/wp-content\/uploads\/2025\/04\/ABRI-DE-CHANTIER-02.webp","contentUrl":"https:\/\/www.mt-bungalow.fr\/wp-content\/uploads\/2025\/04\/ABRI-DE-CHANTIER-02.webp","width":1000,"height":1190,"caption":"gu\u00e9rite de gardiennage module T"},{"@type":"BreadcrumbList","@id":"https:\/\/www.mt-bungalow.fr\/expertises\/btp-chantiers\/module-de-chantier-specifiques\/guerite-de-gardiennage\/#breadcrumb","itemListElement":[{"@type":"ListItem","position":1,"name":"Accueil","item":"https:\/\/www.mt-bungalow.fr\/"},{"@type":"ListItem","position":2,"name":"Expertises","item":"https:\/\/www.mt-bungalow.fr\/expertises\/"},{"@type":"ListItem","position":3,"name":"BTP \/ Chantiers","item":"https:\/\/www.mt-bungalow.fr\/expertises\/btp-chantiers\/"},{"@type":"ListItem","position":4,"name":"Module de chantier sp\u00e9cifiques","item":"https:\/\/www.mt-bungalow.fr\/expertises\/btp-chantiers\/module-de-chantier-specifiques\/"},{"@type":"ListItem","position":5,"name":"Gu\u00e9rite de gardiennage"}]},{"@type":"WebSite","@id":"https:\/\/www.mt-bungalow.fr\/#website","url":"https:\/\/www.mt-bungalow.fr\/","name":"MT Bungalow","description":"","potentialAction":[{"@type":"SearchAction","target":{"@type":"EntryPoint","urlTemplate":"https:\/\/www.mt-bungalow.fr\/?s={search_term_string}"},"query-input":{"@type":"PropertyValueSpecification","valueRequired":true,"valueName":"search_term_string"}}],"inLanguage":"es"}]}},"_links":{"self":[{"href":"https:\/\/www.mt-bungalow.fr\/es\/wp-json\/wp\/v2\/pages\/723","targetHints":{"allow":["GET"]}}],"collection":[{"href":"https:\/\/www.mt-bungalow.fr\/es\/wp-json\/wp\/v2\/pages"}],"about":[{"href":"https:\/\/www.mt-bungalow.fr\/es\/wp-json\/wp\/v2\/types\/page"}],"author":[{"embeddable":true,"href":"https:\/\/www.mt-bungalow.fr\/es\/wp-json\/wp\/v2\/users\/1"}],"replies":[{"embeddable":true,"href":"https:\/\/www.mt-bungalow.fr\/es\/wp-json\/wp\/v2\/comments?post=723"}],"version-history":[{"count":22,"href":"https:\/\/www.mt-bungalow.fr\/es\/wp-json\/wp\/v2\/pages\/723\/revisions"}],"predecessor-version":[{"id":1343,"href":"https:\/\/www.mt-bungalow.fr\/es\/wp-json\/wp\/v2\/pages\/723\/revisions\/1343"}],"up":[{"embeddable":true,"href":"https:\/\/www.mt-bungalow.fr\/es\/wp-json\/wp\/v2\/pages\/686"}],"wp:featuredmedia":[{"embeddable":true,"href":"https:\/\/www.mt-bungalow.fr\/es\/wp-json\/wp\/v2\/media\/760"}],"wp:attachment":[{"href":"https:\/\/www.mt-bungalow.fr\/es\/wp-json\/wp\/v2\/media?parent=723"}],"curies":[{"name":"wp","href":"https:\/\/api.w.org\/{rel}","templated":true}]}}