{"id":722,"date":"2025-04-04T09:58:11","date_gmt":"2025-04-04T07:58:11","guid":{"rendered":"https:\/\/www.mt-bungalow.fr\/?page_id=722"},"modified":"2025-05-07T16:38:00","modified_gmt":"2025-05-07T14:38:00","slug":"comedores-modulares","status":"publish","type":"page","link":"https:\/\/www.mt-bungalow.fr\/es\/sectores\/construccion\/casetas-especiales-para-obras\/comedores-modulares\/","title":{"rendered":"Comedores modulares"},"content":{"rendered":"","protected":false},"excerpt":{"rendered":"<p>Pens\u00e9s pour offrir aux ouvriers un v\u00e9ritable lieu de pause, nos r\u00e9fectoires modulaires sont spacieux, faciles \u00e0 nettoyer, et enti\u00e8rement am\u00e9nageables : tables, chaises, coin cuisine, lave-mains, micro-ondes, ventilation. Ils assurent un confort optimal durant les p\u00e9riodes de repos, quelle que soit la taille de votre \u00e9quipe.<\/p>","protected":false},"author":1,"featured_media":1469,"parent":686,"menu_order":0,"comment_status":"closed","ping_status":"closed","template":"modele-expertise.php","meta":{"_acf_changed":false,"footnotes":""},"class_list":["post-722","page","type-page","status-publish","has-post-thumbnail","hentry"],"acf":[],"yoast_head":"<!-- This site is optimized with the Yoast SEO plugin v26.2 - https:\/\/yoast.com\/wordpress\/plugins\/seo\/ -->\n<title>R\u00e9fectoire de chantier : cantines modulaires | Module T<\/title>\n<meta name=\"description\" content=\"Offrez \u00e0 vos \u00e9quipes un r\u00e9fectoire de chantier modulaire, confortable et facile \u00e0 entretenir. Id\u00e9al pour les pauses repas sur site avec une installation rapide par Module T.\" \/>\n<meta name=\"robots\" content=\"index, follow, max-snippet:-1, max-image-preview:large, max-video-preview:-1\" \/>\n<link rel=\"canonical\" href=\"https:\/\/www.mt-bungalow.fr\/es\/sectores\/construccion\/casetas-especiales-para-obras\/comedores-modulares\/\" \/>\n<meta property=\"og:locale\" content=\"es_ES\" \/>\n<meta property=\"og:type\" content=\"article\" \/>\n<meta property=\"og:title\" content=\"R\u00e9fectoire de chantier : cantines modulaires | Module T\" \/>\n<meta property=\"og:description\" content=\"Offrez \u00e0 vos \u00e9quipes un r\u00e9fectoire de chantier modulaire, confortable et facile \u00e0 entretenir. Id\u00e9al pour les pauses repas sur site avec une installation rapide par Module T.\" \/>\n<meta property=\"og:url\" content=\"https:\/\/www.mt-bungalow.fr\/es\/sectores\/construccion\/casetas-especiales-para-obras\/comedores-modulares\/\" \/>\n<meta property=\"og:site_name\" content=\"MT Bungalow\" \/>\n<meta property=\"article:modified_time\" content=\"2025-05-07T14:38:00+00:00\" \/>\n<meta property=\"og:image\" content=\"https:\/\/www.mt-bungalow.fr\/wp-content\/uploads\/2025\/05\/refectoire-de-chantier-2.webp\" \/>\n\t<meta property=\"og:image:width\" content=\"950\" \/>\n\t<meta property=\"og:image:height\" content=\"604\" \/>\n\t<meta property=\"og:image:type\" content=\"image\/jpeg\" \/>\n<meta name=\"twitter:card\" content=\"summary_large_image\" \/>\n<meta name=\"twitter:label1\" content=\"Tiempo de lectura\" \/>\n\t<meta name=\"twitter:data1\" content=\"1 minuto\" \/>\n<script type=\"application\/ld+json\" class=\"yoast-schema-graph\">{\"@context\":\"https:\/\/schema.org\",\"@graph\":[{\"@type\":\"WebPage\",\"@id\":\"https:\/\/www.mt-bungalow.fr\/expertises\/btp-chantiers\/module-de-chantier-specifiques\/refectoire-de-chantier\/\",\"url\":\"https:\/\/www.mt-bungalow.fr\/expertises\/btp-chantiers\/module-de-chantier-specifiques\/refectoire-de-chantier\/\",\"name\":\"R\u00e9fectoire de chantier : cantines modulaires | Module T\",\"isPartOf\":{\"@id\":\"https:\/\/www.mt-bungalow.fr\/#website\"},\"primaryImageOfPage\":{\"@id\":\"https:\/\/www.mt-bungalow.fr\/expertises\/btp-chantiers\/module-de-chantier-specifiques\/refectoire-de-chantier\/#primaryimage\"},\"image\":{\"@id\":\"https:\/\/www.mt-bungalow.fr\/expertises\/btp-chantiers\/module-de-chantier-specifiques\/refectoire-de-chantier\/#primaryimage\"},\"thumbnailUrl\":\"https:\/\/www.mt-bungalow.fr\/wp-content\/uploads\/2025\/05\/refectoire-de-chantier-2.webp\",\"datePublished\":\"2025-04-04T07:58:11+00:00\",\"dateModified\":\"2025-05-07T14:38:00+00:00\",\"description\":\"Offrez \u00e0 vos \u00e9quipes un r\u00e9fectoire de chantier modulaire, confortable et facile \u00e0 entretenir. Id\u00e9al pour les pauses repas sur site avec une installation rapide par Module T.\",\"breadcrumb\":{\"@id\":\"https:\/\/www.mt-bungalow.fr\/expertises\/btp-chantiers\/module-de-chantier-specifiques\/refectoire-de-chantier\/#breadcrumb\"},\"inLanguage\":\"es\",\"potentialAction\":[{\"@type\":\"ReadAction\",\"target\":[\"https:\/\/www.mt-bungalow.fr\/expertises\/btp-chantiers\/module-de-chantier-specifiques\/refectoire-de-chantier\/\"]}]},{\"@type\":\"ImageObject\",\"inLanguage\":\"es\",\"@id\":\"https:\/\/www.mt-bungalow.fr\/expertises\/btp-chantiers\/module-de-chantier-specifiques\/refectoire-de-chantier\/#primaryimage\",\"url\":\"https:\/\/www.mt-bungalow.fr\/wp-content\/uploads\/2025\/05\/refectoire-de-chantier-2.webp\",\"contentUrl\":\"https:\/\/www.mt-bungalow.fr\/wp-content\/uploads\/2025\/05\/refectoire-de-chantier-2.webp\",\"width\":950,\"height\":604,\"caption\":\"r\u00e9fectoire de chantier\"},{\"@type\":\"BreadcrumbList\",\"@id\":\"https:\/\/www.mt-bungalow.fr\/expertises\/btp-chantiers\/module-de-chantier-specifiques\/refectoire-de-chantier\/#breadcrumb\",\"itemListElement\":[{\"@type\":\"ListItem\",\"position\":1,\"name\":\"Accueil\",\"item\":\"https:\/\/www.mt-bungalow.fr\/\"},{\"@type\":\"ListItem\",\"position\":2,\"name\":\"Expertises\",\"item\":\"https:\/\/www.mt-bungalow.fr\/expertises\/\"},{\"@type\":\"ListItem\",\"position\":3,\"name\":\"BTP \/ Chantiers\",\"item\":\"https:\/\/www.mt-bungalow.fr\/expertises\/btp-chantiers\/\"},{\"@type\":\"ListItem\",\"position\":4,\"name\":\"Module de chantier sp\u00e9cifiques\",\"item\":\"https:\/\/www.mt-bungalow.fr\/expertises\/btp-chantiers\/module-de-chantier-specifiques\/\"},{\"@type\":\"ListItem\",\"position\":5,\"name\":\"R\u00e9fectoire de chantier\"}]},{\"@type\":\"WebSite\",\"@id\":\"https:\/\/www.mt-bungalow.fr\/#website\",\"url\":\"https:\/\/www.mt-bungalow.fr\/\",\"name\":\"MT Bungalow\",\"description\":\"\",\"potentialAction\":[{\"@type\":\"SearchAction\",\"target\":{\"@type\":\"EntryPoint\",\"urlTemplate\":\"https:\/\/www.mt-bungalow.fr\/?s={search_term_string}\"},\"query-input\":{\"@type\":\"PropertyValueSpecification\",\"valueRequired\":true,\"valueName\":\"search_term_string\"}}],\"inLanguage\":\"es\"}]}<\/script>\n<!-- \/ Yoast SEO plugin. -->","yoast_head_json":{"title":"Comedores modulares | MT Bungalow","description":"Proporcione a sus equipos un comedor de obra modular, c\u00f3modo y de f\u00e1cil mantenimiento. Ideal para pausas de comida en sitio con r\u00e1pida instalaci\u00f3n mediante M\u00f3dulo T.","robots":{"index":"index","follow":"follow","max-snippet":"max-snippet:-1","max-image-preview":"max-image-preview:large","max-video-preview":"max-video-preview:-1"},"canonical":"https:\/\/www.mt-bungalow.fr\/es\/sectores\/construccion\/casetas-especiales-para-obras\/comedores-modulares\/","og_locale":"es_ES","og_type":"article","og_title":"R\u00e9fectoire de chantier : cantines modulaires | Module T","og_description":"Offrez \u00e0 vos \u00e9quipes un r\u00e9fectoire de chantier modulaire, confortable et facile \u00e0 entretenir. Id\u00e9al pour les pauses repas sur site avec une installation rapide par Module T.","og_url":"https:\/\/www.mt-bungalow.fr\/es\/sectores\/construccion\/casetas-especiales-para-obras\/comedores-modulares\/","og_site_name":"MT Bungalow","article_modified_time":"2025-05-07T14:38:00+00:00","og_image":[{"width":950,"height":604,"url":"https:\/\/www.mt-bungalow.fr\/wp-content\/uploads\/2025\/05\/refectoire-de-chantier-2.webp","type":"image\/jpeg"}],"twitter_card":"summary_large_image","twitter_misc":{"Tiempo de lectura":"1 minuto"},"schema":{"@context":"https:\/\/schema.org","@graph":[{"@type":"WebPage","@id":"https:\/\/www.mt-bungalow.fr\/expertises\/btp-chantiers\/module-de-chantier-specifiques\/refectoire-de-chantier\/","url":"https:\/\/www.mt-bungalow.fr\/expertises\/btp-chantiers\/module-de-chantier-specifiques\/refectoire-de-chantier\/","name":"Comedores modulares | MT Bungalow","isPartOf":{"@id":"https:\/\/www.mt-bungalow.fr\/#website"},"primaryImageOfPage":{"@id":"https:\/\/www.mt-bungalow.fr\/expertises\/btp-chantiers\/module-de-chantier-specifiques\/refectoire-de-chantier\/#primaryimage"},"image":{"@id":"https:\/\/www.mt-bungalow.fr\/expertises\/btp-chantiers\/module-de-chantier-specifiques\/refectoire-de-chantier\/#primaryimage"},"thumbnailUrl":"https:\/\/www.mt-bungalow.fr\/wp-content\/uploads\/2025\/05\/refectoire-de-chantier-2.webp","datePublished":"2025-04-04T07:58:11+00:00","dateModified":"2025-05-07T14:38:00+00:00","description":"Proporcione a sus equipos un comedor de obra modular, c\u00f3modo y de f\u00e1cil mantenimiento. Ideal para pausas de comida en sitio con r\u00e1pida instalaci\u00f3n mediante M\u00f3dulo T.","breadcrumb":{"@id":"https:\/\/www.mt-bungalow.fr\/expertises\/btp-chantiers\/module-de-chantier-specifiques\/refectoire-de-chantier\/#breadcrumb"},"inLanguage":"es","potentialAction":[{"@type":"ReadAction","target":["https:\/\/www.mt-bungalow.fr\/expertises\/btp-chantiers\/module-de-chantier-specifiques\/refectoire-de-chantier\/"]}]},{"@type":"ImageObject","inLanguage":"es","@id":"https:\/\/www.mt-bungalow.fr\/expertises\/btp-chantiers\/module-de-chantier-specifiques\/refectoire-de-chantier\/#primaryimage","url":"https:\/\/www.mt-bungalow.fr\/wp-content\/uploads\/2025\/05\/refectoire-de-chantier-2.webp","contentUrl":"https:\/\/www.mt-bungalow.fr\/wp-content\/uploads\/2025\/05\/refectoire-de-chantier-2.webp","width":950,"height":604,"caption":"r\u00e9fectoire de chantier"},{"@type":"BreadcrumbList","@id":"https:\/\/www.mt-bungalow.fr\/expertises\/btp-chantiers\/module-de-chantier-specifiques\/refectoire-de-chantier\/#breadcrumb","itemListElement":[{"@type":"ListItem","position":1,"name":"Accueil","item":"https:\/\/www.mt-bungalow.fr\/"},{"@type":"ListItem","position":2,"name":"Expertises","item":"https:\/\/www.mt-bungalow.fr\/expertises\/"},{"@type":"ListItem","position":3,"name":"BTP \/ Chantiers","item":"https:\/\/www.mt-bungalow.fr\/expertises\/btp-chantiers\/"},{"@type":"ListItem","position":4,"name":"Module de chantier sp\u00e9cifiques","item":"https:\/\/www.mt-bungalow.fr\/expertises\/btp-chantiers\/module-de-chantier-specifiques\/"},{"@type":"ListItem","position":5,"name":"R\u00e9fectoire de chantier"}]},{"@type":"WebSite","@id":"https:\/\/www.mt-bungalow.fr\/#website","url":"https:\/\/www.mt-bungalow.fr\/","name":"MT Bungalow","description":"","potentialAction":[{"@type":"SearchAction","target":{"@type":"EntryPoint","urlTemplate":"https:\/\/www.mt-bungalow.fr\/?s={search_term_string}"},"query-input":{"@type":"PropertyValueSpecification","valueRequired":true,"valueName":"search_term_string"}}],"inLanguage":"es"}]}},"_links":{"self":[{"href":"https:\/\/www.mt-bungalow.fr\/es\/wp-json\/wp\/v2\/pages\/722","targetHints":{"allow":["GET"]}}],"collection":[{"href":"https:\/\/www.mt-bungalow.fr\/es\/wp-json\/wp\/v2\/pages"}],"about":[{"href":"https:\/\/www.mt-bungalow.fr\/es\/wp-json\/wp\/v2\/types\/page"}],"author":[{"embeddable":true,"href":"https:\/\/www.mt-bungalow.fr\/es\/wp-json\/wp\/v2\/users\/1"}],"replies":[{"embeddable":true,"href":"https:\/\/www.mt-bungalow.fr\/es\/wp-json\/wp\/v2\/comments?post=722"}],"version-history":[{"count":24,"href":"https:\/\/www.mt-bungalow.fr\/es\/wp-json\/wp\/v2\/pages\/722\/revisions"}],"predecessor-version":[{"id":1482,"href":"https:\/\/www.mt-bungalow.fr\/es\/wp-json\/wp\/v2\/pages\/722\/revisions\/1482"}],"up":[{"embeddable":true,"href":"https:\/\/www.mt-bungalow.fr\/es\/wp-json\/wp\/v2\/pages\/686"}],"wp:featuredmedia":[{"embeddable":true,"href":"https:\/\/www.mt-bungalow.fr\/es\/wp-json\/wp\/v2\/media\/1469"}],"wp:attachment":[{"href":"https:\/\/www.mt-bungalow.fr\/es\/wp-json\/wp\/v2\/media?parent=722"}],"curies":[{"name":"wp","href":"https:\/\/api.w.org\/{rel}","templated":true}]}}