{"id":719,"date":"2025-04-04T09:56:59","date_gmt":"2025-04-04T07:56:59","guid":{"rendered":"https:\/\/www.mt-bungalow.fr\/?page_id=719"},"modified":"2025-06-02T12:28:08","modified_gmt":"2025-06-02T10:28:08","slug":"contenedores-modulares-para-obras-de-construccion","status":"publish","type":"page","link":"https:\/\/www.mt-bungalow.fr\/es\/sectores\/construccion\/casetas-especiales-para-obras\/contenedores-modulares-para-obras-de-construccion\/","title":{"rendered":"Bungalows modulares para obras de construcci\u00f3n"},"content":{"rendered":"","protected":false},"excerpt":{"rendered":"<p>Con\u00e7us pour h\u00e9berger des \u00e9quipements sensibles ou des installations sp\u00e9cifiques (onduleurs, pompes, serveurs, armoires techniques), nos modules techniques sont ventil\u00e9s, prot\u00e9g\u00e9s contre l\u2019humidit\u00e9, et peuvent \u00eatre configur\u00e9s avec des syst\u00e8mes de climatisation, de s\u00e9curit\u00e9 ou de redondance \u00e9lectrique.<\/p>","protected":false},"author":1,"featured_media":1400,"parent":686,"menu_order":0,"comment_status":"closed","ping_status":"closed","template":"modele-expertise.php","meta":{"_acf_changed":false,"footnotes":""},"class_list":["post-719","page","type-page","status-publish","has-post-thumbnail","hentry"],"acf":[],"yoast_head":"<!-- This site is optimized with the Yoast SEO plugin v26.2 - https:\/\/yoast.com\/wordpress\/plugins\/seo\/ -->\n<title>Bungalows Modulaires de Chantier | Module T<\/title>\n<meta name=\"description\" content=\"D\u00e9couvrez nos bungalows modulaires de chantier confortables et adaptables \u00e0 tous vos besoins : bureaux, logements, r\u00e9fectoires\u2026 Livraison rapide avec Module T.\" \/>\n<meta name=\"robots\" content=\"index, follow, max-snippet:-1, max-image-preview:large, max-video-preview:-1\" \/>\n<link rel=\"canonical\" href=\"https:\/\/www.mt-bungalow.fr\/es\/sectores\/construccion\/casetas-especiales-para-obras\/contenedores-modulares-para-obras-de-construccion\/\" \/>\n<meta property=\"og:locale\" content=\"es_ES\" \/>\n<meta property=\"og:type\" content=\"article\" \/>\n<meta property=\"og:title\" content=\"Bungalows Modulaires de Chantier | Module T\" \/>\n<meta property=\"og:description\" content=\"D\u00e9couvrez nos bungalows modulaires de chantier confortables et adaptables \u00e0 tous vos besoins : bureaux, logements, r\u00e9fectoires\u2026 Livraison rapide avec Module T.\" \/>\n<meta property=\"og:url\" content=\"https:\/\/www.mt-bungalow.fr\/es\/sectores\/construccion\/casetas-especiales-para-obras\/contenedores-modulares-para-obras-de-construccion\/\" \/>\n<meta property=\"og:site_name\" content=\"MT Bungalow\" \/>\n<meta property=\"article:modified_time\" content=\"2025-06-02T10:28:08+00:00\" \/>\n<meta property=\"og:image\" content=\"https:\/\/www.mt-bungalow.fr\/wp-content\/uploads\/2025\/04\/04-PHOTO-BUNGALOWS-VESTIAIRES.webp\" \/>\n\t<meta property=\"og:image:width\" content=\"1080\" \/>\n\t<meta property=\"og:image:height\" content=\"765\" \/>\n\t<meta property=\"og:image:type\" content=\"image\/jpeg\" \/>\n<meta name=\"twitter:card\" content=\"summary_large_image\" \/>\n<meta name=\"twitter:label1\" content=\"Tiempo de lectura\" \/>\n\t<meta name=\"twitter:data1\" content=\"8 minutos\" \/>\n<script type=\"application\/ld+json\" class=\"yoast-schema-graph\">{\"@context\":\"https:\/\/schema.org\",\"@graph\":[{\"@type\":\"WebPage\",\"@id\":\"https:\/\/www.mt-bungalow.fr\/expertises\/btp-chantiers\/module-de-chantier-specifiques\/bungalows-modulaire-de-chantier\/\",\"url\":\"https:\/\/www.mt-bungalow.fr\/expertises\/btp-chantiers\/module-de-chantier-specifiques\/bungalows-modulaire-de-chantier\/\",\"name\":\"Bungalows Modulaires de Chantier | Module T\",\"isPartOf\":{\"@id\":\"https:\/\/www.mt-bungalow.fr\/#website\"},\"primaryImageOfPage\":{\"@id\":\"https:\/\/www.mt-bungalow.fr\/expertises\/btp-chantiers\/module-de-chantier-specifiques\/bungalows-modulaire-de-chantier\/#primaryimage\"},\"image\":{\"@id\":\"https:\/\/www.mt-bungalow.fr\/expertises\/btp-chantiers\/module-de-chantier-specifiques\/bungalows-modulaire-de-chantier\/#primaryimage\"},\"thumbnailUrl\":\"https:\/\/www.mt-bungalow.fr\/wp-content\/uploads\/2025\/04\/04-PHOTO-BUNGALOWS-VESTIAIRES.webp\",\"datePublished\":\"2025-04-04T07:56:59+00:00\",\"dateModified\":\"2025-06-02T10:28:08+00:00\",\"description\":\"D\u00e9couvrez nos bungalows modulaires de chantier confortables et adaptables \u00e0 tous vos besoins : bureaux, logements, r\u00e9fectoires\u2026 Livraison rapide avec Module T.\",\"breadcrumb\":{\"@id\":\"https:\/\/www.mt-bungalow.fr\/expertises\/btp-chantiers\/module-de-chantier-specifiques\/bungalows-modulaire-de-chantier\/#breadcrumb\"},\"inLanguage\":\"es\",\"potentialAction\":[{\"@type\":\"ReadAction\",\"target\":[\"https:\/\/www.mt-bungalow.fr\/expertises\/btp-chantiers\/module-de-chantier-specifiques\/bungalows-modulaire-de-chantier\/\"]}]},{\"@type\":\"ImageObject\",\"inLanguage\":\"es\",\"@id\":\"https:\/\/www.mt-bungalow.fr\/expertises\/btp-chantiers\/module-de-chantier-specifiques\/bungalows-modulaire-de-chantier\/#primaryimage\",\"url\":\"https:\/\/www.mt-bungalow.fr\/wp-content\/uploads\/2025\/04\/04-PHOTO-BUNGALOWS-VESTIAIRES.webp\",\"contentUrl\":\"https:\/\/www.mt-bungalow.fr\/wp-content\/uploads\/2025\/04\/04-PHOTO-BUNGALOWS-VESTIAIRES.webp\",\"width\":1080,\"height\":765,\"caption\":\"vestiaire de chantier\"},{\"@type\":\"BreadcrumbList\",\"@id\":\"https:\/\/www.mt-bungalow.fr\/expertises\/btp-chantiers\/module-de-chantier-specifiques\/bungalows-modulaire-de-chantier\/#breadcrumb\",\"itemListElement\":[{\"@type\":\"ListItem\",\"position\":1,\"name\":\"Accueil\",\"item\":\"https:\/\/www.mt-bungalow.fr\/\"},{\"@type\":\"ListItem\",\"position\":2,\"name\":\"Expertises\",\"item\":\"https:\/\/www.mt-bungalow.fr\/expertises\/\"},{\"@type\":\"ListItem\",\"position\":3,\"name\":\"BTP \/ Chantiers\",\"item\":\"https:\/\/www.mt-bungalow.fr\/expertises\/btp-chantiers\/\"},{\"@type\":\"ListItem\",\"position\":4,\"name\":\"Module de chantier sp\u00e9cifiques\",\"item\":\"https:\/\/www.mt-bungalow.fr\/expertises\/btp-chantiers\/module-de-chantier-specifiques\/\"},{\"@type\":\"ListItem\",\"position\":5,\"name\":\"Bungalows modulaire de chantier\"}]},{\"@type\":\"WebSite\",\"@id\":\"https:\/\/www.mt-bungalow.fr\/#website\",\"url\":\"https:\/\/www.mt-bungalow.fr\/\",\"name\":\"MT Bungalow\",\"description\":\"\",\"potentialAction\":[{\"@type\":\"SearchAction\",\"target\":{\"@type\":\"EntryPoint\",\"urlTemplate\":\"https:\/\/www.mt-bungalow.fr\/?s={search_term_string}\"},\"query-input\":{\"@type\":\"PropertyValueSpecification\",\"valueRequired\":true,\"valueName\":\"search_term_string\"}}],\"inLanguage\":\"es\"}]}<\/script>\n<!-- \/ Yoast SEO plugin. -->","yoast_head_json":{"title":"Contenedores modulares para obras de construcci\u00f3n | MT Bungalow","description":"Descubra nuestros contenedores modulares para obras de construcci\u00f3n: oficinas, alojamientos, comedores\u2026 Entrega r\u00e1pida y soluciones a medida con MT Bungalow.","robots":{"index":"index","follow":"follow","max-snippet":"max-snippet:-1","max-image-preview":"max-image-preview:large","max-video-preview":"max-video-preview:-1"},"canonical":"https:\/\/www.mt-bungalow.fr\/es\/sectores\/construccion\/casetas-especiales-para-obras\/contenedores-modulares-para-obras-de-construccion\/","og_locale":"es_ES","og_type":"article","og_title":"Bungalows Modulaires de Chantier | Module T","og_description":"D\u00e9couvrez nos bungalows modulaires de chantier confortables et adaptables \u00e0 tous vos besoins : bureaux, logements, r\u00e9fectoires\u2026 Livraison rapide avec Module T.","og_url":"https:\/\/www.mt-bungalow.fr\/es\/sectores\/construccion\/casetas-especiales-para-obras\/contenedores-modulares-para-obras-de-construccion\/","og_site_name":"MT Bungalow","article_modified_time":"2025-06-02T10:28:08+00:00","og_image":[{"width":1080,"height":765,"url":"https:\/\/www.mt-bungalow.fr\/wp-content\/uploads\/2025\/04\/04-PHOTO-BUNGALOWS-VESTIAIRES.webp","type":"image\/jpeg"}],"twitter_card":"summary_large_image","twitter_misc":{"Tiempo de lectura":"8 minutos"},"schema":{"@context":"https:\/\/schema.org","@graph":[{"@type":"WebPage","@id":"https:\/\/www.mt-bungalow.fr\/expertises\/btp-chantiers\/module-de-chantier-specifiques\/bungalows-modulaire-de-chantier\/","url":"https:\/\/www.mt-bungalow.fr\/expertises\/btp-chantiers\/module-de-chantier-specifiques\/bungalows-modulaire-de-chantier\/","name":"Contenedores modulares para obras de construcci\u00f3n | MT Bungalow","isPartOf":{"@id":"https:\/\/www.mt-bungalow.fr\/#website"},"primaryImageOfPage":{"@id":"https:\/\/www.mt-bungalow.fr\/expertises\/btp-chantiers\/module-de-chantier-specifiques\/bungalows-modulaire-de-chantier\/#primaryimage"},"image":{"@id":"https:\/\/www.mt-bungalow.fr\/expertises\/btp-chantiers\/module-de-chantier-specifiques\/bungalows-modulaire-de-chantier\/#primaryimage"},"thumbnailUrl":"https:\/\/www.mt-bungalow.fr\/wp-content\/uploads\/2025\/04\/04-PHOTO-BUNGALOWS-VESTIAIRES.webp","datePublished":"2025-04-04T07:56:59+00:00","dateModified":"2025-06-02T10:28:08+00:00","description":"Descubra nuestros contenedores modulares para obras de construcci\u00f3n: oficinas, alojamientos, comedores\u2026 Entrega r\u00e1pida y soluciones a medida con MT Bungalow.","breadcrumb":{"@id":"https:\/\/www.mt-bungalow.fr\/expertises\/btp-chantiers\/module-de-chantier-specifiques\/bungalows-modulaire-de-chantier\/#breadcrumb"},"inLanguage":"es","potentialAction":[{"@type":"ReadAction","target":["https:\/\/www.mt-bungalow.fr\/expertises\/btp-chantiers\/module-de-chantier-specifiques\/bungalows-modulaire-de-chantier\/"]}]},{"@type":"ImageObject","inLanguage":"es","@id":"https:\/\/www.mt-bungalow.fr\/expertises\/btp-chantiers\/module-de-chantier-specifiques\/bungalows-modulaire-de-chantier\/#primaryimage","url":"https:\/\/www.mt-bungalow.fr\/wp-content\/uploads\/2025\/04\/04-PHOTO-BUNGALOWS-VESTIAIRES.webp","contentUrl":"https:\/\/www.mt-bungalow.fr\/wp-content\/uploads\/2025\/04\/04-PHOTO-BUNGALOWS-VESTIAIRES.webp","width":1080,"height":765,"caption":"vestiaire de chantier"},{"@type":"BreadcrumbList","@id":"https:\/\/www.mt-bungalow.fr\/expertises\/btp-chantiers\/module-de-chantier-specifiques\/bungalows-modulaire-de-chantier\/#breadcrumb","itemListElement":[{"@type":"ListItem","position":1,"name":"Accueil","item":"https:\/\/www.mt-bungalow.fr\/"},{"@type":"ListItem","position":2,"name":"Expertises","item":"https:\/\/www.mt-bungalow.fr\/expertises\/"},{"@type":"ListItem","position":3,"name":"BTP \/ Chantiers","item":"https:\/\/www.mt-bungalow.fr\/expertises\/btp-chantiers\/"},{"@type":"ListItem","position":4,"name":"Module de chantier sp\u00e9cifiques","item":"https:\/\/www.mt-bungalow.fr\/expertises\/btp-chantiers\/module-de-chantier-specifiques\/"},{"@type":"ListItem","position":5,"name":"Bungalows modulaire de chantier"}]},{"@type":"WebSite","@id":"https:\/\/www.mt-bungalow.fr\/#website","url":"https:\/\/www.mt-bungalow.fr\/","name":"MT Bungalow","description":"","potentialAction":[{"@type":"SearchAction","target":{"@type":"EntryPoint","urlTemplate":"https:\/\/www.mt-bungalow.fr\/?s={search_term_string}"},"query-input":{"@type":"PropertyValueSpecification","valueRequired":true,"valueName":"search_term_string"}}],"inLanguage":"es"}]}},"_links":{"self":[{"href":"https:\/\/www.mt-bungalow.fr\/es\/wp-json\/wp\/v2\/pages\/719","targetHints":{"allow":["GET"]}}],"collection":[{"href":"https:\/\/www.mt-bungalow.fr\/es\/wp-json\/wp\/v2\/pages"}],"about":[{"href":"https:\/\/www.mt-bungalow.fr\/es\/wp-json\/wp\/v2\/types\/page"}],"author":[{"embeddable":true,"href":"https:\/\/www.mt-bungalow.fr\/es\/wp-json\/wp\/v2\/users\/1"}],"replies":[{"embeddable":true,"href":"https:\/\/www.mt-bungalow.fr\/es\/wp-json\/wp\/v2\/comments?post=719"}],"version-history":[{"count":27,"href":"https:\/\/www.mt-bungalow.fr\/es\/wp-json\/wp\/v2\/pages\/719\/revisions"}],"predecessor-version":[{"id":1621,"href":"https:\/\/www.mt-bungalow.fr\/es\/wp-json\/wp\/v2\/pages\/719\/revisions\/1621"}],"up":[{"embeddable":true,"href":"https:\/\/www.mt-bungalow.fr\/es\/wp-json\/wp\/v2\/pages\/686"}],"wp:featuredmedia":[{"embeddable":true,"href":"https:\/\/www.mt-bungalow.fr\/es\/wp-json\/wp\/v2\/media\/1400"}],"wp:attachment":[{"href":"https:\/\/www.mt-bungalow.fr\/es\/wp-json\/wp\/v2\/media?parent=719"}],"curies":[{"name":"wp","href":"https:\/\/api.w.org\/{rel}","templated":true}]}}