{"id":701,"date":"2025-04-04T09:54:29","date_gmt":"2025-04-04T07:54:29","guid":{"rendered":"https:\/\/www.mt-bungalow.fr\/?page_id=701"},"modified":"2025-05-30T10:39:21","modified_gmt":"2025-05-30T08:39:21","slug":"contenedores-wc","status":"publish","type":"page","link":"https:\/\/www.mt-bungalow.fr\/es\/sectores\/construccion\/sanitarios-y-vestuarios-de-obra\/contenedores-wc\/","title":{"rendered":"Contenedores WC"},"content":{"rendered":"","protected":false},"excerpt":{"rendered":"<p>Nos toilettes modulaires sont propos\u00e9es en version s\u00e8che ou raccord\u00e9e, avec chasse d\u2019eau, lave-mains et ventilation. Chaque unit\u00e9 est con\u00e7ue pour respecter les normes d\u2019hygi\u00e8ne et d\u2019accessibilit\u00e9 PMR, et peut \u00eatre raccord\u00e9e \u00e0 un r\u00e9seau ou fonctionner en autonomie.<\/p>","protected":false},"author":1,"featured_media":1393,"parent":685,"menu_order":0,"comment_status":"closed","ping_status":"closed","template":"modele-expertise.php","meta":{"_acf_changed":false,"footnotes":""},"class_list":["post-701","page","type-page","status-publish","has-post-thumbnail","hentry"],"acf":[],"yoast_head":"<!-- This site is optimized with the Yoast SEO plugin v26.2 - https:\/\/yoast.com\/wordpress\/plugins\/seo\/ -->\n<title>Toilettes de chantier modulaire \u2013 Pr\u00eates \u00e0 l\u2019Emploi | Module T<\/title>\n<meta name=\"description\" content=\"D\u00e9couvrez nos toilettes de chantier modulaires, hygi\u00e9niques et faciles \u00e0 installer. Conformes aux normes sanitaires, id\u00e9ales pour tous vos projets temporaires.\" \/>\n<meta name=\"robots\" content=\"index, follow, max-snippet:-1, max-image-preview:large, max-video-preview:-1\" \/>\n<link rel=\"canonical\" href=\"https:\/\/www.mt-bungalow.fr\/es\/sectores\/construccion\/sanitarios-y-vestuarios-de-obra\/contenedores-wc\/\" \/>\n<meta property=\"og:locale\" content=\"es_ES\" \/>\n<meta property=\"og:type\" content=\"article\" \/>\n<meta property=\"og:title\" content=\"Toilettes de chantier modulaire \u2013 Pr\u00eates \u00e0 l\u2019Emploi | Module T\" \/>\n<meta property=\"og:description\" content=\"D\u00e9couvrez nos toilettes de chantier modulaires, hygi\u00e9niques et faciles \u00e0 installer. Conformes aux normes sanitaires, id\u00e9ales pour tous vos projets temporaires.\" \/>\n<meta property=\"og:url\" content=\"https:\/\/www.mt-bungalow.fr\/es\/sectores\/construccion\/sanitarios-y-vestuarios-de-obra\/contenedores-wc\/\" \/>\n<meta property=\"og:site_name\" content=\"MT Bungalow\" \/>\n<meta property=\"article:modified_time\" content=\"2025-05-30T08:39:21+00:00\" \/>\n<meta property=\"og:image\" content=\"https:\/\/www.mt-bungalow.fr\/wp-content\/uploads\/2025\/04\/01-WC-CHANTIER-2.webp\" \/>\n\t<meta property=\"og:image:width\" content=\"900\" \/>\n\t<meta property=\"og:image:height\" content=\"686\" \/>\n\t<meta property=\"og:image:type\" content=\"image\/jpeg\" \/>\n<meta name=\"twitter:card\" content=\"summary_large_image\" \/>\n<meta name=\"twitter:label1\" content=\"Tiempo de lectura\" \/>\n\t<meta name=\"twitter:data1\" content=\"9 minutos\" \/>\n<script type=\"application\/ld+json\" class=\"yoast-schema-graph\">{\"@context\":\"https:\/\/schema.org\",\"@graph\":[{\"@type\":\"WebPage\",\"@id\":\"https:\/\/www.mt-bungalow.fr\/expertises\/btp-chantiers\/sanitaires-vestiaires-de-chantier\/toilettes-de-chantier\/\",\"url\":\"https:\/\/www.mt-bungalow.fr\/expertises\/btp-chantiers\/sanitaires-vestiaires-de-chantier\/toilettes-de-chantier\/\",\"name\":\"Toilettes de chantier modulaire \u2013 Pr\u00eates \u00e0 l\u2019Emploi | Module T\",\"isPartOf\":{\"@id\":\"https:\/\/www.mt-bungalow.fr\/#website\"},\"primaryImageOfPage\":{\"@id\":\"https:\/\/www.mt-bungalow.fr\/expertises\/btp-chantiers\/sanitaires-vestiaires-de-chantier\/toilettes-de-chantier\/#primaryimage\"},\"image\":{\"@id\":\"https:\/\/www.mt-bungalow.fr\/expertises\/btp-chantiers\/sanitaires-vestiaires-de-chantier\/toilettes-de-chantier\/#primaryimage\"},\"thumbnailUrl\":\"https:\/\/www.mt-bungalow.fr\/wp-content\/uploads\/2025\/04\/01-WC-CHANTIER-2.webp\",\"datePublished\":\"2025-04-04T07:54:29+00:00\",\"dateModified\":\"2025-05-30T08:39:21+00:00\",\"description\":\"D\u00e9couvrez nos toilettes de chantier modulaires, hygi\u00e9niques et faciles \u00e0 installer. Conformes aux normes sanitaires, id\u00e9ales pour tous vos projets temporaires.\",\"breadcrumb\":{\"@id\":\"https:\/\/www.mt-bungalow.fr\/expertises\/btp-chantiers\/sanitaires-vestiaires-de-chantier\/toilettes-de-chantier\/#breadcrumb\"},\"inLanguage\":\"es\",\"potentialAction\":[{\"@type\":\"ReadAction\",\"target\":[\"https:\/\/www.mt-bungalow.fr\/expertises\/btp-chantiers\/sanitaires-vestiaires-de-chantier\/toilettes-de-chantier\/\"]}]},{\"@type\":\"ImageObject\",\"inLanguage\":\"es\",\"@id\":\"https:\/\/www.mt-bungalow.fr\/expertises\/btp-chantiers\/sanitaires-vestiaires-de-chantier\/toilettes-de-chantier\/#primaryimage\",\"url\":\"https:\/\/www.mt-bungalow.fr\/wp-content\/uploads\/2025\/04\/01-WC-CHANTIER-2.webp\",\"contentUrl\":\"https:\/\/www.mt-bungalow.fr\/wp-content\/uploads\/2025\/04\/01-WC-CHANTIER-2.webp\",\"width\":900,\"height\":686,\"caption\":\"toilette double de chantier\"},{\"@type\":\"BreadcrumbList\",\"@id\":\"https:\/\/www.mt-bungalow.fr\/expertises\/btp-chantiers\/sanitaires-vestiaires-de-chantier\/toilettes-de-chantier\/#breadcrumb\",\"itemListElement\":[{\"@type\":\"ListItem\",\"position\":1,\"name\":\"Accueil\",\"item\":\"https:\/\/www.mt-bungalow.fr\/\"},{\"@type\":\"ListItem\",\"position\":2,\"name\":\"Expertises\",\"item\":\"https:\/\/www.mt-bungalow.fr\/expertises\/\"},{\"@type\":\"ListItem\",\"position\":3,\"name\":\"BTP \/ Chantiers\",\"item\":\"https:\/\/www.mt-bungalow.fr\/expertises\/btp-chantiers\/\"},{\"@type\":\"ListItem\",\"position\":4,\"name\":\"Sanitaires et vestiaires de chantier\",\"item\":\"https:\/\/www.mt-bungalow.fr\/expertises\/btp-chantiers\/sanitaires-vestiaires-de-chantier\/\"},{\"@type\":\"ListItem\",\"position\":5,\"name\":\"Toilettes de chantier\"}]},{\"@type\":\"WebSite\",\"@id\":\"https:\/\/www.mt-bungalow.fr\/#website\",\"url\":\"https:\/\/www.mt-bungalow.fr\/\",\"name\":\"MT Bungalow\",\"description\":\"\",\"potentialAction\":[{\"@type\":\"SearchAction\",\"target\":{\"@type\":\"EntryPoint\",\"urlTemplate\":\"https:\/\/www.mt-bungalow.fr\/?s={search_term_string}\"},\"query-input\":{\"@type\":\"PropertyValueSpecification\",\"valueRequired\":true,\"valueName\":\"search_term_string\"}}],\"inLanguage\":\"es\"}]}<\/script>\n<!-- \/ Yoast SEO plugin. -->","yoast_head_json":{"title":"Contenedores WC \u2013 MT Bungalow","description":"Descubra nuestros contenedores WC modulares, higi\u00e9nicos y f\u00e1ciles de instalar. Cumplen las normas sanitarias y son ideales para proyectos temporales.","robots":{"index":"index","follow":"follow","max-snippet":"max-snippet:-1","max-image-preview":"max-image-preview:large","max-video-preview":"max-video-preview:-1"},"canonical":"https:\/\/www.mt-bungalow.fr\/es\/sectores\/construccion\/sanitarios-y-vestuarios-de-obra\/contenedores-wc\/","og_locale":"es_ES","og_type":"article","og_title":"Toilettes de chantier modulaire \u2013 Pr\u00eates \u00e0 l\u2019Emploi | Module T","og_description":"D\u00e9couvrez nos toilettes de chantier modulaires, hygi\u00e9niques et faciles \u00e0 installer. Conformes aux normes sanitaires, id\u00e9ales pour tous vos projets temporaires.","og_url":"https:\/\/www.mt-bungalow.fr\/es\/sectores\/construccion\/sanitarios-y-vestuarios-de-obra\/contenedores-wc\/","og_site_name":"MT Bungalow","article_modified_time":"2025-05-30T08:39:21+00:00","og_image":[{"width":900,"height":686,"url":"https:\/\/www.mt-bungalow.fr\/wp-content\/uploads\/2025\/04\/01-WC-CHANTIER-2.webp","type":"image\/jpeg"}],"twitter_card":"summary_large_image","twitter_misc":{"Tiempo de lectura":"9 minutos"},"schema":{"@context":"https:\/\/schema.org","@graph":[{"@type":"WebPage","@id":"https:\/\/www.mt-bungalow.fr\/expertises\/btp-chantiers\/sanitaires-vestiaires-de-chantier\/toilettes-de-chantier\/","url":"https:\/\/www.mt-bungalow.fr\/expertises\/btp-chantiers\/sanitaires-vestiaires-de-chantier\/toilettes-de-chantier\/","name":"Contenedores WC \u2013 MT Bungalow","isPartOf":{"@id":"https:\/\/www.mt-bungalow.fr\/#website"},"primaryImageOfPage":{"@id":"https:\/\/www.mt-bungalow.fr\/expertises\/btp-chantiers\/sanitaires-vestiaires-de-chantier\/toilettes-de-chantier\/#primaryimage"},"image":{"@id":"https:\/\/www.mt-bungalow.fr\/expertises\/btp-chantiers\/sanitaires-vestiaires-de-chantier\/toilettes-de-chantier\/#primaryimage"},"thumbnailUrl":"https:\/\/www.mt-bungalow.fr\/wp-content\/uploads\/2025\/04\/01-WC-CHANTIER-2.webp","datePublished":"2025-04-04T07:54:29+00:00","dateModified":"2025-05-30T08:39:21+00:00","description":"Descubra nuestros contenedores WC modulares, higi\u00e9nicos y f\u00e1ciles de instalar. Cumplen las normas sanitarias y son ideales para proyectos temporales.","breadcrumb":{"@id":"https:\/\/www.mt-bungalow.fr\/expertises\/btp-chantiers\/sanitaires-vestiaires-de-chantier\/toilettes-de-chantier\/#breadcrumb"},"inLanguage":"es","potentialAction":[{"@type":"ReadAction","target":["https:\/\/www.mt-bungalow.fr\/expertises\/btp-chantiers\/sanitaires-vestiaires-de-chantier\/toilettes-de-chantier\/"]}]},{"@type":"ImageObject","inLanguage":"es","@id":"https:\/\/www.mt-bungalow.fr\/expertises\/btp-chantiers\/sanitaires-vestiaires-de-chantier\/toilettes-de-chantier\/#primaryimage","url":"https:\/\/www.mt-bungalow.fr\/wp-content\/uploads\/2025\/04\/01-WC-CHANTIER-2.webp","contentUrl":"https:\/\/www.mt-bungalow.fr\/wp-content\/uploads\/2025\/04\/01-WC-CHANTIER-2.webp","width":900,"height":686,"caption":"toilette double de chantier"},{"@type":"BreadcrumbList","@id":"https:\/\/www.mt-bungalow.fr\/expertises\/btp-chantiers\/sanitaires-vestiaires-de-chantier\/toilettes-de-chantier\/#breadcrumb","itemListElement":[{"@type":"ListItem","position":1,"name":"Accueil","item":"https:\/\/www.mt-bungalow.fr\/"},{"@type":"ListItem","position":2,"name":"Expertises","item":"https:\/\/www.mt-bungalow.fr\/expertises\/"},{"@type":"ListItem","position":3,"name":"BTP \/ Chantiers","item":"https:\/\/www.mt-bungalow.fr\/expertises\/btp-chantiers\/"},{"@type":"ListItem","position":4,"name":"Sanitaires et vestiaires de chantier","item":"https:\/\/www.mt-bungalow.fr\/expertises\/btp-chantiers\/sanitaires-vestiaires-de-chantier\/"},{"@type":"ListItem","position":5,"name":"Toilettes de chantier"}]},{"@type":"WebSite","@id":"https:\/\/www.mt-bungalow.fr\/#website","url":"https:\/\/www.mt-bungalow.fr\/","name":"MT Bungalow","description":"","potentialAction":[{"@type":"SearchAction","target":{"@type":"EntryPoint","urlTemplate":"https:\/\/www.mt-bungalow.fr\/?s={search_term_string}"},"query-input":{"@type":"PropertyValueSpecification","valueRequired":true,"valueName":"search_term_string"}}],"inLanguage":"es"}]}},"_links":{"self":[{"href":"https:\/\/www.mt-bungalow.fr\/es\/wp-json\/wp\/v2\/pages\/701","targetHints":{"allow":["GET"]}}],"collection":[{"href":"https:\/\/www.mt-bungalow.fr\/es\/wp-json\/wp\/v2\/pages"}],"about":[{"href":"https:\/\/www.mt-bungalow.fr\/es\/wp-json\/wp\/v2\/types\/page"}],"author":[{"embeddable":true,"href":"https:\/\/www.mt-bungalow.fr\/es\/wp-json\/wp\/v2\/users\/1"}],"replies":[{"embeddable":true,"href":"https:\/\/www.mt-bungalow.fr\/es\/wp-json\/wp\/v2\/comments?post=701"}],"version-history":[{"count":18,"href":"https:\/\/www.mt-bungalow.fr\/es\/wp-json\/wp\/v2\/pages\/701\/revisions"}],"predecessor-version":[{"id":1575,"href":"https:\/\/www.mt-bungalow.fr\/es\/wp-json\/wp\/v2\/pages\/701\/revisions\/1575"}],"up":[{"embeddable":true,"href":"https:\/\/www.mt-bungalow.fr\/es\/wp-json\/wp\/v2\/pages\/685"}],"wp:featuredmedia":[{"embeddable":true,"href":"https:\/\/www.mt-bungalow.fr\/es\/wp-json\/wp\/v2\/media\/1393"}],"wp:attachment":[{"href":"https:\/\/www.mt-bungalow.fr\/es\/wp-json\/wp\/v2\/media?parent=701"}],"curies":[{"name":"wp","href":"https:\/\/api.w.org\/{rel}","templated":true}]}}