{"id":696,"date":"2025-04-04T09:51:37","date_gmt":"2025-04-04T07:51:37","guid":{"rendered":"https:\/\/www.mt-bungalow.fr\/?page_id=696"},"modified":"2025-05-30T14:38:09","modified_gmt":"2025-05-30T12:38:09","slug":"campamentos-modulares","status":"publish","type":"page","link":"https:\/\/www.mt-bungalow.fr\/es\/sectores\/construccion\/modulos-prefabricados-para-obra\/campamentos-modulares\/","title":{"rendered":"Campamentos modulares"},"content":{"rendered":"","protected":false},"excerpt":{"rendered":"<p>Nos bases-vie offrent des espaces complets pour accueillir vos \u00e9quipes dans les meilleures conditions : vestiaires, douches, sanitaires, r\u00e9fectoires, bureaux, tout est pr\u00e9vu pour favoriser le confort et la productivit\u00e9 des ouvriers.<\/p>","protected":false},"author":1,"featured_media":773,"parent":535,"menu_order":0,"comment_status":"closed","ping_status":"closed","template":"modele-expertise.php","meta":{"_acf_changed":false,"footnotes":""},"class_list":["post-696","page","type-page","status-publish","has-post-thumbnail","hentry"],"acf":[],"yoast_head":"<!-- This site is optimized with the Yoast SEO plugin v26.2 - https:\/\/yoast.com\/wordpress\/plugins\/seo\/ -->\n<title>Base de Vie Chantier - Confort &amp; Simplicit\u00e9 | Module T<\/title>\n<meta name=\"description\" content=\"Module T propose des bases de vie de chantier modulaires, confortables et rapides \u00e0 installer. Id\u00e9ales pour loger, nourrir et organiser vos \u00e9quipes sur site.\" \/>\n<meta name=\"robots\" content=\"index, follow, max-snippet:-1, max-image-preview:large, max-video-preview:-1\" \/>\n<link rel=\"canonical\" href=\"https:\/\/www.mt-bungalow.fr\/es\/sectores\/construccion\/modulos-prefabricados-para-obra\/campamentos-modulares\/\" \/>\n<meta property=\"og:locale\" content=\"es_ES\" \/>\n<meta property=\"og:type\" content=\"article\" \/>\n<meta property=\"og:title\" content=\"Base de Vie Chantier - Confort &amp; Simplicit\u00e9 | Module T\" \/>\n<meta property=\"og:description\" content=\"Module T propose des bases de vie de chantier modulaires, confortables et rapides \u00e0 installer. Id\u00e9ales pour loger, nourrir et organiser vos \u00e9quipes sur site.\" \/>\n<meta property=\"og:url\" content=\"https:\/\/www.mt-bungalow.fr\/es\/sectores\/construccion\/modulos-prefabricados-para-obra\/campamentos-modulares\/\" \/>\n<meta property=\"og:site_name\" content=\"MT Bungalow\" \/>\n<meta property=\"article:modified_time\" content=\"2025-05-30T12:38:09+00:00\" \/>\n<meta property=\"og:image\" content=\"https:\/\/www.mt-bungalow.fr\/wp-content\/uploads\/2025\/04\/BASE-VIE-02.webp\" \/>\n\t<meta property=\"og:image:width\" content=\"1000\" \/>\n\t<meta property=\"og:image:height\" content=\"479\" \/>\n\t<meta property=\"og:image:type\" content=\"image\/jpeg\" \/>\n<meta name=\"twitter:card\" content=\"summary_large_image\" \/>\n<meta name=\"twitter:label1\" content=\"Tiempo de lectura\" \/>\n\t<meta name=\"twitter:data1\" content=\"7 minutos\" \/>\n<script type=\"application\/ld+json\" class=\"yoast-schema-graph\">{\"@context\":\"https:\/\/schema.org\",\"@graph\":[{\"@type\":\"WebPage\",\"@id\":\"https:\/\/www.mt-bungalow.fr\/expertises\/btp-chantiers\/bungalows-de-chantier\/base-vie-chantier\/\",\"url\":\"https:\/\/www.mt-bungalow.fr\/expertises\/btp-chantiers\/bungalows-de-chantier\/base-vie-chantier\/\",\"name\":\"Base de Vie Chantier - Confort & Simplicit\u00e9 | Module T\",\"isPartOf\":{\"@id\":\"https:\/\/www.mt-bungalow.fr\/#website\"},\"primaryImageOfPage\":{\"@id\":\"https:\/\/www.mt-bungalow.fr\/expertises\/btp-chantiers\/bungalows-de-chantier\/base-vie-chantier\/#primaryimage\"},\"image\":{\"@id\":\"https:\/\/www.mt-bungalow.fr\/expertises\/btp-chantiers\/bungalows-de-chantier\/base-vie-chantier\/#primaryimage\"},\"thumbnailUrl\":\"https:\/\/www.mt-bungalow.fr\/wp-content\/uploads\/2025\/04\/BASE-VIE-02.webp\",\"datePublished\":\"2025-04-04T07:51:37+00:00\",\"dateModified\":\"2025-05-30T12:38:09+00:00\",\"description\":\"Module T propose des bases de vie de chantier modulaires, confortables et rapides \u00e0 installer. Id\u00e9ales pour loger, nourrir et organiser vos \u00e9quipes sur site.\",\"breadcrumb\":{\"@id\":\"https:\/\/www.mt-bungalow.fr\/expertises\/btp-chantiers\/bungalows-de-chantier\/base-vie-chantier\/#breadcrumb\"},\"inLanguage\":\"es\",\"potentialAction\":[{\"@type\":\"ReadAction\",\"target\":[\"https:\/\/www.mt-bungalow.fr\/expertises\/btp-chantiers\/bungalows-de-chantier\/base-vie-chantier\/\"]}]},{\"@type\":\"ImageObject\",\"inLanguage\":\"es\",\"@id\":\"https:\/\/www.mt-bungalow.fr\/expertises\/btp-chantiers\/bungalows-de-chantier\/base-vie-chantier\/#primaryimage\",\"url\":\"https:\/\/www.mt-bungalow.fr\/wp-content\/uploads\/2025\/04\/BASE-VIE-02.webp\",\"contentUrl\":\"https:\/\/www.mt-bungalow.fr\/wp-content\/uploads\/2025\/04\/BASE-VIE-02.webp\",\"width\":1000,\"height\":479,\"caption\":\"Base de vie chantier double \u00e9tages\"},{\"@type\":\"BreadcrumbList\",\"@id\":\"https:\/\/www.mt-bungalow.fr\/expertises\/btp-chantiers\/bungalows-de-chantier\/base-vie-chantier\/#breadcrumb\",\"itemListElement\":[{\"@type\":\"ListItem\",\"position\":1,\"name\":\"Accueil\",\"item\":\"https:\/\/www.mt-bungalow.fr\/\"},{\"@type\":\"ListItem\",\"position\":2,\"name\":\"Expertises\",\"item\":\"https:\/\/www.mt-bungalow.fr\/expertises\/\"},{\"@type\":\"ListItem\",\"position\":3,\"name\":\"BTP \/ Chantiers\",\"item\":\"https:\/\/www.mt-bungalow.fr\/expertises\/btp-chantiers\/\"},{\"@type\":\"ListItem\",\"position\":4,\"name\":\"Bungalows de chantier\",\"item\":\"https:\/\/www.mt-bungalow.fr\/expertises\/btp-chantiers\/bungalows-de-chantier\/\"},{\"@type\":\"ListItem\",\"position\":5,\"name\":\"Base de vie chantier\"}]},{\"@type\":\"WebSite\",\"@id\":\"https:\/\/www.mt-bungalow.fr\/#website\",\"url\":\"https:\/\/www.mt-bungalow.fr\/\",\"name\":\"MT Bungalow\",\"description\":\"\",\"potentialAction\":[{\"@type\":\"SearchAction\",\"target\":{\"@type\":\"EntryPoint\",\"urlTemplate\":\"https:\/\/www.mt-bungalow.fr\/?s={search_term_string}\"},\"query-input\":{\"@type\":\"PropertyValueSpecification\",\"valueRequired\":true,\"valueName\":\"search_term_string\"}}],\"inLanguage\":\"es\"}]}<\/script>\n<!-- \/ Yoast SEO plugin. -->","yoast_head_json":{"title":"Campamentos modulares | MT Bungalow","description":"MT Bungalow ofrece campamentos modulares c\u00f3modos y de r\u00e1pida instalaci\u00f3n, ideales para alojar, alimentar y organizar a sus equipos en obra.","robots":{"index":"index","follow":"follow","max-snippet":"max-snippet:-1","max-image-preview":"max-image-preview:large","max-video-preview":"max-video-preview:-1"},"canonical":"https:\/\/www.mt-bungalow.fr\/es\/sectores\/construccion\/modulos-prefabricados-para-obra\/campamentos-modulares\/","og_locale":"es_ES","og_type":"article","og_title":"Base de Vie Chantier - Confort & Simplicit\u00e9 | Module T","og_description":"Module T propose des bases de vie de chantier modulaires, confortables et rapides \u00e0 installer. Id\u00e9ales pour loger, nourrir et organiser vos \u00e9quipes sur site.","og_url":"https:\/\/www.mt-bungalow.fr\/es\/sectores\/construccion\/modulos-prefabricados-para-obra\/campamentos-modulares\/","og_site_name":"MT Bungalow","article_modified_time":"2025-05-30T12:38:09+00:00","og_image":[{"width":1000,"height":479,"url":"https:\/\/www.mt-bungalow.fr\/wp-content\/uploads\/2025\/04\/BASE-VIE-02.webp","type":"image\/jpeg"}],"twitter_card":"summary_large_image","twitter_misc":{"Tiempo de lectura":"7 minutos"},"schema":{"@context":"https:\/\/schema.org","@graph":[{"@type":"WebPage","@id":"https:\/\/www.mt-bungalow.fr\/expertises\/btp-chantiers\/bungalows-de-chantier\/base-vie-chantier\/","url":"https:\/\/www.mt-bungalow.fr\/expertises\/btp-chantiers\/bungalows-de-chantier\/base-vie-chantier\/","name":"Campamentos modulares | MT Bungalow","isPartOf":{"@id":"https:\/\/www.mt-bungalow.fr\/#website"},"primaryImageOfPage":{"@id":"https:\/\/www.mt-bungalow.fr\/expertises\/btp-chantiers\/bungalows-de-chantier\/base-vie-chantier\/#primaryimage"},"image":{"@id":"https:\/\/www.mt-bungalow.fr\/expertises\/btp-chantiers\/bungalows-de-chantier\/base-vie-chantier\/#primaryimage"},"thumbnailUrl":"https:\/\/www.mt-bungalow.fr\/wp-content\/uploads\/2025\/04\/BASE-VIE-02.webp","datePublished":"2025-04-04T07:51:37+00:00","dateModified":"2025-05-30T12:38:09+00:00","description":"MT Bungalow ofrece campamentos modulares c\u00f3modos y de r\u00e1pida instalaci\u00f3n, ideales para alojar, alimentar y organizar a sus equipos en obra.","breadcrumb":{"@id":"https:\/\/www.mt-bungalow.fr\/expertises\/btp-chantiers\/bungalows-de-chantier\/base-vie-chantier\/#breadcrumb"},"inLanguage":"es","potentialAction":[{"@type":"ReadAction","target":["https:\/\/www.mt-bungalow.fr\/expertises\/btp-chantiers\/bungalows-de-chantier\/base-vie-chantier\/"]}]},{"@type":"ImageObject","inLanguage":"es","@id":"https:\/\/www.mt-bungalow.fr\/expertises\/btp-chantiers\/bungalows-de-chantier\/base-vie-chantier\/#primaryimage","url":"https:\/\/www.mt-bungalow.fr\/wp-content\/uploads\/2025\/04\/BASE-VIE-02.webp","contentUrl":"https:\/\/www.mt-bungalow.fr\/wp-content\/uploads\/2025\/04\/BASE-VIE-02.webp","width":1000,"height":479,"caption":"Base de vie chantier double \u00e9tages"},{"@type":"BreadcrumbList","@id":"https:\/\/www.mt-bungalow.fr\/expertises\/btp-chantiers\/bungalows-de-chantier\/base-vie-chantier\/#breadcrumb","itemListElement":[{"@type":"ListItem","position":1,"name":"Accueil","item":"https:\/\/www.mt-bungalow.fr\/"},{"@type":"ListItem","position":2,"name":"Expertises","item":"https:\/\/www.mt-bungalow.fr\/expertises\/"},{"@type":"ListItem","position":3,"name":"BTP \/ Chantiers","item":"https:\/\/www.mt-bungalow.fr\/expertises\/btp-chantiers\/"},{"@type":"ListItem","position":4,"name":"Bungalows de chantier","item":"https:\/\/www.mt-bungalow.fr\/expertises\/btp-chantiers\/bungalows-de-chantier\/"},{"@type":"ListItem","position":5,"name":"Base de vie chantier"}]},{"@type":"WebSite","@id":"https:\/\/www.mt-bungalow.fr\/#website","url":"https:\/\/www.mt-bungalow.fr\/","name":"MT Bungalow","description":"","potentialAction":[{"@type":"SearchAction","target":{"@type":"EntryPoint","urlTemplate":"https:\/\/www.mt-bungalow.fr\/?s={search_term_string}"},"query-input":{"@type":"PropertyValueSpecification","valueRequired":true,"valueName":"search_term_string"}}],"inLanguage":"es"}]}},"_links":{"self":[{"href":"https:\/\/www.mt-bungalow.fr\/es\/wp-json\/wp\/v2\/pages\/696","targetHints":{"allow":["GET"]}}],"collection":[{"href":"https:\/\/www.mt-bungalow.fr\/es\/wp-json\/wp\/v2\/pages"}],"about":[{"href":"https:\/\/www.mt-bungalow.fr\/es\/wp-json\/wp\/v2\/types\/page"}],"author":[{"embeddable":true,"href":"https:\/\/www.mt-bungalow.fr\/es\/wp-json\/wp\/v2\/users\/1"}],"replies":[{"embeddable":true,"href":"https:\/\/www.mt-bungalow.fr\/es\/wp-json\/wp\/v2\/comments?post=696"}],"version-history":[{"count":26,"href":"https:\/\/www.mt-bungalow.fr\/es\/wp-json\/wp\/v2\/pages\/696\/revisions"}],"predecessor-version":[{"id":1604,"href":"https:\/\/www.mt-bungalow.fr\/es\/wp-json\/wp\/v2\/pages\/696\/revisions\/1604"}],"up":[{"embeddable":true,"href":"https:\/\/www.mt-bungalow.fr\/es\/wp-json\/wp\/v2\/pages\/535"}],"wp:featuredmedia":[{"embeddable":true,"href":"https:\/\/www.mt-bungalow.fr\/es\/wp-json\/wp\/v2\/media\/773"}],"wp:attachment":[{"href":"https:\/\/www.mt-bungalow.fr\/es\/wp-json\/wp\/v2\/media?parent=696"}],"curies":[{"name":"wp","href":"https:\/\/api.w.org\/{rel}","templated":true}]}}