{"id":535,"date":"2025-03-31T11:27:09","date_gmt":"2025-03-31T09:27:09","guid":{"rendered":"https:\/\/www.mt-bungalow.fr\/?page_id=535"},"modified":"2025-08-13T18:04:24","modified_gmt":"2025-08-13T16:04:24","slug":"modulos-prefabricados-para-obra","status":"publish","type":"page","link":"https:\/\/www.mt-bungalow.fr\/es\/sectores\/construccion\/modulos-prefabricados-para-obra\/","title":{"rendered":"M\u00f3dulos prefabricados para obra"},"content":{"rendered":"","protected":false},"excerpt":{"rendered":"<p>Le bungalow de chantier est l\u2019\u00e9l\u00e9ment central de toute organisation sur site. Il constitue un espace modulaire, pr\u00e9fabriqu\u00e9 et mobile qui peut remplir une multitude de fonctions selon les besoins du ma\u00eetre d\u2019\u0153uvre. Chez Module-T, nous proposons une large gamme de bungalows de chantier : bureaux, abris, vestiaires, sanitaires, zones de stockage\u2026 Toutes nos structures sont personnalisables, empilables, et livr\u00e9es rapidement, pr\u00eates \u00e0 \u00eatre install\u00e9es d\u00e8s leur r\u00e9ception.<\/p>","protected":false},"author":1,"featured_media":884,"parent":541,"menu_order":0,"comment_status":"closed","ping_status":"closed","template":"modele-parent.php","meta":{"_acf_changed":false,"footnotes":""},"class_list":["post-535","page","type-page","status-publish","has-post-thumbnail","hentry"],"acf":[],"yoast_head":"<!-- This site is optimized with the Yoast SEO plugin v26.2 - https:\/\/yoast.com\/wordpress\/plugins\/seo\/ -->\n<title>Bungalows de Chantier \u2013 Solutions Professionnelles - MT Bungalow<\/title>\n<meta name=\"description\" content=\"Bungalows de chantier modulaires et personnalisables : bureaux, sanitaires, vestiaires\u2026 Conformes aux normes BTP, adapt\u00e9s \u00e0 tous les environnements de travail.\" \/>\n<meta name=\"robots\" content=\"index, follow, max-snippet:-1, max-image-preview:large, max-video-preview:-1\" \/>\n<link rel=\"canonical\" href=\"https:\/\/www.mt-bungalow.fr\/es\/sectores\/construccion\/modulos-prefabricados-para-obra\/\" \/>\n<meta property=\"og:locale\" content=\"es_ES\" \/>\n<meta property=\"og:type\" content=\"article\" \/>\n<meta property=\"og:title\" content=\"Bungalows de Chantier \u2013 Solutions Professionnelles - MT Bungalow\" \/>\n<meta property=\"og:description\" content=\"Bungalows de chantier modulaires et personnalisables : bureaux, sanitaires, vestiaires\u2026 Conformes aux normes BTP, adapt\u00e9s \u00e0 tous les environnements de travail.\" \/>\n<meta property=\"og:url\" content=\"https:\/\/www.mt-bungalow.fr\/es\/sectores\/construccion\/modulos-prefabricados-para-obra\/\" \/>\n<meta property=\"og:site_name\" content=\"MT Bungalow\" \/>\n<meta property=\"article:modified_time\" content=\"2025-08-13T16:04:24+00:00\" \/>\n<meta property=\"og:image\" content=\"https:\/\/www.mt-bungalow.fr\/wp-content\/uploads\/2025\/04\/06-BUREAUX-DE-CHANTIER.webp\" \/>\n\t<meta property=\"og:image:width\" content=\"900\" \/>\n\t<meta property=\"og:image:height\" content=\"648\" \/>\n\t<meta property=\"og:image:type\" content=\"image\/jpeg\" \/>\n<meta name=\"twitter:card\" content=\"summary_large_image\" \/>\n<meta name=\"twitter:label1\" content=\"Tiempo de lectura\" \/>\n\t<meta name=\"twitter:data1\" content=\"9 minutos\" \/>\n<script type=\"application\/ld+json\" class=\"yoast-schema-graph\">{\"@context\":\"https:\/\/schema.org\",\"@graph\":[{\"@type\":\"WebPage\",\"@id\":\"https:\/\/www.mt-bungalow.fr\/expertises\/btp-chantiers\/bungalows-de-chantier\/\",\"url\":\"https:\/\/www.mt-bungalow.fr\/expertises\/btp-chantiers\/bungalows-de-chantier\/\",\"name\":\"Bungalows de Chantier \u2013 Solutions Professionnelles - MT Bungalow\",\"isPartOf\":{\"@id\":\"https:\/\/www.mt-bungalow.fr\/#website\"},\"primaryImageOfPage\":{\"@id\":\"https:\/\/www.mt-bungalow.fr\/expertises\/btp-chantiers\/bungalows-de-chantier\/#primaryimage\"},\"image\":{\"@id\":\"https:\/\/www.mt-bungalow.fr\/expertises\/btp-chantiers\/bungalows-de-chantier\/#primaryimage\"},\"thumbnailUrl\":\"https:\/\/www.mt-bungalow.fr\/wp-content\/uploads\/2025\/04\/06-BUREAUX-DE-CHANTIER.webp\",\"datePublished\":\"2025-03-31T09:27:09+00:00\",\"dateModified\":\"2025-08-13T16:04:24+00:00\",\"description\":\"Bungalows de chantier modulaires et personnalisables : bureaux, sanitaires, vestiaires\u2026 Conformes aux normes BTP, adapt\u00e9s \u00e0 tous les environnements de travail.\",\"breadcrumb\":{\"@id\":\"https:\/\/www.mt-bungalow.fr\/expertises\/btp-chantiers\/bungalows-de-chantier\/#breadcrumb\"},\"inLanguage\":\"es\",\"potentialAction\":[{\"@type\":\"ReadAction\",\"target\":[\"https:\/\/www.mt-bungalow.fr\/expertises\/btp-chantiers\/bungalows-de-chantier\/\"]}]},{\"@type\":\"ImageObject\",\"inLanguage\":\"es\",\"@id\":\"https:\/\/www.mt-bungalow.fr\/expertises\/btp-chantiers\/bungalows-de-chantier\/#primaryimage\",\"url\":\"https:\/\/www.mt-bungalow.fr\/wp-content\/uploads\/2025\/04\/06-BUREAUX-DE-CHANTIER.webp\",\"contentUrl\":\"https:\/\/www.mt-bungalow.fr\/wp-content\/uploads\/2025\/04\/06-BUREAUX-DE-CHANTIER.webp\",\"width\":900,\"height\":648,\"caption\":\"Bureau de chantier avec fen\u00eatre grillag\u00e9e\"},{\"@type\":\"BreadcrumbList\",\"@id\":\"https:\/\/www.mt-bungalow.fr\/expertises\/btp-chantiers\/bungalows-de-chantier\/#breadcrumb\",\"itemListElement\":[{\"@type\":\"ListItem\",\"position\":1,\"name\":\"Accueil\",\"item\":\"https:\/\/www.mt-bungalow.fr\/\"},{\"@type\":\"ListItem\",\"position\":2,\"name\":\"Expertises\",\"item\":\"https:\/\/www.mt-bungalow.fr\/expertises\/\"},{\"@type\":\"ListItem\",\"position\":3,\"name\":\"BTP \/ Chantiers\",\"item\":\"https:\/\/www.mt-bungalow.fr\/expertises\/btp-chantiers\/\"},{\"@type\":\"ListItem\",\"position\":4,\"name\":\"Bungalows de chantier\"}]},{\"@type\":\"WebSite\",\"@id\":\"https:\/\/www.mt-bungalow.fr\/#website\",\"url\":\"https:\/\/www.mt-bungalow.fr\/\",\"name\":\"MT Bungalow\",\"description\":\"\",\"potentialAction\":[{\"@type\":\"SearchAction\",\"target\":{\"@type\":\"EntryPoint\",\"urlTemplate\":\"https:\/\/www.mt-bungalow.fr\/?s={search_term_string}\"},\"query-input\":{\"@type\":\"PropertyValueSpecification\",\"valueRequired\":true,\"valueName\":\"search_term_string\"}}],\"inLanguage\":\"es\"}]}<\/script>\n<!-- \/ Yoast SEO plugin. -->","yoast_head_json":{"title":"M\u00f3dulos prefabricados para obra \u2013 Soluciones Profesionales - MT Bungalow","description":"M\u00f3dulos prefabricados para obra, personalizables como oficinas, sanitarios y vestuarios, cumpliendo normas BTP y aptos para cualquier entorno laboral.","robots":{"index":"index","follow":"follow","max-snippet":"max-snippet:-1","max-image-preview":"max-image-preview:large","max-video-preview":"max-video-preview:-1"},"canonical":"https:\/\/www.mt-bungalow.fr\/es\/sectores\/construccion\/modulos-prefabricados-para-obra\/","og_locale":"es_ES","og_type":"article","og_title":"Bungalows de Chantier \u2013 Solutions Professionnelles - MT Bungalow","og_description":"Bungalows de chantier modulaires et personnalisables : bureaux, sanitaires, vestiaires\u2026 Conformes aux normes BTP, adapt\u00e9s \u00e0 tous les environnements de travail.","og_url":"https:\/\/www.mt-bungalow.fr\/es\/sectores\/construccion\/modulos-prefabricados-para-obra\/","og_site_name":"MT Bungalow","article_modified_time":"2025-08-13T16:04:24+00:00","og_image":[{"width":900,"height":648,"url":"https:\/\/www.mt-bungalow.fr\/wp-content\/uploads\/2025\/04\/06-BUREAUX-DE-CHANTIER.webp","type":"image\/jpeg"}],"twitter_card":"summary_large_image","twitter_misc":{"Tiempo de lectura":"9 minutos"},"schema":{"@context":"https:\/\/schema.org","@graph":[{"@type":"WebPage","@id":"https:\/\/www.mt-bungalow.fr\/expertises\/btp-chantiers\/bungalows-de-chantier\/","url":"https:\/\/www.mt-bungalow.fr\/expertises\/btp-chantiers\/bungalows-de-chantier\/","name":"M\u00f3dulos prefabricados para obra \u2013 Soluciones Profesionales - MT Bungalow","isPartOf":{"@id":"https:\/\/www.mt-bungalow.fr\/#website"},"primaryImageOfPage":{"@id":"https:\/\/www.mt-bungalow.fr\/expertises\/btp-chantiers\/bungalows-de-chantier\/#primaryimage"},"image":{"@id":"https:\/\/www.mt-bungalow.fr\/expertises\/btp-chantiers\/bungalows-de-chantier\/#primaryimage"},"thumbnailUrl":"https:\/\/www.mt-bungalow.fr\/wp-content\/uploads\/2025\/04\/06-BUREAUX-DE-CHANTIER.webp","datePublished":"2025-03-31T09:27:09+00:00","dateModified":"2025-08-13T16:04:24+00:00","description":"M\u00f3dulos prefabricados para obra, personalizables como oficinas, sanitarios y vestuarios, cumpliendo normas BTP y aptos para cualquier entorno laboral.","breadcrumb":{"@id":"https:\/\/www.mt-bungalow.fr\/expertises\/btp-chantiers\/bungalows-de-chantier\/#breadcrumb"},"inLanguage":"es","potentialAction":[{"@type":"ReadAction","target":["https:\/\/www.mt-bungalow.fr\/expertises\/btp-chantiers\/bungalows-de-chantier\/"]}]},{"@type":"ImageObject","inLanguage":"es","@id":"https:\/\/www.mt-bungalow.fr\/expertises\/btp-chantiers\/bungalows-de-chantier\/#primaryimage","url":"https:\/\/www.mt-bungalow.fr\/wp-content\/uploads\/2025\/04\/06-BUREAUX-DE-CHANTIER.webp","contentUrl":"https:\/\/www.mt-bungalow.fr\/wp-content\/uploads\/2025\/04\/06-BUREAUX-DE-CHANTIER.webp","width":900,"height":648,"caption":"Bureau de chantier avec fen\u00eatre grillag\u00e9e"},{"@type":"BreadcrumbList","@id":"https:\/\/www.mt-bungalow.fr\/expertises\/btp-chantiers\/bungalows-de-chantier\/#breadcrumb","itemListElement":[{"@type":"ListItem","position":1,"name":"Accueil","item":"https:\/\/www.mt-bungalow.fr\/"},{"@type":"ListItem","position":2,"name":"Expertises","item":"https:\/\/www.mt-bungalow.fr\/expertises\/"},{"@type":"ListItem","position":3,"name":"BTP \/ Chantiers","item":"https:\/\/www.mt-bungalow.fr\/expertises\/btp-chantiers\/"},{"@type":"ListItem","position":4,"name":"Bungalows de chantier"}]},{"@type":"WebSite","@id":"https:\/\/www.mt-bungalow.fr\/#website","url":"https:\/\/www.mt-bungalow.fr\/","name":"MT Bungalow","description":"","potentialAction":[{"@type":"SearchAction","target":{"@type":"EntryPoint","urlTemplate":"https:\/\/www.mt-bungalow.fr\/?s={search_term_string}"},"query-input":{"@type":"PropertyValueSpecification","valueRequired":true,"valueName":"search_term_string"}}],"inLanguage":"es"}]}},"_links":{"self":[{"href":"https:\/\/www.mt-bungalow.fr\/es\/wp-json\/wp\/v2\/pages\/535","targetHints":{"allow":["GET"]}}],"collection":[{"href":"https:\/\/www.mt-bungalow.fr\/es\/wp-json\/wp\/v2\/pages"}],"about":[{"href":"https:\/\/www.mt-bungalow.fr\/es\/wp-json\/wp\/v2\/types\/page"}],"author":[{"embeddable":true,"href":"https:\/\/www.mt-bungalow.fr\/es\/wp-json\/wp\/v2\/users\/1"}],"replies":[{"embeddable":true,"href":"https:\/\/www.mt-bungalow.fr\/es\/wp-json\/wp\/v2\/comments?post=535"}],"version-history":[{"count":54,"href":"https:\/\/www.mt-bungalow.fr\/es\/wp-json\/wp\/v2\/pages\/535\/revisions"}],"predecessor-version":[{"id":2033,"href":"https:\/\/www.mt-bungalow.fr\/es\/wp-json\/wp\/v2\/pages\/535\/revisions\/2033"}],"up":[{"embeddable":true,"href":"https:\/\/www.mt-bungalow.fr\/es\/wp-json\/wp\/v2\/pages\/541"}],"wp:featuredmedia":[{"embeddable":true,"href":"https:\/\/www.mt-bungalow.fr\/es\/wp-json\/wp\/v2\/media\/884"}],"wp:attachment":[{"href":"https:\/\/www.mt-bungalow.fr\/es\/wp-json\/wp\/v2\/media?parent=535"}],"curies":[{"name":"wp","href":"https:\/\/api.w.org\/{rel}","templated":true}]}}