{"id":2069,"date":"2025-09-17T11:23:00","date_gmt":"2025-09-17T09:23:00","guid":{"rendered":"https:\/\/www.mt-bungalow.fr\/?page_id=2069"},"modified":"2025-11-13T18:39:14","modified_gmt":"2025-11-13T17:39:14","slug":"bungalow-de-chantier-martinique","status":"publish","type":"page","link":"https:\/\/www.mt-bungalow.fr\/es\/bungalow-de-chantier-martinique\/","title":{"rendered":"Bungalow de chantier en Martinique"},"content":{"rendered":"","protected":false},"excerpt":{"rendered":"<p>Le bungalow de chantier est l\u2019\u00e9l\u00e9ment central de toute organisation sur site. Il constitue un espace modulaire, pr\u00e9fabriqu\u00e9 et mobile qui peut remplir une multitude de fonctions selon les besoins du ma\u00eetre d\u2019\u0153uvre. Chez Module-T, nous proposons une large gamme de bungalows de chantier : bureaux, abris, vestiaires, sanitaires, zones de stockage\u2026 Toutes nos structures sont personnalisables, empilables, et livr\u00e9es rapidement, pr\u00eates \u00e0 \u00eatre install\u00e9es d\u00e8s leur r\u00e9ception.<\/p>","protected":false},"author":1,"featured_media":884,"parent":0,"menu_order":0,"comment_status":"closed","ping_status":"closed","template":"modele-parent.php","meta":{"_acf_changed":false,"footnotes":""},"class_list":["post-2069","page","type-page","status-publish","has-post-thumbnail","hentry"],"acf":[],"yoast_head":"<!-- This site is optimized with the Yoast SEO plugin v26.2 - https:\/\/yoast.com\/wordpress\/plugins\/seo\/ -->\n<title>Bungalows de Chantier en Martinique \u2013 Solutions Professionnelles - MT Bungalow<\/title>\n<meta name=\"description\" content=\"Achetez votre bungalow de chantier en Martinique. Modules pr\u00e9fabriqu\u00e9s, confortables et personnalisables. Livraison rapide en Haute-Garonne. Devis gratuit.\" \/>\n<meta name=\"robots\" content=\"index, follow, max-snippet:-1, max-image-preview:large, max-video-preview:-1\" \/>\n<link rel=\"canonical\" href=\"https:\/\/www.mt-bungalow.fr\/es\/bungalow-en-obra-en-toulouse\/\" \/>\n<meta property=\"og:locale\" content=\"es_ES\" \/>\n<meta property=\"og:type\" content=\"article\" \/>\n<meta property=\"og:title\" content=\"Bungalows de Chantier en Martinique \u2013 Solutions Professionnelles - MT Bungalow\" \/>\n<meta property=\"og:description\" content=\"Achetez votre bungalow de chantier en Martinique. Modules pr\u00e9fabriqu\u00e9s, confortables et personnalisables. Livraison rapide en Haute-Garonne. Devis gratuit.\" \/>\n<meta property=\"og:url\" content=\"https:\/\/www.mt-bungalow.fr\/es\/bungalow-en-obra-en-toulouse\/\" \/>\n<meta property=\"og:site_name\" content=\"MT Bungalow\" \/>\n<meta property=\"article:modified_time\" content=\"2025-11-13T17:39:14+00:00\" \/>\n<meta property=\"og:image\" content=\"https:\/\/www.mt-bungalow.fr\/wp-content\/uploads\/2025\/04\/06-BUREAUX-DE-CHANTIER.webp\" \/>\n\t<meta property=\"og:image:width\" content=\"900\" \/>\n\t<meta property=\"og:image:height\" content=\"648\" \/>\n\t<meta property=\"og:image:type\" content=\"image\/jpeg\" \/>\n<meta name=\"twitter:card\" content=\"summary_large_image\" \/>\n<meta name=\"twitter:label1\" content=\"Tiempo de lectura\" \/>\n\t<meta name=\"twitter:data1\" content=\"7 minutos\" \/>\n<script type=\"application\/ld+json\" class=\"yoast-schema-graph\">{\"@context\":\"https:\/\/schema.org\",\"@graph\":[{\"@type\":\"WebPage\",\"@id\":\"https:\/\/www.mt-bungalow.fr\/bungalow-de-chantier-martinique\/\",\"url\":\"https:\/\/www.mt-bungalow.fr\/bungalow-chantier-toulouse\/\",\"name\":\"Bungalows de Chantier en Martinique \u2013 Solutions Professionnelles - MT Bungalow\",\"isPartOf\":{\"@id\":\"https:\/\/www.mt-bungalow.fr\/#website\"},\"primaryImageOfPage\":{\"@id\":\"https:\/\/www.mt-bungalow.fr\/bungalow-chantier-toulouse\/#primaryimage\"},\"image\":{\"@id\":\"https:\/\/www.mt-bungalow.fr\/bungalow-chantier-toulouse\/#primaryimage\"},\"thumbnailUrl\":\"https:\/\/www.mt-bungalow.fr\/wp-content\/uploads\/2025\/04\/06-BUREAUX-DE-CHANTIER.webp\",\"datePublished\":\"2025-09-17T09:23:00+00:00\",\"dateModified\":\"2025-11-13T17:39:14+00:00\",\"description\":\"Achetez votre bungalow de chantier en Martinique. Modules pr\u00e9fabriqu\u00e9s, confortables et personnalisables. Livraison rapide en Haute-Garonne. Devis gratuit.\",\"breadcrumb\":{\"@id\":\"https:\/\/www.mt-bungalow.fr\/bungalow-chantier-toulouse\/#breadcrumb\"},\"inLanguage\":\"es\",\"potentialAction\":[{\"@type\":\"ReadAction\",\"target\":[\"https:\/\/www.mt-bungalow.fr\/bungalow-chantier-toulouse\/\"]}]},{\"@type\":\"ImageObject\",\"inLanguage\":\"es\",\"@id\":\"https:\/\/www.mt-bungalow.fr\/bungalow-chantier-toulouse\/#primaryimage\",\"url\":\"https:\/\/www.mt-bungalow.fr\/wp-content\/uploads\/2025\/04\/06-BUREAUX-DE-CHANTIER.webp\",\"contentUrl\":\"https:\/\/www.mt-bungalow.fr\/wp-content\/uploads\/2025\/04\/06-BUREAUX-DE-CHANTIER.webp\",\"width\":900,\"height\":648,\"caption\":\"Bureau de chantier avec fen\u00eatre grillag\u00e9e\"},{\"@type\":\"BreadcrumbList\",\"@id\":\"https:\/\/www.mt-bungalow.fr\/bungalow-chantier-toulouse\/#breadcrumb\",\"itemListElement\":[{\"@type\":\"ListItem\",\"position\":1,\"name\":\"Accueil\",\"item\":\"https:\/\/www.mt-bungalow.fr\/\"},{\"@type\":\"ListItem\",\"position\":2,\"name\":\"Bungalow de chantier en Martinique\"}]},{\"@type\":\"WebSite\",\"@id\":\"https:\/\/www.mt-bungalow.fr\/#website\",\"url\":\"https:\/\/www.mt-bungalow.fr\/\",\"name\":\"MT Bungalow\",\"description\":\"\",\"potentialAction\":[{\"@type\":\"SearchAction\",\"target\":{\"@type\":\"EntryPoint\",\"urlTemplate\":\"https:\/\/www.mt-bungalow.fr\/?s={search_term_string}\"},\"query-input\":{\"@type\":\"PropertyValueSpecification\",\"valueRequired\":true,\"valueName\":\"search_term_string\"}}],\"inLanguage\":\"es\"}]}<\/script>\n<!-- \/ Yoast SEO plugin. -->","yoast_head_json":{"title":"Bungalows de Chantier en Martinique \u2013 Solutions Professionnelles - MT Bungalow","description":"Achetez votre bungalow de chantier en Martinique. Modules pr\u00e9fabriqu\u00e9s, confortables et personnalisables. Livraison rapide en Haute-Garonne. Devis gratuit.","robots":{"index":"index","follow":"follow","max-snippet":"max-snippet:-1","max-image-preview":"max-image-preview:large","max-video-preview":"max-video-preview:-1"},"canonical":"https:\/\/www.mt-bungalow.fr\/es\/bungalow-en-obra-en-toulouse\/","og_locale":"es_ES","og_type":"article","og_title":"Bungalows de Chantier en Martinique \u2013 Solutions Professionnelles - MT Bungalow","og_description":"Achetez votre bungalow de chantier en Martinique. Modules pr\u00e9fabriqu\u00e9s, confortables et personnalisables. Livraison rapide en Haute-Garonne. Devis gratuit.","og_url":"https:\/\/www.mt-bungalow.fr\/es\/bungalow-en-obra-en-toulouse\/","og_site_name":"MT Bungalow","article_modified_time":"2025-11-13T17:39:14+00:00","og_image":[{"width":900,"height":648,"url":"https:\/\/www.mt-bungalow.fr\/wp-content\/uploads\/2025\/04\/06-BUREAUX-DE-CHANTIER.webp","type":"image\/jpeg"}],"twitter_card":"summary_large_image","twitter_misc":{"Tiempo de lectura":"7 minutos"},"schema":{"@context":"https:\/\/schema.org","@graph":[{"@type":"WebPage","@id":"https:\/\/www.mt-bungalow.fr\/bungalow-de-chantier-martinique\/","url":"https:\/\/www.mt-bungalow.fr\/bungalow-chantier-toulouse\/","name":"Bungalows de Chantier en Martinique \u2013 Solutions Professionnelles - MT Bungalow","isPartOf":{"@id":"https:\/\/www.mt-bungalow.fr\/#website"},"primaryImageOfPage":{"@id":"https:\/\/www.mt-bungalow.fr\/bungalow-chantier-toulouse\/#primaryimage"},"image":{"@id":"https:\/\/www.mt-bungalow.fr\/bungalow-chantier-toulouse\/#primaryimage"},"thumbnailUrl":"https:\/\/www.mt-bungalow.fr\/wp-content\/uploads\/2025\/04\/06-BUREAUX-DE-CHANTIER.webp","datePublished":"2025-09-17T09:23:00+00:00","dateModified":"2025-11-13T17:39:14+00:00","description":"Achetez votre bungalow de chantier en Martinique. Modules pr\u00e9fabriqu\u00e9s, confortables et personnalisables. Livraison rapide en Haute-Garonne. Devis gratuit.","breadcrumb":{"@id":"https:\/\/www.mt-bungalow.fr\/bungalow-chantier-toulouse\/#breadcrumb"},"inLanguage":"es","potentialAction":[{"@type":"ReadAction","target":["https:\/\/www.mt-bungalow.fr\/bungalow-chantier-toulouse\/"]}]},{"@type":"ImageObject","inLanguage":"es","@id":"https:\/\/www.mt-bungalow.fr\/bungalow-chantier-toulouse\/#primaryimage","url":"https:\/\/www.mt-bungalow.fr\/wp-content\/uploads\/2025\/04\/06-BUREAUX-DE-CHANTIER.webp","contentUrl":"https:\/\/www.mt-bungalow.fr\/wp-content\/uploads\/2025\/04\/06-BUREAUX-DE-CHANTIER.webp","width":900,"height":648,"caption":"Bureau de chantier avec fen\u00eatre grillag\u00e9e"},{"@type":"BreadcrumbList","@id":"https:\/\/www.mt-bungalow.fr\/bungalow-chantier-toulouse\/#breadcrumb","itemListElement":[{"@type":"ListItem","position":1,"name":"Accueil","item":"https:\/\/www.mt-bungalow.fr\/"},{"@type":"ListItem","position":2,"name":"Bungalow de chantier en Martinique"}]},{"@type":"WebSite","@id":"https:\/\/www.mt-bungalow.fr\/#website","url":"https:\/\/www.mt-bungalow.fr\/","name":"MT Bungalow","description":"","potentialAction":[{"@type":"SearchAction","target":{"@type":"EntryPoint","urlTemplate":"https:\/\/www.mt-bungalow.fr\/?s={search_term_string}"},"query-input":{"@type":"PropertyValueSpecification","valueRequired":true,"valueName":"search_term_string"}}],"inLanguage":"es"}]}},"_links":{"self":[{"href":"https:\/\/www.mt-bungalow.fr\/es\/wp-json\/wp\/v2\/pages\/2069","targetHints":{"allow":["GET"]}}],"collection":[{"href":"https:\/\/www.mt-bungalow.fr\/es\/wp-json\/wp\/v2\/pages"}],"about":[{"href":"https:\/\/www.mt-bungalow.fr\/es\/wp-json\/wp\/v2\/types\/page"}],"author":[{"embeddable":true,"href":"https:\/\/www.mt-bungalow.fr\/es\/wp-json\/wp\/v2\/users\/1"}],"replies":[{"embeddable":true,"href":"https:\/\/www.mt-bungalow.fr\/es\/wp-json\/wp\/v2\/comments?post=2069"}],"version-history":[{"count":6,"href":"https:\/\/www.mt-bungalow.fr\/es\/wp-json\/wp\/v2\/pages\/2069\/revisions"}],"predecessor-version":[{"id":2319,"href":"https:\/\/www.mt-bungalow.fr\/es\/wp-json\/wp\/v2\/pages\/2069\/revisions\/2319"}],"wp:featuredmedia":[{"embeddable":true,"href":"https:\/\/www.mt-bungalow.fr\/es\/wp-json\/wp\/v2\/media\/884"}],"wp:attachment":[{"href":"https:\/\/www.mt-bungalow.fr\/es\/wp-json\/wp\/v2\/media?parent=2069"}],"curies":[{"name":"wp","href":"https:\/\/api.w.org\/{rel}","templated":true}]}}