{"id":1749,"date":"2025-06-13T14:02:02","date_gmt":"2025-06-13T12:02:02","guid":{"rendered":"https:\/\/www.mt-bungalow.fr\/?page_id=1749"},"modified":"2025-06-16T13:29:47","modified_gmt":"2025-06-16T11:29:47","slug":"bloque-sanitario-conectable","status":"publish","type":"page","link":"https:\/\/www.mt-bungalow.fr\/es\/sectores\/evento\/bloque-sanitario-conectable\/","title":{"rendered":"Bloque sanitario conectable"},"content":{"rendered":"","protected":false},"excerpt":{"rendered":"<p>Une solution tout-en-un pour les projets complexes : notre bungalow combin\u00e9 int\u00e8gre vestiaires, douches et sanitaires dans une seule unit\u00e9, modulable et personnalisable. Un choix \u00e9conomique et pratique pour optimiser l\u2019espace tout en garantissant des installations compl\u00e8tes.<\/p>","protected":false},"author":2,"featured_media":1831,"parent":1717,"menu_order":1,"comment_status":"closed","ping_status":"closed","template":"modele-expertise.php","meta":{"_acf_changed":false,"footnotes":""},"class_list":["post-1749","page","type-page","status-publish","has-post-thumbnail","hentry"],"acf":[],"yoast_head":"<!-- This site is optimized with the Yoast SEO plugin v26.2 - https:\/\/yoast.com\/wordpress\/plugins\/seo\/ -->\n<title>Blocs sanitaires raccordables sur-mesure | MT Bungalow<\/title>\n<meta name=\"description\" content=\"D\u00e9couvrez nos blocs sanitaires raccordables : livraison rapide, installation simple, conformit\u00e9 ERP\/PMR. Solutions sur-mesure MT Bungalow.\" \/>\n<meta name=\"robots\" content=\"index, follow, max-snippet:-1, max-image-preview:large, max-video-preview:-1\" \/>\n<link rel=\"canonical\" href=\"https:\/\/www.mt-bungalow.fr\/es\/sectores\/evento\/bloque-sanitario-conectable\/\" \/>\n<meta property=\"og:locale\" content=\"es_ES\" \/>\n<meta property=\"og:type\" content=\"article\" \/>\n<meta property=\"og:title\" content=\"Blocs sanitaires raccordables sur-mesure | MT Bungalow\" \/>\n<meta property=\"og:description\" content=\"D\u00e9couvrez nos blocs sanitaires raccordables : livraison rapide, installation simple, conformit\u00e9 ERP\/PMR. Solutions sur-mesure MT Bungalow.\" \/>\n<meta property=\"og:url\" content=\"https:\/\/www.mt-bungalow.fr\/es\/sectores\/evento\/bloque-sanitario-conectable\/\" \/>\n<meta property=\"og:site_name\" content=\"MT Bungalow\" \/>\n<meta property=\"article:modified_time\" content=\"2025-06-16T11:29:47+00:00\" \/>\n<meta property=\"og:image\" content=\"https:\/\/www.mt-bungalow.fr\/wp-content\/uploads\/2025\/06\/achat-bloc-sanitaire.webp\" \/>\n\t<meta property=\"og:image:width\" content=\"950\" \/>\n\t<meta property=\"og:image:height\" content=\"673\" \/>\n\t<meta property=\"og:image:type\" content=\"image\/webp\" \/>\n<meta name=\"twitter:card\" content=\"summary_large_image\" \/>\n<meta name=\"twitter:label1\" content=\"Tiempo de lectura\" \/>\n\t<meta name=\"twitter:data1\" content=\"8 minutos\" \/>\n<script type=\"application\/ld+json\" class=\"yoast-schema-graph\">{\"@context\":\"https:\/\/schema.org\",\"@graph\":[{\"@type\":\"WebPage\",\"@id\":\"https:\/\/www.mt-bungalow.fr\/expertises\/evenementiel\/bloc-sanitaire-raccordable\/\",\"url\":\"https:\/\/www.mt-bungalow.fr\/expertises\/evenementiel\/bloc-sanitaire-raccordable\/\",\"name\":\"Blocs sanitaires raccordables sur-mesure | MT Bungalow\",\"isPartOf\":{\"@id\":\"https:\/\/www.mt-bungalow.fr\/#website\"},\"primaryImageOfPage\":{\"@id\":\"https:\/\/www.mt-bungalow.fr\/expertises\/evenementiel\/bloc-sanitaire-raccordable\/#primaryimage\"},\"image\":{\"@id\":\"https:\/\/www.mt-bungalow.fr\/expertises\/evenementiel\/bloc-sanitaire-raccordable\/#primaryimage\"},\"thumbnailUrl\":\"https:\/\/www.mt-bungalow.fr\/wp-content\/uploads\/2025\/06\/achat-bloc-sanitaire.webp\",\"datePublished\":\"2025-06-13T12:02:02+00:00\",\"dateModified\":\"2025-06-16T11:29:47+00:00\",\"description\":\"D\u00e9couvrez nos blocs sanitaires raccordables : livraison rapide, installation simple, conformit\u00e9 ERP\/PMR. Solutions sur-mesure MT Bungalow.\",\"breadcrumb\":{\"@id\":\"https:\/\/www.mt-bungalow.fr\/expertises\/evenementiel\/bloc-sanitaire-raccordable\/#breadcrumb\"},\"inLanguage\":\"es\",\"potentialAction\":[{\"@type\":\"ReadAction\",\"target\":[\"https:\/\/www.mt-bungalow.fr\/expertises\/evenementiel\/bloc-sanitaire-raccordable\/\"]}]},{\"@type\":\"ImageObject\",\"inLanguage\":\"es\",\"@id\":\"https:\/\/www.mt-bungalow.fr\/expertises\/evenementiel\/bloc-sanitaire-raccordable\/#primaryimage\",\"url\":\"https:\/\/www.mt-bungalow.fr\/wp-content\/uploads\/2025\/06\/achat-bloc-sanitaire.webp\",\"contentUrl\":\"https:\/\/www.mt-bungalow.fr\/wp-content\/uploads\/2025\/06\/achat-bloc-sanitaire.webp\",\"width\":950,\"height\":673,\"caption\":\"achat-bloc-sanitaire\"},{\"@type\":\"BreadcrumbList\",\"@id\":\"https:\/\/www.mt-bungalow.fr\/expertises\/evenementiel\/bloc-sanitaire-raccordable\/#breadcrumb\",\"itemListElement\":[{\"@type\":\"ListItem\",\"position\":1,\"name\":\"Accueil\",\"item\":\"https:\/\/www.mt-bungalow.fr\/\"},{\"@type\":\"ListItem\",\"position\":2,\"name\":\"Expertises\",\"item\":\"https:\/\/www.mt-bungalow.fr\/expertises\/\"},{\"@type\":\"ListItem\",\"position\":3,\"name\":\"\u00c9v\u00e8nementiel\",\"item\":\"https:\/\/www.mt-bungalow.fr\/expertises\/evenementiel\/\"},{\"@type\":\"ListItem\",\"position\":4,\"name\":\"Bloc Sanitaire Raccordable\"}]},{\"@type\":\"WebSite\",\"@id\":\"https:\/\/www.mt-bungalow.fr\/#website\",\"url\":\"https:\/\/www.mt-bungalow.fr\/\",\"name\":\"MT Bungalow\",\"description\":\"\",\"potentialAction\":[{\"@type\":\"SearchAction\",\"target\":{\"@type\":\"EntryPoint\",\"urlTemplate\":\"https:\/\/www.mt-bungalow.fr\/?s={search_term_string}\"},\"query-input\":{\"@type\":\"PropertyValueSpecification\",\"valueRequired\":true,\"valueName\":\"search_term_string\"}}],\"inLanguage\":\"es\"}]}<\/script>\n<!-- \/ Yoast SEO plugin. -->","yoast_head_json":{"title":"Bloque sanitario conectable | MT Bungalow","description":"Descubra nuestros bloques sanitarios conectables: entrega r\u00e1pida, f\u00e1cil instalaci\u00f3n y compatibilidad con ERP\/PMR. Soluciones a medida de MT Bungalow.","robots":{"index":"index","follow":"follow","max-snippet":"max-snippet:-1","max-image-preview":"max-image-preview:large","max-video-preview":"max-video-preview:-1"},"canonical":"https:\/\/www.mt-bungalow.fr\/es\/sectores\/evento\/bloque-sanitario-conectable\/","og_locale":"es_ES","og_type":"article","og_title":"Blocs sanitaires raccordables sur-mesure | MT Bungalow","og_description":"D\u00e9couvrez nos blocs sanitaires raccordables : livraison rapide, installation simple, conformit\u00e9 ERP\/PMR. Solutions sur-mesure MT Bungalow.","og_url":"https:\/\/www.mt-bungalow.fr\/es\/sectores\/evento\/bloque-sanitario-conectable\/","og_site_name":"MT Bungalow","article_modified_time":"2025-06-16T11:29:47+00:00","og_image":[{"width":950,"height":673,"url":"https:\/\/www.mt-bungalow.fr\/wp-content\/uploads\/2025\/06\/achat-bloc-sanitaire.webp","type":"image\/webp"}],"twitter_card":"summary_large_image","twitter_misc":{"Tiempo de lectura":"8 minutos"},"schema":{"@context":"https:\/\/schema.org","@graph":[{"@type":"WebPage","@id":"https:\/\/www.mt-bungalow.fr\/expertises\/evenementiel\/bloc-sanitaire-raccordable\/","url":"https:\/\/www.mt-bungalow.fr\/expertises\/evenementiel\/bloc-sanitaire-raccordable\/","name":"Bloque sanitario conectable | MT Bungalow","isPartOf":{"@id":"https:\/\/www.mt-bungalow.fr\/#website"},"primaryImageOfPage":{"@id":"https:\/\/www.mt-bungalow.fr\/expertises\/evenementiel\/bloc-sanitaire-raccordable\/#primaryimage"},"image":{"@id":"https:\/\/www.mt-bungalow.fr\/expertises\/evenementiel\/bloc-sanitaire-raccordable\/#primaryimage"},"thumbnailUrl":"https:\/\/www.mt-bungalow.fr\/wp-content\/uploads\/2025\/06\/achat-bloc-sanitaire.webp","datePublished":"2025-06-13T12:02:02+00:00","dateModified":"2025-06-16T11:29:47+00:00","description":"Descubra nuestros bloques sanitarios conectables: entrega r\u00e1pida, f\u00e1cil instalaci\u00f3n y compatibilidad con ERP\/PMR. Soluciones a medida de MT Bungalow.","breadcrumb":{"@id":"https:\/\/www.mt-bungalow.fr\/expertises\/evenementiel\/bloc-sanitaire-raccordable\/#breadcrumb"},"inLanguage":"es","potentialAction":[{"@type":"ReadAction","target":["https:\/\/www.mt-bungalow.fr\/expertises\/evenementiel\/bloc-sanitaire-raccordable\/"]}]},{"@type":"ImageObject","inLanguage":"es","@id":"https:\/\/www.mt-bungalow.fr\/expertises\/evenementiel\/bloc-sanitaire-raccordable\/#primaryimage","url":"https:\/\/www.mt-bungalow.fr\/wp-content\/uploads\/2025\/06\/achat-bloc-sanitaire.webp","contentUrl":"https:\/\/www.mt-bungalow.fr\/wp-content\/uploads\/2025\/06\/achat-bloc-sanitaire.webp","width":950,"height":673,"caption":"achat-bloc-sanitaire"},{"@type":"BreadcrumbList","@id":"https:\/\/www.mt-bungalow.fr\/expertises\/evenementiel\/bloc-sanitaire-raccordable\/#breadcrumb","itemListElement":[{"@type":"ListItem","position":1,"name":"Accueil","item":"https:\/\/www.mt-bungalow.fr\/"},{"@type":"ListItem","position":2,"name":"Expertises","item":"https:\/\/www.mt-bungalow.fr\/expertises\/"},{"@type":"ListItem","position":3,"name":"\u00c9v\u00e8nementiel","item":"https:\/\/www.mt-bungalow.fr\/expertises\/evenementiel\/"},{"@type":"ListItem","position":4,"name":"Bloc Sanitaire Raccordable"}]},{"@type":"WebSite","@id":"https:\/\/www.mt-bungalow.fr\/#website","url":"https:\/\/www.mt-bungalow.fr\/","name":"MT Bungalow","description":"","potentialAction":[{"@type":"SearchAction","target":{"@type":"EntryPoint","urlTemplate":"https:\/\/www.mt-bungalow.fr\/?s={search_term_string}"},"query-input":{"@type":"PropertyValueSpecification","valueRequired":true,"valueName":"search_term_string"}}],"inLanguage":"es"}]}},"_links":{"self":[{"href":"https:\/\/www.mt-bungalow.fr\/es\/wp-json\/wp\/v2\/pages\/1749","targetHints":{"allow":["GET"]}}],"collection":[{"href":"https:\/\/www.mt-bungalow.fr\/es\/wp-json\/wp\/v2\/pages"}],"about":[{"href":"https:\/\/www.mt-bungalow.fr\/es\/wp-json\/wp\/v2\/types\/page"}],"author":[{"embeddable":true,"href":"https:\/\/www.mt-bungalow.fr\/es\/wp-json\/wp\/v2\/users\/2"}],"replies":[{"embeddable":true,"href":"https:\/\/www.mt-bungalow.fr\/es\/wp-json\/wp\/v2\/comments?post=1749"}],"version-history":[{"count":8,"href":"https:\/\/www.mt-bungalow.fr\/es\/wp-json\/wp\/v2\/pages\/1749\/revisions"}],"predecessor-version":[{"id":1869,"href":"https:\/\/www.mt-bungalow.fr\/es\/wp-json\/wp\/v2\/pages\/1749\/revisions\/1869"}],"up":[{"embeddable":true,"href":"https:\/\/www.mt-bungalow.fr\/es\/wp-json\/wp\/v2\/pages\/1717"}],"wp:featuredmedia":[{"embeddable":true,"href":"https:\/\/www.mt-bungalow.fr\/es\/wp-json\/wp\/v2\/media\/1831"}],"wp:attachment":[{"href":"https:\/\/www.mt-bungalow.fr\/es\/wp-json\/wp\/v2\/media?parent=1749"}],"curies":[{"name":"wp","href":"https:\/\/api.w.org\/{rel}","templated":true}]}}