{"id":1697,"date":"2025-06-13T12:57:25","date_gmt":"2025-06-13T10:57:25","guid":{"rendered":"https:\/\/www.mt-bungalow.fr\/?page_id=1697"},"modified":"2025-06-16T15:34:33","modified_gmt":"2025-06-16T13:34:33","slug":"contenedor-medico","status":"publish","type":"page","link":"https:\/\/www.mt-bungalow.fr\/es\/sectores\/salud-medica\/contenedor-medico\/","title":{"rendered":"Contenedor Medico"},"content":{"rendered":"","protected":false},"excerpt":{"rendered":"<p>Une solution tout-en-un pour les projets complexes : notre bungalow combin\u00e9 int\u00e8gre vestiaires, douches et sanitaires dans une seule unit\u00e9, modulable et personnalisable. Un choix \u00e9conomique et pratique pour optimiser l\u2019espace tout en garantissant des installations compl\u00e8tes.<\/p>","protected":false},"author":2,"featured_media":1873,"parent":1802,"menu_order":0,"comment_status":"closed","ping_status":"closed","template":"modele-expertise.php","meta":{"_acf_changed":false,"footnotes":""},"class_list":["post-1697","page","type-page","status-publish","has-post-thumbnail","hentry"],"acf":[],"yoast_head":"<!-- This site is optimized with the Yoast SEO plugin v26.2 - https:\/\/yoast.com\/wordpress\/plugins\/seo\/ -->\n<title>Bungalow Infirmerie Modulaire Depuis 2009 | MT BUNGALOW<\/title>\n<meta name=\"description\" content=\"MT BUNGALOW con\u00e7oit des bungalows infirmeries modulaires depuis 2009. Solutions m\u00e9dicales conformes aux normes sanitaires, PMR et ERP, rapidement install\u00e9es et personnalisables.\" \/>\n<meta name=\"robots\" content=\"index, follow, max-snippet:-1, max-image-preview:large, max-video-preview:-1\" \/>\n<link rel=\"canonical\" href=\"https:\/\/www.mt-bungalow.fr\/es\/sectores\/salud-medica\/contenedor-medico\/\" \/>\n<meta property=\"og:locale\" content=\"es_ES\" \/>\n<meta property=\"og:type\" content=\"article\" \/>\n<meta property=\"og:title\" content=\"Bungalow Infirmerie Modulaire Depuis 2009 | MT BUNGALOW\" \/>\n<meta property=\"og:description\" content=\"MT BUNGALOW con\u00e7oit des bungalows infirmeries modulaires depuis 2009. Solutions m\u00e9dicales conformes aux normes sanitaires, PMR et ERP, rapidement install\u00e9es et personnalisables.\" \/>\n<meta property=\"og:url\" content=\"https:\/\/www.mt-bungalow.fr\/es\/sectores\/salud-medica\/contenedor-medico\/\" \/>\n<meta property=\"og:site_name\" content=\"MT Bungalow\" \/>\n<meta property=\"article:modified_time\" content=\"2025-06-16T13:34:33+00:00\" \/>\n<meta property=\"og:image\" content=\"https:\/\/www.mt-bungalow.fr\/wp-content\/uploads\/2025\/06\/bungalow-infirmarie-28-m2.webp\" \/>\n\t<meta property=\"og:image:width\" content=\"1200\" \/>\n\t<meta property=\"og:image:height\" content=\"797\" \/>\n\t<meta property=\"og:image:type\" content=\"image\/webp\" \/>\n<meta name=\"twitter:card\" content=\"summary_large_image\" \/>\n<meta name=\"twitter:label1\" content=\"Tiempo de lectura\" \/>\n\t<meta name=\"twitter:data1\" content=\"7 minutos\" \/>\n<script type=\"application\/ld+json\" class=\"yoast-schema-graph\">{\"@context\":\"https:\/\/schema.org\",\"@graph\":[{\"@type\":\"WebPage\",\"@id\":\"https:\/\/www.mt-bungalow.fr\/expertises\/sante-medical\/bungalow-infirmerie\/\",\"url\":\"https:\/\/www.mt-bungalow.fr\/expertises\/sante-medical\/bungalow-infirmerie\/\",\"name\":\"Bungalow Infirmerie Modulaire Depuis 2009 | MT BUNGALOW\",\"isPartOf\":{\"@id\":\"https:\/\/www.mt-bungalow.fr\/#website\"},\"primaryImageOfPage\":{\"@id\":\"https:\/\/www.mt-bungalow.fr\/expertises\/sante-medical\/bungalow-infirmerie\/#primaryimage\"},\"image\":{\"@id\":\"https:\/\/www.mt-bungalow.fr\/expertises\/sante-medical\/bungalow-infirmerie\/#primaryimage\"},\"thumbnailUrl\":\"https:\/\/www.mt-bungalow.fr\/wp-content\/uploads\/2025\/06\/bungalow-infirmarie-28-m2.webp\",\"datePublished\":\"2025-06-13T10:57:25+00:00\",\"dateModified\":\"2025-06-16T13:34:33+00:00\",\"description\":\"MT BUNGALOW con\u00e7oit des bungalows infirmeries modulaires depuis 2009. Solutions m\u00e9dicales conformes aux normes sanitaires, PMR et ERP, rapidement install\u00e9es et personnalisables.\",\"breadcrumb\":{\"@id\":\"https:\/\/www.mt-bungalow.fr\/expertises\/sante-medical\/bungalow-infirmerie\/#breadcrumb\"},\"inLanguage\":\"es\",\"potentialAction\":[{\"@type\":\"ReadAction\",\"target\":[\"https:\/\/www.mt-bungalow.fr\/expertises\/sante-medical\/bungalow-infirmerie\/\"]}]},{\"@type\":\"ImageObject\",\"inLanguage\":\"es\",\"@id\":\"https:\/\/www.mt-bungalow.fr\/expertises\/sante-medical\/bungalow-infirmerie\/#primaryimage\",\"url\":\"https:\/\/www.mt-bungalow.fr\/wp-content\/uploads\/2025\/06\/bungalow-infirmarie-28-m2.webp\",\"contentUrl\":\"https:\/\/www.mt-bungalow.fr\/wp-content\/uploads\/2025\/06\/bungalow-infirmarie-28-m2.webp\",\"width\":1200,\"height\":797,\"caption\":\"bungalow-infirmarie-28-m2\"},{\"@type\":\"BreadcrumbList\",\"@id\":\"https:\/\/www.mt-bungalow.fr\/expertises\/sante-medical\/bungalow-infirmerie\/#breadcrumb\",\"itemListElement\":[{\"@type\":\"ListItem\",\"position\":1,\"name\":\"Accueil\",\"item\":\"https:\/\/www.mt-bungalow.fr\/\"},{\"@type\":\"ListItem\",\"position\":2,\"name\":\"Expertises\",\"item\":\"https:\/\/www.mt-bungalow.fr\/expertises\/\"},{\"@type\":\"ListItem\",\"position\":3,\"name\":\"Sant\u00e9 \/ M\u00e9dical\",\"item\":\"https:\/\/www.mt-bungalow.fr\/expertises\/sante-medical\/\"},{\"@type\":\"ListItem\",\"position\":4,\"name\":\"Bungalow Infirmerie\"}]},{\"@type\":\"WebSite\",\"@id\":\"https:\/\/www.mt-bungalow.fr\/#website\",\"url\":\"https:\/\/www.mt-bungalow.fr\/\",\"name\":\"MT Bungalow\",\"description\":\"\",\"potentialAction\":[{\"@type\":\"SearchAction\",\"target\":{\"@type\":\"EntryPoint\",\"urlTemplate\":\"https:\/\/www.mt-bungalow.fr\/?s={search_term_string}\"},\"query-input\":{\"@type\":\"PropertyValueSpecification\",\"valueRequired\":true,\"valueName\":\"search_term_string\"}}],\"inLanguage\":\"es\"}]}<\/script>\n<!-- \/ Yoast SEO plugin. -->","yoast_head_json":{"title":"Contenedor Medico | MT BUNGALOW","description":"Desde 2009, MT Bungalow dise\u00f1a contenedores m\u00e9dicos modulares: soluciones sanitarias conformes a las normas, PMR y ERP, r\u00e1pidas de instalar y personalizables.","robots":{"index":"index","follow":"follow","max-snippet":"max-snippet:-1","max-image-preview":"max-image-preview:large","max-video-preview":"max-video-preview:-1"},"canonical":"https:\/\/www.mt-bungalow.fr\/es\/sectores\/salud-medica\/contenedor-medico\/","og_locale":"es_ES","og_type":"article","og_title":"Bungalow Infirmerie Modulaire Depuis 2009 | MT BUNGALOW","og_description":"MT BUNGALOW con\u00e7oit des bungalows infirmeries modulaires depuis 2009. Solutions m\u00e9dicales conformes aux normes sanitaires, PMR et ERP, rapidement install\u00e9es et personnalisables.","og_url":"https:\/\/www.mt-bungalow.fr\/es\/sectores\/salud-medica\/contenedor-medico\/","og_site_name":"MT Bungalow","article_modified_time":"2025-06-16T13:34:33+00:00","og_image":[{"width":1200,"height":797,"url":"https:\/\/www.mt-bungalow.fr\/wp-content\/uploads\/2025\/06\/bungalow-infirmarie-28-m2.webp","type":"image\/webp"}],"twitter_card":"summary_large_image","twitter_misc":{"Tiempo de lectura":"7 minutos"},"schema":{"@context":"https:\/\/schema.org","@graph":[{"@type":"WebPage","@id":"https:\/\/www.mt-bungalow.fr\/expertises\/sante-medical\/bungalow-infirmerie\/","url":"https:\/\/www.mt-bungalow.fr\/expertises\/sante-medical\/bungalow-infirmerie\/","name":"Contenedor Medico | MT BUNGALOW","isPartOf":{"@id":"https:\/\/www.mt-bungalow.fr\/#website"},"primaryImageOfPage":{"@id":"https:\/\/www.mt-bungalow.fr\/expertises\/sante-medical\/bungalow-infirmerie\/#primaryimage"},"image":{"@id":"https:\/\/www.mt-bungalow.fr\/expertises\/sante-medical\/bungalow-infirmerie\/#primaryimage"},"thumbnailUrl":"https:\/\/www.mt-bungalow.fr\/wp-content\/uploads\/2025\/06\/bungalow-infirmarie-28-m2.webp","datePublished":"2025-06-13T10:57:25+00:00","dateModified":"2025-06-16T13:34:33+00:00","description":"Desde 2009, MT Bungalow dise\u00f1a contenedores m\u00e9dicos modulares: soluciones sanitarias conformes a las normas, PMR y ERP, r\u00e1pidas de instalar y personalizables.","breadcrumb":{"@id":"https:\/\/www.mt-bungalow.fr\/expertises\/sante-medical\/bungalow-infirmerie\/#breadcrumb"},"inLanguage":"es","potentialAction":[{"@type":"ReadAction","target":["https:\/\/www.mt-bungalow.fr\/expertises\/sante-medical\/bungalow-infirmerie\/"]}]},{"@type":"ImageObject","inLanguage":"es","@id":"https:\/\/www.mt-bungalow.fr\/expertises\/sante-medical\/bungalow-infirmerie\/#primaryimage","url":"https:\/\/www.mt-bungalow.fr\/wp-content\/uploads\/2025\/06\/bungalow-infirmarie-28-m2.webp","contentUrl":"https:\/\/www.mt-bungalow.fr\/wp-content\/uploads\/2025\/06\/bungalow-infirmarie-28-m2.webp","width":1200,"height":797,"caption":"bungalow-infirmarie-28-m2"},{"@type":"BreadcrumbList","@id":"https:\/\/www.mt-bungalow.fr\/expertises\/sante-medical\/bungalow-infirmerie\/#breadcrumb","itemListElement":[{"@type":"ListItem","position":1,"name":"Accueil","item":"https:\/\/www.mt-bungalow.fr\/"},{"@type":"ListItem","position":2,"name":"Expertises","item":"https:\/\/www.mt-bungalow.fr\/expertises\/"},{"@type":"ListItem","position":3,"name":"Sant\u00e9 \/ M\u00e9dical","item":"https:\/\/www.mt-bungalow.fr\/expertises\/sante-medical\/"},{"@type":"ListItem","position":4,"name":"Bungalow Infirmerie"}]},{"@type":"WebSite","@id":"https:\/\/www.mt-bungalow.fr\/#website","url":"https:\/\/www.mt-bungalow.fr\/","name":"MT Bungalow","description":"","potentialAction":[{"@type":"SearchAction","target":{"@type":"EntryPoint","urlTemplate":"https:\/\/www.mt-bungalow.fr\/?s={search_term_string}"},"query-input":{"@type":"PropertyValueSpecification","valueRequired":true,"valueName":"search_term_string"}}],"inLanguage":"es"}]}},"_links":{"self":[{"href":"https:\/\/www.mt-bungalow.fr\/es\/wp-json\/wp\/v2\/pages\/1697","targetHints":{"allow":["GET"]}}],"collection":[{"href":"https:\/\/www.mt-bungalow.fr\/es\/wp-json\/wp\/v2\/pages"}],"about":[{"href":"https:\/\/www.mt-bungalow.fr\/es\/wp-json\/wp\/v2\/types\/page"}],"author":[{"embeddable":true,"href":"https:\/\/www.mt-bungalow.fr\/es\/wp-json\/wp\/v2\/users\/2"}],"replies":[{"embeddable":true,"href":"https:\/\/www.mt-bungalow.fr\/es\/wp-json\/wp\/v2\/comments?post=1697"}],"version-history":[{"count":13,"href":"https:\/\/www.mt-bungalow.fr\/es\/wp-json\/wp\/v2\/pages\/1697\/revisions"}],"predecessor-version":[{"id":1876,"href":"https:\/\/www.mt-bungalow.fr\/es\/wp-json\/wp\/v2\/pages\/1697\/revisions\/1876"}],"up":[{"embeddable":true,"href":"https:\/\/www.mt-bungalow.fr\/es\/wp-json\/wp\/v2\/pages\/1802"}],"wp:featuredmedia":[{"embeddable":true,"href":"https:\/\/www.mt-bungalow.fr\/es\/wp-json\/wp\/v2\/media\/1873"}],"wp:attachment":[{"href":"https:\/\/www.mt-bungalow.fr\/es\/wp-json\/wp\/v2\/media?parent=1697"}],"curies":[{"name":"wp","href":"https:\/\/api.w.org\/{rel}","templated":true}]}}