{"id":1650,"date":"2025-06-13T08:07:56","date_gmt":"2025-06-13T06:07:56","guid":{"rendered":"https:\/\/www.mt-bungalow.fr\/?page_id=1650"},"modified":"2025-06-16T16:43:07","modified_gmt":"2025-06-16T14:43:07","slug":"modulos-acristalados","status":"publish","type":"page","link":"https:\/\/www.mt-bungalow.fr\/es\/sectores\/terciario-comercio-oficina\/modulos-acristalados\/","title":{"rendered":"M\u00f3dulos Acristalados"},"content":{"rendered":"","protected":false},"excerpt":{"rendered":"<p>Ideales para almacenar herramientas, materiales sensibles o equipos espec\u00edficos, nuestros refugios para obras garantizan la protecci\u00f3n de sus recursos. Impermeables y seguros, est\u00e1n dise\u00f1ados para resistir las inclemencias del tiempo y garantizar un acceso r\u00e1pido.<\/p>","protected":false},"author":2,"featured_media":1715,"parent":1716,"menu_order":1,"comment_status":"closed","ping_status":"closed","template":"modele-expertise.php","meta":{"_acf_changed":false,"footnotes":""},"class_list":["post-1650","page","type-page","status-publish","has-post-thumbnail","hentry"],"acf":[],"yoast_head":"<!-- This site is optimized with the Yoast SEO plugin v26.2 - https:\/\/yoast.com\/wordpress\/plugins\/seo\/ -->\n<title>Bungalow vitr\u00e9 sur-mesure et rapide | MT Bungalow<\/title>\n<meta name=\"description\" content=\"D\u00e9couvrez nos bungalows vitr\u00e9s personnalisables : esth\u00e9tique, livraison rapide, installation simple. Devis gratuit chez MT Bungalow.\" \/>\n<meta name=\"robots\" content=\"index, follow, max-snippet:-1, max-image-preview:large, max-video-preview:-1\" \/>\n<link rel=\"canonical\" href=\"https:\/\/www.mt-bungalow.fr\/es\/sectores\/terciario-comercio-oficina\/modulos-acristalados\/\" \/>\n<meta property=\"og:locale\" content=\"es_ES\" \/>\n<meta property=\"og:type\" content=\"article\" \/>\n<meta property=\"og:title\" content=\"Bungalow vitr\u00e9 sur-mesure et rapide | MT Bungalow\" \/>\n<meta property=\"og:description\" content=\"D\u00e9couvrez nos bungalows vitr\u00e9s personnalisables : esth\u00e9tique, livraison rapide, installation simple. Devis gratuit chez MT Bungalow.\" \/>\n<meta property=\"og:url\" content=\"https:\/\/www.mt-bungalow.fr\/es\/sectores\/terciario-comercio-oficina\/modulos-acristalados\/\" \/>\n<meta property=\"og:site_name\" content=\"MT Bungalow\" \/>\n<meta property=\"article:modified_time\" content=\"2025-06-16T14:43:07+00:00\" \/>\n<meta property=\"og:image\" content=\"https:\/\/www.mt-bungalow.fr\/wp-content\/uploads\/2025\/06\/bulle-de-vente.webp\" \/>\n\t<meta property=\"og:image:width\" content=\"950\" \/>\n\t<meta property=\"og:image:height\" content=\"604\" \/>\n\t<meta property=\"og:image:type\" content=\"image\/webp\" \/>\n<meta name=\"twitter:card\" content=\"summary_large_image\" \/>\n<meta name=\"twitter:label1\" content=\"Tiempo de lectura\" \/>\n\t<meta name=\"twitter:data1\" content=\"5 minutos\" \/>\n<script type=\"application\/ld+json\" class=\"yoast-schema-graph\">{\"@context\":\"https:\/\/schema.org\",\"@graph\":[{\"@type\":\"WebPage\",\"@id\":\"https:\/\/www.mt-bungalow.fr\/expertises\/teriaire-commerce-bureau\/bungalow-vitre\/\",\"url\":\"https:\/\/www.mt-bungalow.fr\/expertises\/teriaire-commerce-bureau\/bungalow-vitre\/\",\"name\":\"Bungalow vitr\u00e9 sur-mesure et rapide | MT Bungalow\",\"isPartOf\":{\"@id\":\"https:\/\/www.mt-bungalow.fr\/#website\"},\"primaryImageOfPage\":{\"@id\":\"https:\/\/www.mt-bungalow.fr\/expertises\/teriaire-commerce-bureau\/bungalow-vitre\/#primaryimage\"},\"image\":{\"@id\":\"https:\/\/www.mt-bungalow.fr\/expertises\/teriaire-commerce-bureau\/bungalow-vitre\/#primaryimage\"},\"thumbnailUrl\":\"https:\/\/www.mt-bungalow.fr\/wp-content\/uploads\/2025\/06\/bulle-de-vente.webp\",\"datePublished\":\"2025-06-13T06:07:56+00:00\",\"dateModified\":\"2025-06-16T14:43:07+00:00\",\"description\":\"D\u00e9couvrez nos bungalows vitr\u00e9s personnalisables : esth\u00e9tique, livraison rapide, installation simple. Devis gratuit chez MT Bungalow.\",\"breadcrumb\":{\"@id\":\"https:\/\/www.mt-bungalow.fr\/expertises\/teriaire-commerce-bureau\/bungalow-vitre\/#breadcrumb\"},\"inLanguage\":\"es\",\"potentialAction\":[{\"@type\":\"ReadAction\",\"target\":[\"https:\/\/www.mt-bungalow.fr\/expertises\/teriaire-commerce-bureau\/bungalow-vitre\/\"]}]},{\"@type\":\"ImageObject\",\"inLanguage\":\"es\",\"@id\":\"https:\/\/www.mt-bungalow.fr\/expertises\/teriaire-commerce-bureau\/bungalow-vitre\/#primaryimage\",\"url\":\"https:\/\/www.mt-bungalow.fr\/wp-content\/uploads\/2025\/06\/bulle-de-vente.webp\",\"contentUrl\":\"https:\/\/www.mt-bungalow.fr\/wp-content\/uploads\/2025\/06\/bulle-de-vente.webp\",\"width\":950,\"height\":604,\"caption\":\"bulle-de-vente\"},{\"@type\":\"BreadcrumbList\",\"@id\":\"https:\/\/www.mt-bungalow.fr\/expertises\/teriaire-commerce-bureau\/bungalow-vitre\/#breadcrumb\",\"itemListElement\":[{\"@type\":\"ListItem\",\"position\":1,\"name\":\"Accueil\",\"item\":\"https:\/\/www.mt-bungalow.fr\/\"},{\"@type\":\"ListItem\",\"position\":2,\"name\":\"Expertises\",\"item\":\"https:\/\/www.mt-bungalow.fr\/expertises\/\"},{\"@type\":\"ListItem\",\"position\":3,\"name\":\"Tertiaire \/ Commerce \/ Bureau\",\"item\":\"https:\/\/www.mt-bungalow.fr\/expertises\/teriaire-commerce-bureau\/\"},{\"@type\":\"ListItem\",\"position\":4,\"name\":\"Bungalow Vitr\u00e9\"}]},{\"@type\":\"WebSite\",\"@id\":\"https:\/\/www.mt-bungalow.fr\/#website\",\"url\":\"https:\/\/www.mt-bungalow.fr\/\",\"name\":\"MT Bungalow\",\"description\":\"\",\"potentialAction\":[{\"@type\":\"SearchAction\",\"target\":{\"@type\":\"EntryPoint\",\"urlTemplate\":\"https:\/\/www.mt-bungalow.fr\/?s={search_term_string}\"},\"query-input\":{\"@type\":\"PropertyValueSpecification\",\"valueRequired\":true,\"valueName\":\"search_term_string\"}}],\"inLanguage\":\"es\"}]}<\/script>\n<!-- \/ Yoast SEO plugin. -->","yoast_head_json":{"title":"M\u00f3dulos Acristalados | MT Bungalow","description":"Descubra nuestros m\u00f3dulos acristalados personalizables: dise\u00f1o atractivo, entrega r\u00e1pida e instalaci\u00f3n sencilla. Solicite su presupuesto gratis en MT Bungalow.","robots":{"index":"index","follow":"follow","max-snippet":"max-snippet:-1","max-image-preview":"max-image-preview:large","max-video-preview":"max-video-preview:-1"},"canonical":"https:\/\/www.mt-bungalow.fr\/es\/sectores\/terciario-comercio-oficina\/modulos-acristalados\/","og_locale":"es_ES","og_type":"article","og_title":"Bungalow vitr\u00e9 sur-mesure et rapide | MT Bungalow","og_description":"D\u00e9couvrez nos bungalows vitr\u00e9s personnalisables : esth\u00e9tique, livraison rapide, installation simple. Devis gratuit chez MT Bungalow.","og_url":"https:\/\/www.mt-bungalow.fr\/es\/sectores\/terciario-comercio-oficina\/modulos-acristalados\/","og_site_name":"MT Bungalow","article_modified_time":"2025-06-16T14:43:07+00:00","og_image":[{"width":950,"height":604,"url":"https:\/\/www.mt-bungalow.fr\/wp-content\/uploads\/2025\/06\/bulle-de-vente.webp","type":"image\/webp"}],"twitter_card":"summary_large_image","twitter_misc":{"Tiempo de lectura":"5 minutos"},"schema":{"@context":"https:\/\/schema.org","@graph":[{"@type":"WebPage","@id":"https:\/\/www.mt-bungalow.fr\/expertises\/teriaire-commerce-bureau\/bungalow-vitre\/","url":"https:\/\/www.mt-bungalow.fr\/expertises\/teriaire-commerce-bureau\/bungalow-vitre\/","name":"M\u00f3dulos Acristalados | MT Bungalow","isPartOf":{"@id":"https:\/\/www.mt-bungalow.fr\/#website"},"primaryImageOfPage":{"@id":"https:\/\/www.mt-bungalow.fr\/expertises\/teriaire-commerce-bureau\/bungalow-vitre\/#primaryimage"},"image":{"@id":"https:\/\/www.mt-bungalow.fr\/expertises\/teriaire-commerce-bureau\/bungalow-vitre\/#primaryimage"},"thumbnailUrl":"https:\/\/www.mt-bungalow.fr\/wp-content\/uploads\/2025\/06\/bulle-de-vente.webp","datePublished":"2025-06-13T06:07:56+00:00","dateModified":"2025-06-16T14:43:07+00:00","description":"Descubra nuestros m\u00f3dulos acristalados personalizables: dise\u00f1o atractivo, entrega r\u00e1pida e instalaci\u00f3n sencilla. Solicite su presupuesto gratis en MT Bungalow.","breadcrumb":{"@id":"https:\/\/www.mt-bungalow.fr\/expertises\/teriaire-commerce-bureau\/bungalow-vitre\/#breadcrumb"},"inLanguage":"es","potentialAction":[{"@type":"ReadAction","target":["https:\/\/www.mt-bungalow.fr\/expertises\/teriaire-commerce-bureau\/bungalow-vitre\/"]}]},{"@type":"ImageObject","inLanguage":"es","@id":"https:\/\/www.mt-bungalow.fr\/expertises\/teriaire-commerce-bureau\/bungalow-vitre\/#primaryimage","url":"https:\/\/www.mt-bungalow.fr\/wp-content\/uploads\/2025\/06\/bulle-de-vente.webp","contentUrl":"https:\/\/www.mt-bungalow.fr\/wp-content\/uploads\/2025\/06\/bulle-de-vente.webp","width":950,"height":604,"caption":"bulle-de-vente"},{"@type":"BreadcrumbList","@id":"https:\/\/www.mt-bungalow.fr\/expertises\/teriaire-commerce-bureau\/bungalow-vitre\/#breadcrumb","itemListElement":[{"@type":"ListItem","position":1,"name":"Accueil","item":"https:\/\/www.mt-bungalow.fr\/"},{"@type":"ListItem","position":2,"name":"Expertises","item":"https:\/\/www.mt-bungalow.fr\/expertises\/"},{"@type":"ListItem","position":3,"name":"Tertiaire \/ Commerce \/ Bureau","item":"https:\/\/www.mt-bungalow.fr\/expertises\/teriaire-commerce-bureau\/"},{"@type":"ListItem","position":4,"name":"Bungalow Vitr\u00e9"}]},{"@type":"WebSite","@id":"https:\/\/www.mt-bungalow.fr\/#website","url":"https:\/\/www.mt-bungalow.fr\/","name":"MT Bungalow","description":"","potentialAction":[{"@type":"SearchAction","target":{"@type":"EntryPoint","urlTemplate":"https:\/\/www.mt-bungalow.fr\/?s={search_term_string}"},"query-input":{"@type":"PropertyValueSpecification","valueRequired":true,"valueName":"search_term_string"}}],"inLanguage":"es"}]}},"_links":{"self":[{"href":"https:\/\/www.mt-bungalow.fr\/es\/wp-json\/wp\/v2\/pages\/1650","targetHints":{"allow":["GET"]}}],"collection":[{"href":"https:\/\/www.mt-bungalow.fr\/es\/wp-json\/wp\/v2\/pages"}],"about":[{"href":"https:\/\/www.mt-bungalow.fr\/es\/wp-json\/wp\/v2\/types\/page"}],"author":[{"embeddable":true,"href":"https:\/\/www.mt-bungalow.fr\/es\/wp-json\/wp\/v2\/users\/2"}],"replies":[{"embeddable":true,"href":"https:\/\/www.mt-bungalow.fr\/es\/wp-json\/wp\/v2\/comments?post=1650"}],"version-history":[{"count":8,"href":"https:\/\/www.mt-bungalow.fr\/es\/wp-json\/wp\/v2\/pages\/1650\/revisions"}],"predecessor-version":[{"id":1893,"href":"https:\/\/www.mt-bungalow.fr\/es\/wp-json\/wp\/v2\/pages\/1650\/revisions\/1893"}],"up":[{"embeddable":true,"href":"https:\/\/www.mt-bungalow.fr\/es\/wp-json\/wp\/v2\/pages\/1716"}],"wp:featuredmedia":[{"embeddable":true,"href":"https:\/\/www.mt-bungalow.fr\/es\/wp-json\/wp\/v2\/media\/1715"}],"wp:attachment":[{"href":"https:\/\/www.mt-bungalow.fr\/es\/wp-json\/wp\/v2\/media?parent=1650"}],"curies":[{"name":"wp","href":"https:\/\/api.w.org\/{rel}","templated":true}]}}