{"id":84,"date":"2025-03-17T12:45:23","date_gmt":"2025-03-17T11:45:23","guid":{"rendered":"https:\/\/www.mt-bungalow.fr\/?page_id=84"},"modified":"2025-08-28T14:13:08","modified_gmt":"2025-08-28T12:13:08","slug":"accueil","status":"publish","type":"page","link":"https:\/\/www.mt-bungalow.fr\/en\/","title":{"rendered":"Welcome"},"content":{"rendered":"","protected":false},"excerpt":{"rendered":"","protected":false},"author":1,"featured_media":0,"parent":0,"menu_order":0,"comment_status":"closed","ping_status":"closed","template":"","meta":{"_acf_changed":false,"footnotes":""},"class_list":["post-84","page","type-page","status-publish","hentry"],"acf":[],"yoast_head":"<!-- This site is optimized with the Yoast SEO plugin v26.2 - https:\/\/yoast.com\/wordpress\/plugins\/seo\/ -->\n<title>MT Bungalow - Fabricant de Bungalows de Chantier Modulaires<\/title>\n<meta name=\"description\" content=\"Sp\u00e9cialiste des bungalows de chantier sur mesure : solutions modulaires, livraison rapide, qualit\u00e9 pro. D\u00e9couvrez notre gamme personnalisable.\" \/>\n<meta name=\"robots\" content=\"index, follow, max-snippet:-1, max-image-preview:large, max-video-preview:-1\" \/>\n<link rel=\"canonical\" href=\"https:\/\/www.mt-bungalow.fr\/en\/\" \/>\n<meta property=\"og:locale\" content=\"en_GB\" \/>\n<meta property=\"og:type\" content=\"article\" \/>\n<meta property=\"og:title\" content=\"MT Bungalow - Fabricant de Bungalows de Chantier Modulaires\" \/>\n<meta property=\"og:description\" content=\"Sp\u00e9cialiste des bungalows de chantier sur mesure : solutions modulaires, livraison rapide, qualit\u00e9 pro. D\u00e9couvrez notre gamme personnalisable.\" \/>\n<meta property=\"og:url\" content=\"https:\/\/www.mt-bungalow.fr\/en\/\" \/>\n<meta property=\"og:site_name\" content=\"MT Bungalow\" \/>\n<meta property=\"article:modified_time\" content=\"2025-08-28T12:13:08+00:00\" \/>\n<meta name=\"twitter:card\" content=\"summary_large_image\" \/>\n<meta name=\"twitter:label1\" content=\"Estimated reading time\" \/>\n\t<meta name=\"twitter:data1\" content=\"6 minutes\" \/>\n<script type=\"application\/ld+json\" class=\"yoast-schema-graph\">{\"@context\":\"https:\/\/schema.org\",\"@graph\":[{\"@type\":\"WebPage\",\"@id\":\"https:\/\/www.mt-bungalow.fr\/\",\"url\":\"https:\/\/www.mt-bungalow.fr\/\",\"name\":\"MT Bungalow - Fabricant de Bungalows de Chantier Modulaires\",\"isPartOf\":{\"@id\":\"https:\/\/www.mt-bungalow.fr\/#website\"},\"datePublished\":\"2025-03-17T11:45:23+00:00\",\"dateModified\":\"2025-08-28T12:13:08+00:00\",\"description\":\"Sp\u00e9cialiste des bungalows de chantier sur mesure : solutions modulaires, livraison rapide, qualit\u00e9 pro. D\u00e9couvrez notre gamme personnalisable.\",\"breadcrumb\":{\"@id\":\"https:\/\/www.mt-bungalow.fr\/#breadcrumb\"},\"inLanguage\":\"en-GB\",\"potentialAction\":[{\"@type\":\"ReadAction\",\"target\":[\"https:\/\/www.mt-bungalow.fr\/\"]}]},{\"@type\":\"BreadcrumbList\",\"@id\":\"https:\/\/www.mt-bungalow.fr\/#breadcrumb\",\"itemListElement\":[{\"@type\":\"ListItem\",\"position\":1,\"name\":\"Accueil\",\"item\":\"https:\/\/www.mt-bungalow.fr\/\"},{\"@type\":\"ListItem\",\"position\":2,\"name\":\"Accueil\"}]},{\"@type\":\"WebSite\",\"@id\":\"https:\/\/www.mt-bungalow.fr\/#website\",\"url\":\"https:\/\/www.mt-bungalow.fr\/\",\"name\":\"MT Bungalow\",\"description\":\"\",\"potentialAction\":[{\"@type\":\"SearchAction\",\"target\":{\"@type\":\"EntryPoint\",\"urlTemplate\":\"https:\/\/www.mt-bungalow.fr\/?s={search_term_string}\"},\"query-input\":{\"@type\":\"PropertyValueSpecification\",\"valueRequired\":true,\"valueName\":\"search_term_string\"}}],\"inLanguage\":\"en-GB\"}]}<\/script>\n<!-- \/ Yoast SEO plugin. -->","yoast_head_json":{"title":"MT Bungalow - Manufacturer of Modular Construction Bungalows","description":"Specialists in custom-made construction site bungalows: modular solutions, fast delivery, professional quality. Discover our customizable range.","robots":{"index":"index","follow":"follow","max-snippet":"max-snippet:-1","max-image-preview":"max-image-preview:large","max-video-preview":"max-video-preview:-1"},"canonical":"https:\/\/www.mt-bungalow.fr\/en\/","og_locale":"en_GB","og_type":"article","og_title":"MT Bungalow - Fabricant de Bungalows de Chantier Modulaires","og_description":"Sp\u00e9cialiste des bungalows de chantier sur mesure : solutions modulaires, livraison rapide, qualit\u00e9 pro. D\u00e9couvrez notre gamme personnalisable.","og_url":"https:\/\/www.mt-bungalow.fr\/en\/","og_site_name":"MT Bungalow","article_modified_time":"2025-08-28T12:13:08+00:00","twitter_card":"summary_large_image","twitter_misc":{"Estimated reading time":"6 minutes"},"schema":{"@context":"https:\/\/schema.org","@graph":[{"@type":"WebPage","@id":"https:\/\/www.mt-bungalow.fr\/","url":"https:\/\/www.mt-bungalow.fr\/","name":"MT Bungalow - Manufacturer of Modular Construction Bungalows","isPartOf":{"@id":"https:\/\/www.mt-bungalow.fr\/#website"},"datePublished":"2025-03-17T11:45:23+00:00","dateModified":"2025-08-28T12:13:08+00:00","description":"Specialists in custom-made construction site bungalows: modular solutions, fast delivery, professional quality. Discover our customizable range.","breadcrumb":{"@id":"https:\/\/www.mt-bungalow.fr\/#breadcrumb"},"inLanguage":"en-GB","potentialAction":[{"@type":"ReadAction","target":["https:\/\/www.mt-bungalow.fr\/"]}]},{"@type":"BreadcrumbList","@id":"https:\/\/www.mt-bungalow.fr\/#breadcrumb","itemListElement":[{"@type":"ListItem","position":1,"name":"Accueil","item":"https:\/\/www.mt-bungalow.fr\/"},{"@type":"ListItem","position":2,"name":"Accueil"}]},{"@type":"WebSite","@id":"https:\/\/www.mt-bungalow.fr\/#website","url":"https:\/\/www.mt-bungalow.fr\/","name":"MT Bungalow","description":"","potentialAction":[{"@type":"SearchAction","target":{"@type":"EntryPoint","urlTemplate":"https:\/\/www.mt-bungalow.fr\/?s={search_term_string}"},"query-input":{"@type":"PropertyValueSpecification","valueRequired":true,"valueName":"search_term_string"}}],"inLanguage":"en-GB"}]}},"_links":{"self":[{"href":"https:\/\/www.mt-bungalow.fr\/en\/wp-json\/wp\/v2\/pages\/84","targetHints":{"allow":["GET"]}}],"collection":[{"href":"https:\/\/www.mt-bungalow.fr\/en\/wp-json\/wp\/v2\/pages"}],"about":[{"href":"https:\/\/www.mt-bungalow.fr\/en\/wp-json\/wp\/v2\/types\/page"}],"author":[{"embeddable":true,"href":"https:\/\/www.mt-bungalow.fr\/en\/wp-json\/wp\/v2\/users\/1"}],"replies":[{"embeddable":true,"href":"https:\/\/www.mt-bungalow.fr\/en\/wp-json\/wp\/v2\/comments?post=84"}],"version-history":[{"count":162,"href":"https:\/\/www.mt-bungalow.fr\/en\/wp-json\/wp\/v2\/pages\/84\/revisions"}],"predecessor-version":[{"id":2054,"href":"https:\/\/www.mt-bungalow.fr\/en\/wp-json\/wp\/v2\/pages\/84\/revisions\/2054"}],"wp:attachment":[{"href":"https:\/\/www.mt-bungalow.fr\/en\/wp-json\/wp\/v2\/media?parent=84"}],"curies":[{"name":"wp","href":"https:\/\/api.w.org\/{rel}","templated":true}]}}