{"id":710,"date":"2025-04-04T09:56:07","date_gmt":"2025-04-04T07:56:07","guid":{"rendered":"https:\/\/www.mt-bungalow.fr\/?page_id=710"},"modified":"2025-05-30T11:04:36","modified_gmt":"2025-05-30T09:04:36","slug":"construction-site-locker-room","status":"publish","type":"page","link":"https:\/\/www.mt-bungalow.fr\/en\/industries\/construction\/portable-toilets-showers-and-changing-facilities\/construction-site-locker-room\/","title":{"rendered":"Construction Site Locker Rooms"},"content":{"rendered":"","protected":false},"excerpt":{"rendered":"<p>Indispensable pour garantir hygi\u00e8ne et organisation sur le chantier, notre vestiaire modulaire est \u00e9quip\u00e9 de casiers, bancs, pat\u00e8res et ventilation. Il permet aux ouvriers de se changer dans un environnement sain, s\u00e9curis\u00e9 et isol\u00e9. Disponible en version simple ou combin\u00e9e avec douches\/sanitaires.<\/p>","protected":false},"author":1,"featured_media":1538,"parent":685,"menu_order":0,"comment_status":"closed","ping_status":"closed","template":"modele-expertise.php","meta":{"_acf_changed":false,"footnotes":""},"class_list":["post-710","page","type-page","status-publish","has-post-thumbnail","hentry"],"acf":[],"yoast_head":"<!-- This site is optimized with the Yoast SEO plugin v26.2 - https:\/\/yoast.com\/wordpress\/plugins\/seo\/ -->\n<title>Vestiaire de chantier \u2013 S\u00e9curis\u00e9 &amp; Facile d&#039;installation | Module T<\/title>\n<meta name=\"description\" content=\"Module T propose des vestiaires de chantier modulaires, robustes et bien agenc\u00e9s. Offrez \u00e0 vos \u00e9quipes un espace s\u00e9curis\u00e9 et pratique pour leurs effets personnels.\" \/>\n<meta name=\"robots\" content=\"index, follow, max-snippet:-1, max-image-preview:large, max-video-preview:-1\" \/>\n<link rel=\"canonical\" href=\"https:\/\/www.mt-bungalow.fr\/en\/industries\/construction\/portable-toilets-showers-and-changing-facilities\/construction-site-locker-room\/\" \/>\n<meta property=\"og:locale\" content=\"en_GB\" \/>\n<meta property=\"og:type\" content=\"article\" \/>\n<meta property=\"og:title\" content=\"Vestiaire de chantier \u2013 S\u00e9curis\u00e9 &amp; Facile d&#039;installation | Module T\" \/>\n<meta property=\"og:description\" content=\"Module T propose des vestiaires de chantier modulaires, robustes et bien agenc\u00e9s. Offrez \u00e0 vos \u00e9quipes un espace s\u00e9curis\u00e9 et pratique pour leurs effets personnels.\" \/>\n<meta property=\"og:url\" content=\"https:\/\/www.mt-bungalow.fr\/en\/industries\/construction\/portable-toilets-showers-and-changing-facilities\/construction-site-locker-room\/\" \/>\n<meta property=\"og:site_name\" content=\"MT Bungalow\" \/>\n<meta property=\"article:modified_time\" content=\"2025-05-30T09:04:36+00:00\" \/>\n<meta property=\"og:image\" content=\"https:\/\/www.mt-bungalow.fr\/wp-content\/uploads\/2025\/05\/vestiaire-de-chantier.webp\" \/>\n\t<meta property=\"og:image:width\" content=\"950\" \/>\n\t<meta property=\"og:image:height\" content=\"522\" \/>\n\t<meta property=\"og:image:type\" content=\"image\/webp\" \/>\n<meta name=\"twitter:card\" content=\"summary_large_image\" \/>\n<meta name=\"twitter:label1\" content=\"Estimated reading time\" \/>\n\t<meta name=\"twitter:data1\" content=\"11 minutes\" \/>\n<script type=\"application\/ld+json\" class=\"yoast-schema-graph\">{\"@context\":\"https:\/\/schema.org\",\"@graph\":[{\"@type\":\"WebPage\",\"@id\":\"https:\/\/www.mt-bungalow.fr\/expertises\/btp-chantiers\/sanitaires-vestiaires-de-chantier\/vestiaire-de-chantier\/\",\"url\":\"https:\/\/www.mt-bungalow.fr\/expertises\/btp-chantiers\/sanitaires-vestiaires-de-chantier\/vestiaire-de-chantier\/\",\"name\":\"Vestiaire de chantier \u2013 S\u00e9curis\u00e9 & Facile d'installation | Module T\",\"isPartOf\":{\"@id\":\"https:\/\/www.mt-bungalow.fr\/#website\"},\"primaryImageOfPage\":{\"@id\":\"https:\/\/www.mt-bungalow.fr\/expertises\/btp-chantiers\/sanitaires-vestiaires-de-chantier\/vestiaire-de-chantier\/#primaryimage\"},\"image\":{\"@id\":\"https:\/\/www.mt-bungalow.fr\/expertises\/btp-chantiers\/sanitaires-vestiaires-de-chantier\/vestiaire-de-chantier\/#primaryimage\"},\"thumbnailUrl\":\"https:\/\/www.mt-bungalow.fr\/wp-content\/uploads\/2025\/05\/vestiaire-de-chantier.webp\",\"datePublished\":\"2025-04-04T07:56:07+00:00\",\"dateModified\":\"2025-05-30T09:04:36+00:00\",\"description\":\"Module T propose des vestiaires de chantier modulaires, robustes et bien agenc\u00e9s. Offrez \u00e0 vos \u00e9quipes un espace s\u00e9curis\u00e9 et pratique pour leurs effets personnels.\",\"breadcrumb\":{\"@id\":\"https:\/\/www.mt-bungalow.fr\/expertises\/btp-chantiers\/sanitaires-vestiaires-de-chantier\/vestiaire-de-chantier\/#breadcrumb\"},\"inLanguage\":\"en-GB\",\"potentialAction\":[{\"@type\":\"ReadAction\",\"target\":[\"https:\/\/www.mt-bungalow.fr\/expertises\/btp-chantiers\/sanitaires-vestiaires-de-chantier\/vestiaire-de-chantier\/\"]}]},{\"@type\":\"ImageObject\",\"inLanguage\":\"en-GB\",\"@id\":\"https:\/\/www.mt-bungalow.fr\/expertises\/btp-chantiers\/sanitaires-vestiaires-de-chantier\/vestiaire-de-chantier\/#primaryimage\",\"url\":\"https:\/\/www.mt-bungalow.fr\/wp-content\/uploads\/2025\/05\/vestiaire-de-chantier.webp\",\"contentUrl\":\"https:\/\/www.mt-bungalow.fr\/wp-content\/uploads\/2025\/05\/vestiaire-de-chantier.webp\",\"width\":950,\"height\":522,\"caption\":\"vestiaire-de-chantier\"},{\"@type\":\"BreadcrumbList\",\"@id\":\"https:\/\/www.mt-bungalow.fr\/expertises\/btp-chantiers\/sanitaires-vestiaires-de-chantier\/vestiaire-de-chantier\/#breadcrumb\",\"itemListElement\":[{\"@type\":\"ListItem\",\"position\":1,\"name\":\"Accueil\",\"item\":\"https:\/\/www.mt-bungalow.fr\/\"},{\"@type\":\"ListItem\",\"position\":2,\"name\":\"Expertises\",\"item\":\"https:\/\/www.mt-bungalow.fr\/expertises\/\"},{\"@type\":\"ListItem\",\"position\":3,\"name\":\"BTP \/ Chantiers\",\"item\":\"https:\/\/www.mt-bungalow.fr\/expertises\/btp-chantiers\/\"},{\"@type\":\"ListItem\",\"position\":4,\"name\":\"Sanitaires et vestiaires de chantier\",\"item\":\"https:\/\/www.mt-bungalow.fr\/expertises\/btp-chantiers\/sanitaires-vestiaires-de-chantier\/\"},{\"@type\":\"ListItem\",\"position\":5,\"name\":\"Vestiaire de chantier\"}]},{\"@type\":\"WebSite\",\"@id\":\"https:\/\/www.mt-bungalow.fr\/#website\",\"url\":\"https:\/\/www.mt-bungalow.fr\/\",\"name\":\"MT Bungalow\",\"description\":\"\",\"potentialAction\":[{\"@type\":\"SearchAction\",\"target\":{\"@type\":\"EntryPoint\",\"urlTemplate\":\"https:\/\/www.mt-bungalow.fr\/?s={search_term_string}\"},\"query-input\":{\"@type\":\"PropertyValueSpecification\",\"valueRequired\":true,\"valueName\":\"search_term_string\"}}],\"inLanguage\":\"en-GB\"}]}<\/script>\n<!-- \/ Yoast SEO plugin. -->","yoast_head_json":{"title":"Construction Site Locker Rooms \u2013 MT Bungalow","description":"MT Bungalow offers robust, well-designed construction site locker rooms, providing your teams with a secure and practical space for personal belongings.","robots":{"index":"index","follow":"follow","max-snippet":"max-snippet:-1","max-image-preview":"max-image-preview:large","max-video-preview":"max-video-preview:-1"},"canonical":"https:\/\/www.mt-bungalow.fr\/en\/industries\/construction\/portable-toilets-showers-and-changing-facilities\/construction-site-locker-room\/","og_locale":"en_GB","og_type":"article","og_title":"Vestiaire de chantier \u2013 S\u00e9curis\u00e9 & Facile d'installation | Module T","og_description":"Module T propose des vestiaires de chantier modulaires, robustes et bien agenc\u00e9s. Offrez \u00e0 vos \u00e9quipes un espace s\u00e9curis\u00e9 et pratique pour leurs effets personnels.","og_url":"https:\/\/www.mt-bungalow.fr\/en\/industries\/construction\/portable-toilets-showers-and-changing-facilities\/construction-site-locker-room\/","og_site_name":"MT Bungalow","article_modified_time":"2025-05-30T09:04:36+00:00","og_image":[{"width":950,"height":522,"url":"https:\/\/www.mt-bungalow.fr\/wp-content\/uploads\/2025\/05\/vestiaire-de-chantier.webp","type":"image\/webp"}],"twitter_card":"summary_large_image","twitter_misc":{"Estimated reading time":"11 minutes"},"schema":{"@context":"https:\/\/schema.org","@graph":[{"@type":"WebPage","@id":"https:\/\/www.mt-bungalow.fr\/expertises\/btp-chantiers\/sanitaires-vestiaires-de-chantier\/vestiaire-de-chantier\/","url":"https:\/\/www.mt-bungalow.fr\/expertises\/btp-chantiers\/sanitaires-vestiaires-de-chantier\/vestiaire-de-chantier\/","name":"Construction Site Locker Rooms \u2013 MT Bungalow","isPartOf":{"@id":"https:\/\/www.mt-bungalow.fr\/#website"},"primaryImageOfPage":{"@id":"https:\/\/www.mt-bungalow.fr\/expertises\/btp-chantiers\/sanitaires-vestiaires-de-chantier\/vestiaire-de-chantier\/#primaryimage"},"image":{"@id":"https:\/\/www.mt-bungalow.fr\/expertises\/btp-chantiers\/sanitaires-vestiaires-de-chantier\/vestiaire-de-chantier\/#primaryimage"},"thumbnailUrl":"https:\/\/www.mt-bungalow.fr\/wp-content\/uploads\/2025\/05\/vestiaire-de-chantier.webp","datePublished":"2025-04-04T07:56:07+00:00","dateModified":"2025-05-30T09:04:36+00:00","description":"MT Bungalow offers robust, well-designed construction site locker rooms, providing your teams with a secure and practical space for personal belongings.","breadcrumb":{"@id":"https:\/\/www.mt-bungalow.fr\/expertises\/btp-chantiers\/sanitaires-vestiaires-de-chantier\/vestiaire-de-chantier\/#breadcrumb"},"inLanguage":"en-GB","potentialAction":[{"@type":"ReadAction","target":["https:\/\/www.mt-bungalow.fr\/expertises\/btp-chantiers\/sanitaires-vestiaires-de-chantier\/vestiaire-de-chantier\/"]}]},{"@type":"ImageObject","inLanguage":"en-GB","@id":"https:\/\/www.mt-bungalow.fr\/expertises\/btp-chantiers\/sanitaires-vestiaires-de-chantier\/vestiaire-de-chantier\/#primaryimage","url":"https:\/\/www.mt-bungalow.fr\/wp-content\/uploads\/2025\/05\/vestiaire-de-chantier.webp","contentUrl":"https:\/\/www.mt-bungalow.fr\/wp-content\/uploads\/2025\/05\/vestiaire-de-chantier.webp","width":950,"height":522,"caption":"vestiaire-de-chantier"},{"@type":"BreadcrumbList","@id":"https:\/\/www.mt-bungalow.fr\/expertises\/btp-chantiers\/sanitaires-vestiaires-de-chantier\/vestiaire-de-chantier\/#breadcrumb","itemListElement":[{"@type":"ListItem","position":1,"name":"Accueil","item":"https:\/\/www.mt-bungalow.fr\/"},{"@type":"ListItem","position":2,"name":"Expertises","item":"https:\/\/www.mt-bungalow.fr\/expertises\/"},{"@type":"ListItem","position":3,"name":"BTP \/ Chantiers","item":"https:\/\/www.mt-bungalow.fr\/expertises\/btp-chantiers\/"},{"@type":"ListItem","position":4,"name":"Sanitaires et vestiaires de chantier","item":"https:\/\/www.mt-bungalow.fr\/expertises\/btp-chantiers\/sanitaires-vestiaires-de-chantier\/"},{"@type":"ListItem","position":5,"name":"Vestiaire de chantier"}]},{"@type":"WebSite","@id":"https:\/\/www.mt-bungalow.fr\/#website","url":"https:\/\/www.mt-bungalow.fr\/","name":"MT Bungalow","description":"","potentialAction":[{"@type":"SearchAction","target":{"@type":"EntryPoint","urlTemplate":"https:\/\/www.mt-bungalow.fr\/?s={search_term_string}"},"query-input":{"@type":"PropertyValueSpecification","valueRequired":true,"valueName":"search_term_string"}}],"inLanguage":"en-GB"}]}},"_links":{"self":[{"href":"https:\/\/www.mt-bungalow.fr\/en\/wp-json\/wp\/v2\/pages\/710","targetHints":{"allow":["GET"]}}],"collection":[{"href":"https:\/\/www.mt-bungalow.fr\/en\/wp-json\/wp\/v2\/pages"}],"about":[{"href":"https:\/\/www.mt-bungalow.fr\/en\/wp-json\/wp\/v2\/types\/page"}],"author":[{"embeddable":true,"href":"https:\/\/www.mt-bungalow.fr\/en\/wp-json\/wp\/v2\/users\/1"}],"replies":[{"embeddable":true,"href":"https:\/\/www.mt-bungalow.fr\/en\/wp-json\/wp\/v2\/comments?post=710"}],"version-history":[{"count":24,"href":"https:\/\/www.mt-bungalow.fr\/en\/wp-json\/wp\/v2\/pages\/710\/revisions"}],"predecessor-version":[{"id":1584,"href":"https:\/\/www.mt-bungalow.fr\/en\/wp-json\/wp\/v2\/pages\/710\/revisions\/1584"}],"up":[{"embeddable":true,"href":"https:\/\/www.mt-bungalow.fr\/en\/wp-json\/wp\/v2\/pages\/685"}],"wp:featuredmedia":[{"embeddable":true,"href":"https:\/\/www.mt-bungalow.fr\/en\/wp-json\/wp\/v2\/media\/1538"}],"wp:attachment":[{"href":"https:\/\/www.mt-bungalow.fr\/en\/wp-json\/wp\/v2\/media?parent=710"}],"curies":[{"name":"wp","href":"https:\/\/api.w.org\/{rel}","templated":true}]}}