{"id":693,"date":"2025-04-04T09:51:11","date_gmt":"2025-04-04T07:51:11","guid":{"rendered":"https:\/\/www.mt-bungalow.fr\/?page_id=693"},"modified":"2025-05-07T16:09:50","modified_gmt":"2025-05-07T14:09:50","slug":"construction-site-cabin","status":"publish","type":"page","link":"https:\/\/www.mt-bungalow.fr\/en\/industries\/construction\/construction-site-container\/construction-site-cabin\/","title":{"rendered":"Construction Site Cabin"},"content":{"rendered":"","protected":false},"excerpt":{"rendered":"<p>Souvent utilis\u00e9e comme point de contr\u00f4le ou de gestion \u00e0 l\u2019entr\u00e9e du site, la cabane de chantier offre un espace compact et fonctionnel pour vos agents de s\u00e9curit\u00e9 ou chefs de chantier. Nos mod\u00e8les sont \u00e9quip\u00e9s de tous les \u00e9quipements n\u00e9cessaires pour un usage quotidien confortable.<\/p>","protected":false},"author":1,"featured_media":1474,"parent":535,"menu_order":0,"comment_status":"closed","ping_status":"closed","template":"modele-expertise.php","meta":{"_acf_changed":false,"footnotes":""},"class_list":["post-693","page","type-page","status-publish","has-post-thumbnail","hentry"],"acf":[],"yoast_head":"<!-- This site is optimized with the Yoast SEO plugin v26.2 - https:\/\/yoast.com\/wordpress\/plugins\/seo\/ -->\n<title>Cabane de Chantier \u2013 Solide &amp; Facile \u00e0 Installer | Module T<\/title>\n<meta name=\"description\" content=\"Optez pour une cabane de chantier modulaire robuste et fonctionnelle. Id\u00e9ale pour les travaux temporaires, livr\u00e9e rapidement et pr\u00eate \u00e0 l\u2019usage avec Module T.\" \/>\n<meta name=\"robots\" content=\"index, follow, max-snippet:-1, max-image-preview:large, max-video-preview:-1\" \/>\n<link rel=\"canonical\" href=\"https:\/\/www.mt-bungalow.fr\/en\/industries\/construction\/construction-site-container\/construction-site-cabin\/\" \/>\n<meta property=\"og:locale\" content=\"en_GB\" \/>\n<meta property=\"og:type\" content=\"article\" \/>\n<meta property=\"og:title\" content=\"Cabane de Chantier \u2013 Solide &amp; Facile \u00e0 Installer | Module T\" \/>\n<meta property=\"og:description\" content=\"Optez pour une cabane de chantier modulaire robuste et fonctionnelle. Id\u00e9ale pour les travaux temporaires, livr\u00e9e rapidement et pr\u00eate \u00e0 l\u2019usage avec Module T.\" \/>\n<meta property=\"og:url\" content=\"https:\/\/www.mt-bungalow.fr\/en\/industries\/construction\/construction-site-container\/construction-site-cabin\/\" \/>\n<meta property=\"og:site_name\" content=\"MT Bungalow\" \/>\n<meta property=\"article:modified_time\" content=\"2025-05-07T14:09:50+00:00\" \/>\n<meta property=\"og:image\" content=\"https:\/\/www.mt-bungalow.fr\/wp-content\/uploads\/2025\/05\/Cabane-de-chantier-3-1.webp\" \/>\n\t<meta property=\"og:image:width\" content=\"1080\" \/>\n\t<meta property=\"og:image:height\" content=\"717\" \/>\n\t<meta property=\"og:image:type\" content=\"image\/jpeg\" \/>\n<meta name=\"twitter:card\" content=\"summary_large_image\" \/>\n<meta name=\"twitter:label1\" content=\"Estimated reading time\" \/>\n\t<meta name=\"twitter:data1\" content=\"1 minute\" \/>\n<script type=\"application\/ld+json\" class=\"yoast-schema-graph\">{\"@context\":\"https:\/\/schema.org\",\"@graph\":[{\"@type\":\"WebPage\",\"@id\":\"https:\/\/www.mt-bungalow.fr\/expertises\/btp-chantiers\/bungalows-de-chantier\/cabane-de-chantier\/\",\"url\":\"https:\/\/www.mt-bungalow.fr\/expertises\/btp-chantiers\/bungalows-de-chantier\/cabane-de-chantier\/\",\"name\":\"Cabane de Chantier \u2013 Solide & Facile \u00e0 Installer | Module T\",\"isPartOf\":{\"@id\":\"https:\/\/www.mt-bungalow.fr\/#website\"},\"primaryImageOfPage\":{\"@id\":\"https:\/\/www.mt-bungalow.fr\/expertises\/btp-chantiers\/bungalows-de-chantier\/cabane-de-chantier\/#primaryimage\"},\"image\":{\"@id\":\"https:\/\/www.mt-bungalow.fr\/expertises\/btp-chantiers\/bungalows-de-chantier\/cabane-de-chantier\/#primaryimage\"},\"thumbnailUrl\":\"https:\/\/www.mt-bungalow.fr\/wp-content\/uploads\/2025\/05\/Cabane-de-chantier-3-1.webp\",\"datePublished\":\"2025-04-04T07:51:11+00:00\",\"dateModified\":\"2025-05-07T14:09:50+00:00\",\"description\":\"Optez pour une cabane de chantier modulaire robuste et fonctionnelle. Id\u00e9ale pour les travaux temporaires, livr\u00e9e rapidement et pr\u00eate \u00e0 l\u2019usage avec Module T.\",\"breadcrumb\":{\"@id\":\"https:\/\/www.mt-bungalow.fr\/expertises\/btp-chantiers\/bungalows-de-chantier\/cabane-de-chantier\/#breadcrumb\"},\"inLanguage\":\"en-GB\",\"potentialAction\":[{\"@type\":\"ReadAction\",\"target\":[\"https:\/\/www.mt-bungalow.fr\/expertises\/btp-chantiers\/bungalows-de-chantier\/cabane-de-chantier\/\"]}]},{\"@type\":\"ImageObject\",\"inLanguage\":\"en-GB\",\"@id\":\"https:\/\/www.mt-bungalow.fr\/expertises\/btp-chantiers\/bungalows-de-chantier\/cabane-de-chantier\/#primaryimage\",\"url\":\"https:\/\/www.mt-bungalow.fr\/wp-content\/uploads\/2025\/05\/Cabane-de-chantier-3-1.webp\",\"contentUrl\":\"https:\/\/www.mt-bungalow.fr\/wp-content\/uploads\/2025\/05\/Cabane-de-chantier-3-1.webp\",\"width\":1080,\"height\":717,\"caption\":\"cabane de chantier\"},{\"@type\":\"BreadcrumbList\",\"@id\":\"https:\/\/www.mt-bungalow.fr\/expertises\/btp-chantiers\/bungalows-de-chantier\/cabane-de-chantier\/#breadcrumb\",\"itemListElement\":[{\"@type\":\"ListItem\",\"position\":1,\"name\":\"Accueil\",\"item\":\"https:\/\/www.mt-bungalow.fr\/\"},{\"@type\":\"ListItem\",\"position\":2,\"name\":\"Expertises\",\"item\":\"https:\/\/www.mt-bungalow.fr\/expertises\/\"},{\"@type\":\"ListItem\",\"position\":3,\"name\":\"BTP \/ Chantiers\",\"item\":\"https:\/\/www.mt-bungalow.fr\/expertises\/btp-chantiers\/\"},{\"@type\":\"ListItem\",\"position\":4,\"name\":\"Bungalows de chantier\",\"item\":\"https:\/\/www.mt-bungalow.fr\/expertises\/btp-chantiers\/bungalows-de-chantier\/\"},{\"@type\":\"ListItem\",\"position\":5,\"name\":\"Cabane de chantier\"}]},{\"@type\":\"WebSite\",\"@id\":\"https:\/\/www.mt-bungalow.fr\/#website\",\"url\":\"https:\/\/www.mt-bungalow.fr\/\",\"name\":\"MT Bungalow\",\"description\":\"\",\"potentialAction\":[{\"@type\":\"SearchAction\",\"target\":{\"@type\":\"EntryPoint\",\"urlTemplate\":\"https:\/\/www.mt-bungalow.fr\/?s={search_term_string}\"},\"query-input\":{\"@type\":\"PropertyValueSpecification\",\"valueRequired\":true,\"valueName\":\"search_term_string\"}}],\"inLanguage\":\"en-GB\"}]}<\/script>\n<!-- \/ Yoast SEO plugin. -->","yoast_head_json":{"title":"Construction Site Cabin \u2013 MT Bungalow","description":"Choose a robust, functional construction site cabin\u2014ideal for temporary works, delivered quickly, and ready to use with MT Bungalow.","robots":{"index":"index","follow":"follow","max-snippet":"max-snippet:-1","max-image-preview":"max-image-preview:large","max-video-preview":"max-video-preview:-1"},"canonical":"https:\/\/www.mt-bungalow.fr\/en\/industries\/construction\/construction-site-container\/construction-site-cabin\/","og_locale":"en_GB","og_type":"article","og_title":"Cabane de Chantier \u2013 Solide & Facile \u00e0 Installer | Module T","og_description":"Optez pour une cabane de chantier modulaire robuste et fonctionnelle. Id\u00e9ale pour les travaux temporaires, livr\u00e9e rapidement et pr\u00eate \u00e0 l\u2019usage avec Module T.","og_url":"https:\/\/www.mt-bungalow.fr\/en\/industries\/construction\/construction-site-container\/construction-site-cabin\/","og_site_name":"MT Bungalow","article_modified_time":"2025-05-07T14:09:50+00:00","og_image":[{"width":1080,"height":717,"url":"https:\/\/www.mt-bungalow.fr\/wp-content\/uploads\/2025\/05\/Cabane-de-chantier-3-1.webp","type":"image\/jpeg"}],"twitter_card":"summary_large_image","twitter_misc":{"Estimated reading time":"1 minute"},"schema":{"@context":"https:\/\/schema.org","@graph":[{"@type":"WebPage","@id":"https:\/\/www.mt-bungalow.fr\/expertises\/btp-chantiers\/bungalows-de-chantier\/cabane-de-chantier\/","url":"https:\/\/www.mt-bungalow.fr\/expertises\/btp-chantiers\/bungalows-de-chantier\/cabane-de-chantier\/","name":"Construction Site Cabin \u2013 MT Bungalow","isPartOf":{"@id":"https:\/\/www.mt-bungalow.fr\/#website"},"primaryImageOfPage":{"@id":"https:\/\/www.mt-bungalow.fr\/expertises\/btp-chantiers\/bungalows-de-chantier\/cabane-de-chantier\/#primaryimage"},"image":{"@id":"https:\/\/www.mt-bungalow.fr\/expertises\/btp-chantiers\/bungalows-de-chantier\/cabane-de-chantier\/#primaryimage"},"thumbnailUrl":"https:\/\/www.mt-bungalow.fr\/wp-content\/uploads\/2025\/05\/Cabane-de-chantier-3-1.webp","datePublished":"2025-04-04T07:51:11+00:00","dateModified":"2025-05-07T14:09:50+00:00","description":"Choose a robust, functional construction site cabin\u2014ideal for temporary works, delivered quickly, and ready to use with MT Bungalow.","breadcrumb":{"@id":"https:\/\/www.mt-bungalow.fr\/expertises\/btp-chantiers\/bungalows-de-chantier\/cabane-de-chantier\/#breadcrumb"},"inLanguage":"en-GB","potentialAction":[{"@type":"ReadAction","target":["https:\/\/www.mt-bungalow.fr\/expertises\/btp-chantiers\/bungalows-de-chantier\/cabane-de-chantier\/"]}]},{"@type":"ImageObject","inLanguage":"en-GB","@id":"https:\/\/www.mt-bungalow.fr\/expertises\/btp-chantiers\/bungalows-de-chantier\/cabane-de-chantier\/#primaryimage","url":"https:\/\/www.mt-bungalow.fr\/wp-content\/uploads\/2025\/05\/Cabane-de-chantier-3-1.webp","contentUrl":"https:\/\/www.mt-bungalow.fr\/wp-content\/uploads\/2025\/05\/Cabane-de-chantier-3-1.webp","width":1080,"height":717,"caption":"cabane de chantier"},{"@type":"BreadcrumbList","@id":"https:\/\/www.mt-bungalow.fr\/expertises\/btp-chantiers\/bungalows-de-chantier\/cabane-de-chantier\/#breadcrumb","itemListElement":[{"@type":"ListItem","position":1,"name":"Accueil","item":"https:\/\/www.mt-bungalow.fr\/"},{"@type":"ListItem","position":2,"name":"Expertises","item":"https:\/\/www.mt-bungalow.fr\/expertises\/"},{"@type":"ListItem","position":3,"name":"BTP \/ Chantiers","item":"https:\/\/www.mt-bungalow.fr\/expertises\/btp-chantiers\/"},{"@type":"ListItem","position":4,"name":"Bungalows de chantier","item":"https:\/\/www.mt-bungalow.fr\/expertises\/btp-chantiers\/bungalows-de-chantier\/"},{"@type":"ListItem","position":5,"name":"Cabane de chantier"}]},{"@type":"WebSite","@id":"https:\/\/www.mt-bungalow.fr\/#website","url":"https:\/\/www.mt-bungalow.fr\/","name":"MT Bungalow","description":"","potentialAction":[{"@type":"SearchAction","target":{"@type":"EntryPoint","urlTemplate":"https:\/\/www.mt-bungalow.fr\/?s={search_term_string}"},"query-input":{"@type":"PropertyValueSpecification","valueRequired":true,"valueName":"search_term_string"}}],"inLanguage":"en-GB"}]}},"_links":{"self":[{"href":"https:\/\/www.mt-bungalow.fr\/en\/wp-json\/wp\/v2\/pages\/693","targetHints":{"allow":["GET"]}}],"collection":[{"href":"https:\/\/www.mt-bungalow.fr\/en\/wp-json\/wp\/v2\/pages"}],"about":[{"href":"https:\/\/www.mt-bungalow.fr\/en\/wp-json\/wp\/v2\/types\/page"}],"author":[{"embeddable":true,"href":"https:\/\/www.mt-bungalow.fr\/en\/wp-json\/wp\/v2\/users\/1"}],"replies":[{"embeddable":true,"href":"https:\/\/www.mt-bungalow.fr\/en\/wp-json\/wp\/v2\/comments?post=693"}],"version-history":[{"count":22,"href":"https:\/\/www.mt-bungalow.fr\/en\/wp-json\/wp\/v2\/pages\/693\/revisions"}],"predecessor-version":[{"id":1476,"href":"https:\/\/www.mt-bungalow.fr\/en\/wp-json\/wp\/v2\/pages\/693\/revisions\/1476"}],"up":[{"embeddable":true,"href":"https:\/\/www.mt-bungalow.fr\/en\/wp-json\/wp\/v2\/pages\/535"}],"wp:featuredmedia":[{"embeddable":true,"href":"https:\/\/www.mt-bungalow.fr\/en\/wp-json\/wp\/v2\/media\/1474"}],"wp:attachment":[{"href":"https:\/\/www.mt-bungalow.fr\/en\/wp-json\/wp\/v2\/media?parent=693"}],"curies":[{"name":"wp","href":"https:\/\/api.w.org\/{rel}","templated":true}]}}