{"id":685,"date":"2025-04-04T09:49:55","date_gmt":"2025-04-04T07:49:55","guid":{"rendered":"https:\/\/www.mt-bungalow.fr\/?page_id=685"},"modified":"2025-07-24T14:25:16","modified_gmt":"2025-07-24T12:25:16","slug":"portable-toilets-showers-and-changing-facilities","status":"publish","type":"page","link":"https:\/\/www.mt-bungalow.fr\/en\/industries\/construction\/portable-toilets-showers-and-changing-facilities\/","title":{"rendered":"Portable Toilets, Showers and Changing Facilities"},"content":{"rendered":"","protected":false},"excerpt":{"rendered":"<p>Les modules sanitaires et vestiaires sont obligatoires sur tous les chantiers, quel que soit leur type ou leur dur\u00e9e. Ils assurent l\u2019hygi\u00e8ne, la s\u00e9curit\u00e9 et la conformit\u00e9 aux normes de sant\u00e9 au travail. Modulables, connectables et faciles \u00e0 entretenir, nos solutions sanitaires sont livr\u00e9es pr\u00eates \u00e0 l\u2019emploi.<\/p>","protected":false},"author":1,"featured_media":1390,"parent":541,"menu_order":0,"comment_status":"closed","ping_status":"closed","template":"modele-parent.php","meta":{"_acf_changed":false,"footnotes":""},"class_list":["post-685","page","type-page","status-publish","has-post-thumbnail","hentry"],"acf":[],"yoast_head":"<!-- This site is optimized with the Yoast SEO plugin v26.2 - https:\/\/yoast.com\/wordpress\/plugins\/seo\/ -->\n<title>Sanitaires et Vestiaires de Chantier \u2013 Modulaires &amp; S\u00e9curis\u00e9s \u2013 MT Bungalow<\/title>\n<meta name=\"description\" content=\"D\u00e9couvrez nos sanitaires et vestiaires de chantier modulaires, con\u00e7us pour offrir confort, s\u00e9curit\u00e9 et hygi\u00e8ne sur vos sites. Livraison rapide et personnalisation compl\u00e8te avec Module T.\" \/>\n<meta name=\"robots\" content=\"index, follow, max-snippet:-1, max-image-preview:large, max-video-preview:-1\" \/>\n<link rel=\"canonical\" href=\"https:\/\/www.mt-bungalow.fr\/en\/industries\/construction\/portable-toilets-showers-and-changing-facilities\/\" \/>\n<meta property=\"og:locale\" content=\"en_GB\" \/>\n<meta property=\"og:type\" content=\"article\" \/>\n<meta property=\"og:title\" content=\"Sanitaires et Vestiaires de Chantier \u2013 Modulaires &amp; S\u00e9curis\u00e9s \u2013 MT Bungalow\" \/>\n<meta property=\"og:description\" content=\"D\u00e9couvrez nos sanitaires et vestiaires de chantier modulaires, con\u00e7us pour offrir confort, s\u00e9curit\u00e9 et hygi\u00e8ne sur vos sites. Livraison rapide et personnalisation compl\u00e8te avec Module T.\" \/>\n<meta property=\"og:url\" content=\"https:\/\/www.mt-bungalow.fr\/en\/industries\/construction\/portable-toilets-showers-and-changing-facilities\/\" \/>\n<meta property=\"og:site_name\" content=\"MT Bungalow\" \/>\n<meta property=\"article:modified_time\" content=\"2025-07-24T12:25:16+00:00\" \/>\n<meta property=\"og:image\" content=\"https:\/\/www.mt-bungalow.fr\/wp-content\/uploads\/2025\/04\/wc-de-chantier-1-1.webp\" \/>\n\t<meta property=\"og:image:width\" content=\"900\" \/>\n\t<meta property=\"og:image:height\" content=\"474\" \/>\n\t<meta property=\"og:image:type\" content=\"image\/webp\" \/>\n<meta name=\"twitter:card\" content=\"summary_large_image\" \/>\n<meta name=\"twitter:label1\" content=\"Estimated reading time\" \/>\n\t<meta name=\"twitter:data1\" content=\"7 minutes\" \/>\n<script type=\"application\/ld+json\" class=\"yoast-schema-graph\">{\"@context\":\"https:\/\/schema.org\",\"@graph\":[{\"@type\":\"WebPage\",\"@id\":\"https:\/\/www.mt-bungalow.fr\/expertises\/btp-chantiers\/sanitaires-vestiaires-de-chantier\/\",\"url\":\"https:\/\/www.mt-bungalow.fr\/expertises\/btp-chantiers\/sanitaires-vestiaires-de-chantier\/\",\"name\":\"Sanitaires et Vestiaires de Chantier \u2013 Modulaires & S\u00e9curis\u00e9s \u2013 MT Bungalow\",\"isPartOf\":{\"@id\":\"https:\/\/www.mt-bungalow.fr\/#website\"},\"primaryImageOfPage\":{\"@id\":\"https:\/\/www.mt-bungalow.fr\/expertises\/btp-chantiers\/sanitaires-vestiaires-de-chantier\/#primaryimage\"},\"image\":{\"@id\":\"https:\/\/www.mt-bungalow.fr\/expertises\/btp-chantiers\/sanitaires-vestiaires-de-chantier\/#primaryimage\"},\"thumbnailUrl\":\"https:\/\/www.mt-bungalow.fr\/wp-content\/uploads\/2025\/04\/wc-de-chantier-1-1.webp\",\"datePublished\":\"2025-04-04T07:49:55+00:00\",\"dateModified\":\"2025-07-24T12:25:16+00:00\",\"description\":\"D\u00e9couvrez nos sanitaires et vestiaires de chantier modulaires, con\u00e7us pour offrir confort, s\u00e9curit\u00e9 et hygi\u00e8ne sur vos sites. Livraison rapide et personnalisation compl\u00e8te avec Module T.\",\"breadcrumb\":{\"@id\":\"https:\/\/www.mt-bungalow.fr\/expertises\/btp-chantiers\/sanitaires-vestiaires-de-chantier\/#breadcrumb\"},\"inLanguage\":\"en-GB\",\"potentialAction\":[{\"@type\":\"ReadAction\",\"target\":[\"https:\/\/www.mt-bungalow.fr\/expertises\/btp-chantiers\/sanitaires-vestiaires-de-chantier\/\"]}]},{\"@type\":\"ImageObject\",\"inLanguage\":\"en-GB\",\"@id\":\"https:\/\/www.mt-bungalow.fr\/expertises\/btp-chantiers\/sanitaires-vestiaires-de-chantier\/#primaryimage\",\"url\":\"https:\/\/www.mt-bungalow.fr\/wp-content\/uploads\/2025\/04\/wc-de-chantier-1-1.webp\",\"contentUrl\":\"https:\/\/www.mt-bungalow.fr\/wp-content\/uploads\/2025\/04\/wc-de-chantier-1-1.webp\",\"width\":900,\"height\":474,\"caption\":\"vestiaire chantier\"},{\"@type\":\"BreadcrumbList\",\"@id\":\"https:\/\/www.mt-bungalow.fr\/expertises\/btp-chantiers\/sanitaires-vestiaires-de-chantier\/#breadcrumb\",\"itemListElement\":[{\"@type\":\"ListItem\",\"position\":1,\"name\":\"Accueil\",\"item\":\"https:\/\/www.mt-bungalow.fr\/\"},{\"@type\":\"ListItem\",\"position\":2,\"name\":\"Expertises\",\"item\":\"https:\/\/www.mt-bungalow.fr\/expertises\/\"},{\"@type\":\"ListItem\",\"position\":3,\"name\":\"BTP \/ Chantiers\",\"item\":\"https:\/\/www.mt-bungalow.fr\/expertises\/btp-chantiers\/\"},{\"@type\":\"ListItem\",\"position\":4,\"name\":\"Sanitaires et vestiaires de chantier\"}]},{\"@type\":\"WebSite\",\"@id\":\"https:\/\/www.mt-bungalow.fr\/#website\",\"url\":\"https:\/\/www.mt-bungalow.fr\/\",\"name\":\"MT Bungalow\",\"description\":\"\",\"potentialAction\":[{\"@type\":\"SearchAction\",\"target\":{\"@type\":\"EntryPoint\",\"urlTemplate\":\"https:\/\/www.mt-bungalow.fr\/?s={search_term_string}\"},\"query-input\":{\"@type\":\"PropertyValueSpecification\",\"valueRequired\":true,\"valueName\":\"search_term_string\"}}],\"inLanguage\":\"en-GB\"}]}<\/script>\n<!-- \/ Yoast SEO plugin. -->","yoast_head_json":{"title":"Portable Toilets, Showers and Changing Facilities  \u2013 MT Bungalow","description":"Discover our modular portable toilets, showers, and changing facilities\u2014designed for comfort, safety, and hygiene. Fast delivery and full customization.","robots":{"index":"index","follow":"follow","max-snippet":"max-snippet:-1","max-image-preview":"max-image-preview:large","max-video-preview":"max-video-preview:-1"},"canonical":"https:\/\/www.mt-bungalow.fr\/en\/industries\/construction\/portable-toilets-showers-and-changing-facilities\/","og_locale":"en_GB","og_type":"article","og_title":"Sanitaires et Vestiaires de Chantier \u2013 Modulaires & S\u00e9curis\u00e9s \u2013 MT Bungalow","og_description":"D\u00e9couvrez nos sanitaires et vestiaires de chantier modulaires, con\u00e7us pour offrir confort, s\u00e9curit\u00e9 et hygi\u00e8ne sur vos sites. Livraison rapide et personnalisation compl\u00e8te avec Module T.","og_url":"https:\/\/www.mt-bungalow.fr\/en\/industries\/construction\/portable-toilets-showers-and-changing-facilities\/","og_site_name":"MT Bungalow","article_modified_time":"2025-07-24T12:25:16+00:00","og_image":[{"width":900,"height":474,"url":"https:\/\/www.mt-bungalow.fr\/wp-content\/uploads\/2025\/04\/wc-de-chantier-1-1.webp","type":"image\/webp"}],"twitter_card":"summary_large_image","twitter_misc":{"Estimated reading time":"7 minutes"},"schema":{"@context":"https:\/\/schema.org","@graph":[{"@type":"WebPage","@id":"https:\/\/www.mt-bungalow.fr\/expertises\/btp-chantiers\/sanitaires-vestiaires-de-chantier\/","url":"https:\/\/www.mt-bungalow.fr\/expertises\/btp-chantiers\/sanitaires-vestiaires-de-chantier\/","name":"Portable Toilets, Showers and Changing Facilities  \u2013 MT Bungalow","isPartOf":{"@id":"https:\/\/www.mt-bungalow.fr\/#website"},"primaryImageOfPage":{"@id":"https:\/\/www.mt-bungalow.fr\/expertises\/btp-chantiers\/sanitaires-vestiaires-de-chantier\/#primaryimage"},"image":{"@id":"https:\/\/www.mt-bungalow.fr\/expertises\/btp-chantiers\/sanitaires-vestiaires-de-chantier\/#primaryimage"},"thumbnailUrl":"https:\/\/www.mt-bungalow.fr\/wp-content\/uploads\/2025\/04\/wc-de-chantier-1-1.webp","datePublished":"2025-04-04T07:49:55+00:00","dateModified":"2025-07-24T12:25:16+00:00","description":"Discover our modular portable toilets, showers, and changing facilities\u2014designed for comfort, safety, and hygiene. Fast delivery and full customization.","breadcrumb":{"@id":"https:\/\/www.mt-bungalow.fr\/expertises\/btp-chantiers\/sanitaires-vestiaires-de-chantier\/#breadcrumb"},"inLanguage":"en-GB","potentialAction":[{"@type":"ReadAction","target":["https:\/\/www.mt-bungalow.fr\/expertises\/btp-chantiers\/sanitaires-vestiaires-de-chantier\/"]}]},{"@type":"ImageObject","inLanguage":"en-GB","@id":"https:\/\/www.mt-bungalow.fr\/expertises\/btp-chantiers\/sanitaires-vestiaires-de-chantier\/#primaryimage","url":"https:\/\/www.mt-bungalow.fr\/wp-content\/uploads\/2025\/04\/wc-de-chantier-1-1.webp","contentUrl":"https:\/\/www.mt-bungalow.fr\/wp-content\/uploads\/2025\/04\/wc-de-chantier-1-1.webp","width":900,"height":474,"caption":"vestiaire chantier"},{"@type":"BreadcrumbList","@id":"https:\/\/www.mt-bungalow.fr\/expertises\/btp-chantiers\/sanitaires-vestiaires-de-chantier\/#breadcrumb","itemListElement":[{"@type":"ListItem","position":1,"name":"Accueil","item":"https:\/\/www.mt-bungalow.fr\/"},{"@type":"ListItem","position":2,"name":"Expertises","item":"https:\/\/www.mt-bungalow.fr\/expertises\/"},{"@type":"ListItem","position":3,"name":"BTP \/ Chantiers","item":"https:\/\/www.mt-bungalow.fr\/expertises\/btp-chantiers\/"},{"@type":"ListItem","position":4,"name":"Sanitaires et vestiaires de chantier"}]},{"@type":"WebSite","@id":"https:\/\/www.mt-bungalow.fr\/#website","url":"https:\/\/www.mt-bungalow.fr\/","name":"MT Bungalow","description":"","potentialAction":[{"@type":"SearchAction","target":{"@type":"EntryPoint","urlTemplate":"https:\/\/www.mt-bungalow.fr\/?s={search_term_string}"},"query-input":{"@type":"PropertyValueSpecification","valueRequired":true,"valueName":"search_term_string"}}],"inLanguage":"en-GB"}]}},"_links":{"self":[{"href":"https:\/\/www.mt-bungalow.fr\/en\/wp-json\/wp\/v2\/pages\/685","targetHints":{"allow":["GET"]}}],"collection":[{"href":"https:\/\/www.mt-bungalow.fr\/en\/wp-json\/wp\/v2\/pages"}],"about":[{"href":"https:\/\/www.mt-bungalow.fr\/en\/wp-json\/wp\/v2\/types\/page"}],"author":[{"embeddable":true,"href":"https:\/\/www.mt-bungalow.fr\/en\/wp-json\/wp\/v2\/users\/1"}],"replies":[{"embeddable":true,"href":"https:\/\/www.mt-bungalow.fr\/en\/wp-json\/wp\/v2\/comments?post=685"}],"version-history":[{"count":20,"href":"https:\/\/www.mt-bungalow.fr\/en\/wp-json\/wp\/v2\/pages\/685\/revisions"}],"predecessor-version":[{"id":1981,"href":"https:\/\/www.mt-bungalow.fr\/en\/wp-json\/wp\/v2\/pages\/685\/revisions\/1981"}],"up":[{"embeddable":true,"href":"https:\/\/www.mt-bungalow.fr\/en\/wp-json\/wp\/v2\/pages\/541"}],"wp:featuredmedia":[{"embeddable":true,"href":"https:\/\/www.mt-bungalow.fr\/en\/wp-json\/wp\/v2\/media\/1390"}],"wp:attachment":[{"href":"https:\/\/www.mt-bungalow.fr\/en\/wp-json\/wp\/v2\/media?parent=685"}],"curies":[{"name":"wp","href":"https:\/\/api.w.org\/{rel}","templated":true}]}}