{"id":2130,"date":"2025-10-21T14:31:13","date_gmt":"2025-10-21T12:31:13","guid":{"rendered":"https:\/\/www.mt-bungalow.fr\/?page_id=2130"},"modified":"2025-11-04T15:39:49","modified_gmt":"2025-11-04T14:39:49","slug":"la-reunion","status":"publish","type":"page","link":"https:\/\/www.mt-bungalow.fr\/en\/bungalow-de-chantier-flat-pack-en-kit\/la-reunion\/","title":{"rendered":"Bungalow de chantier en kit La R\u00e9union"},"content":{"rendered":"<p><\/p>\n\n\n\n<p><\/p>\n\n\n\n<p><\/p>\n\n\n\n<p><\/p>\n\n\n\n\n\n<p><\/p>","protected":false},"excerpt":{"rendered":"<p>Le bungalow de chantier est l\u2019\u00e9l\u00e9ment central de toute organisation sur site. Il constitue un espace modulaire, pr\u00e9fabriqu\u00e9 et mobile qui peut remplir une multitude de fonctions selon les besoins du ma\u00eetre d\u2019\u0153uvre. Chez Module-T, nous proposons une large gamme de bungalows de chantier : bureaux, abris, vestiaires, sanitaires, zones de stockage\u2026 Toutes nos structures sont personnalisables, empilables, et livr\u00e9es rapidement, pr\u00eates \u00e0 \u00eatre install\u00e9es d\u00e8s leur r\u00e9ception.<\/p>","protected":false},"author":1,"featured_media":1625,"parent":2102,"menu_order":0,"comment_status":"closed","ping_status":"closed","template":"modele-parent.php","meta":{"_acf_changed":false,"footnotes":""},"class_list":["post-2130","page","type-page","status-publish","has-post-thumbnail","hentry"],"acf":[],"yoast_head":"<!-- This site is optimized with the Yoast SEO plugin v26.2 - https:\/\/yoast.com\/wordpress\/plugins\/seo\/ -->\n<title>Bungalows de Chantier en kit \u2013 La R\u00e9union - MT Bungalow<\/title>\n<meta name=\"description\" content=\"MT Bungalow propose des bungalows de chantier flat pack livr\u00e9s en kit \u00e0 La R\u00e9union, personnalisables et conformes aux normes europ\u00e9ennes. Devis gratuit.\" \/>\n<meta name=\"robots\" content=\"index, follow, max-snippet:-1, max-image-preview:large, max-video-preview:-1\" \/>\n<link rel=\"canonical\" href=\"https:\/\/www.mt-bungalow.fr\/en\/construction-site-bungalow-toulouse\/\" \/>\n<meta property=\"og:locale\" content=\"en_GB\" \/>\n<meta property=\"og:type\" content=\"article\" \/>\n<meta property=\"og:title\" content=\"Bungalows de Chantier en kit \u2013 La R\u00e9union - MT Bungalow\" \/>\n<meta property=\"og:description\" content=\"MT Bungalow propose des bungalows de chantier flat pack livr\u00e9s en kit \u00e0 La R\u00e9union, personnalisables et conformes aux normes europ\u00e9ennes. Devis gratuit.\" \/>\n<meta property=\"og:url\" content=\"https:\/\/www.mt-bungalow.fr\/en\/construction-site-bungalow-toulouse\/\" \/>\n<meta property=\"og:site_name\" content=\"MT Bungalow\" \/>\n<meta property=\"article:modified_time\" content=\"2025-11-04T14:39:49+00:00\" \/>\n<meta property=\"og:image\" content=\"https:\/\/www.mt-bungalow.fr\/wp-content\/uploads\/2025\/06\/flatpack-containers.webp\" \/>\n\t<meta property=\"og:image:width\" content=\"969\" \/>\n\t<meta property=\"og:image:height\" content=\"760\" \/>\n\t<meta property=\"og:image:type\" content=\"image\/webp\" \/>\n<meta name=\"twitter:card\" content=\"summary_large_image\" \/>\n<meta name=\"twitter:label1\" content=\"Estimated reading time\" \/>\n\t<meta name=\"twitter:data1\" content=\"8 minutes\" \/>\n<script type=\"application\/ld+json\" class=\"yoast-schema-graph\">{\"@context\":\"https:\/\/schema.org\",\"@graph\":[{\"@type\":\"WebPage\",\"@id\":\"https:\/\/www.mt-bungalow.fr\/bungalow-de-chantier-flat-pack-en-kit\/la-reunion\/\",\"url\":\"https:\/\/www.mt-bungalow.fr\/bungalow-chantier-toulouse\/\",\"name\":\"Bungalows de Chantier en kit \u2013 La R\u00e9union - MT Bungalow\",\"isPartOf\":{\"@id\":\"https:\/\/www.mt-bungalow.fr\/#website\"},\"primaryImageOfPage\":{\"@id\":\"https:\/\/www.mt-bungalow.fr\/bungalow-chantier-toulouse\/#primaryimage\"},\"image\":{\"@id\":\"https:\/\/www.mt-bungalow.fr\/bungalow-chantier-toulouse\/#primaryimage\"},\"thumbnailUrl\":\"https:\/\/www.mt-bungalow.fr\/wp-content\/uploads\/2025\/06\/flatpack-containers.webp\",\"datePublished\":\"2025-10-21T12:31:13+00:00\",\"dateModified\":\"2025-11-04T14:39:49+00:00\",\"description\":\"MT Bungalow propose des bungalows de chantier flat pack livr\u00e9s en kit \u00e0 La R\u00e9union, personnalisables et conformes aux normes europ\u00e9ennes. Devis gratuit.\",\"breadcrumb\":{\"@id\":\"https:\/\/www.mt-bungalow.fr\/bungalow-chantier-toulouse\/#breadcrumb\"},\"inLanguage\":\"en-GB\",\"potentialAction\":[{\"@type\":\"ReadAction\",\"target\":[\"https:\/\/www.mt-bungalow.fr\/bungalow-chantier-toulouse\/\"]}]},{\"@type\":\"ImageObject\",\"inLanguage\":\"en-GB\",\"@id\":\"https:\/\/www.mt-bungalow.fr\/bungalow-chantier-toulouse\/#primaryimage\",\"url\":\"https:\/\/www.mt-bungalow.fr\/wp-content\/uploads\/2025\/06\/flatpack-containers.webp\",\"contentUrl\":\"https:\/\/www.mt-bungalow.fr\/wp-content\/uploads\/2025\/06\/flatpack-containers.webp\",\"width\":969,\"height\":760,\"caption\":\"flatpack-containers\"},{\"@type\":\"BreadcrumbList\",\"@id\":\"https:\/\/www.mt-bungalow.fr\/bungalow-chantier-toulouse\/#breadcrumb\",\"itemListElement\":[{\"@type\":\"ListItem\",\"position\":1,\"name\":\"Accueil\",\"item\":\"https:\/\/www.mt-bungalow.fr\/\"},{\"@type\":\"ListItem\",\"position\":2,\"name\":\"Bungalow de chantier Flat Pack (En kit)\",\"item\":\"https:\/\/www.mt-bungalow.fr\/bungalow-de-chantier-flat-pack-en-kit\/\"},{\"@type\":\"ListItem\",\"position\":3,\"name\":\"Bungalow de chantier en kit La R\u00e9union\"}]},{\"@type\":\"WebSite\",\"@id\":\"https:\/\/www.mt-bungalow.fr\/#website\",\"url\":\"https:\/\/www.mt-bungalow.fr\/\",\"name\":\"MT Bungalow\",\"description\":\"\",\"potentialAction\":[{\"@type\":\"SearchAction\",\"target\":{\"@type\":\"EntryPoint\",\"urlTemplate\":\"https:\/\/www.mt-bungalow.fr\/?s={search_term_string}\"},\"query-input\":{\"@type\":\"PropertyValueSpecification\",\"valueRequired\":true,\"valueName\":\"search_term_string\"}}],\"inLanguage\":\"en-GB\"}]}<\/script>\n<!-- \/ Yoast SEO plugin. -->","yoast_head_json":{"title":"Bungalows de Chantier en kit \u2013 La R\u00e9union - MT Bungalow","description":"MT Bungalow propose des bungalows de chantier flat pack livr\u00e9s en kit \u00e0 La R\u00e9union, personnalisables et conformes aux normes europ\u00e9ennes. Devis gratuit.","robots":{"index":"index","follow":"follow","max-snippet":"max-snippet:-1","max-image-preview":"max-image-preview:large","max-video-preview":"max-video-preview:-1"},"canonical":"https:\/\/www.mt-bungalow.fr\/en\/construction-site-bungalow-toulouse\/","og_locale":"en_GB","og_type":"article","og_title":"Bungalows de Chantier en kit \u2013 La R\u00e9union - MT Bungalow","og_description":"MT Bungalow propose des bungalows de chantier flat pack livr\u00e9s en kit \u00e0 La R\u00e9union, personnalisables et conformes aux normes europ\u00e9ennes. Devis gratuit.","og_url":"https:\/\/www.mt-bungalow.fr\/en\/construction-site-bungalow-toulouse\/","og_site_name":"MT Bungalow","article_modified_time":"2025-11-04T14:39:49+00:00","og_image":[{"width":969,"height":760,"url":"https:\/\/www.mt-bungalow.fr\/wp-content\/uploads\/2025\/06\/flatpack-containers.webp","type":"image\/webp"}],"twitter_card":"summary_large_image","twitter_misc":{"Estimated reading time":"8 minutes"},"schema":{"@context":"https:\/\/schema.org","@graph":[{"@type":"WebPage","@id":"https:\/\/www.mt-bungalow.fr\/bungalow-de-chantier-flat-pack-en-kit\/la-reunion\/","url":"https:\/\/www.mt-bungalow.fr\/bungalow-chantier-toulouse\/","name":"Bungalows de Chantier en kit \u2013 La R\u00e9union - MT Bungalow","isPartOf":{"@id":"https:\/\/www.mt-bungalow.fr\/#website"},"primaryImageOfPage":{"@id":"https:\/\/www.mt-bungalow.fr\/bungalow-chantier-toulouse\/#primaryimage"},"image":{"@id":"https:\/\/www.mt-bungalow.fr\/bungalow-chantier-toulouse\/#primaryimage"},"thumbnailUrl":"https:\/\/www.mt-bungalow.fr\/wp-content\/uploads\/2025\/06\/flatpack-containers.webp","datePublished":"2025-10-21T12:31:13+00:00","dateModified":"2025-11-04T14:39:49+00:00","description":"MT Bungalow propose des bungalows de chantier flat pack livr\u00e9s en kit \u00e0 La R\u00e9union, personnalisables et conformes aux normes europ\u00e9ennes. Devis gratuit.","breadcrumb":{"@id":"https:\/\/www.mt-bungalow.fr\/bungalow-chantier-toulouse\/#breadcrumb"},"inLanguage":"en-GB","potentialAction":[{"@type":"ReadAction","target":["https:\/\/www.mt-bungalow.fr\/bungalow-chantier-toulouse\/"]}]},{"@type":"ImageObject","inLanguage":"en-GB","@id":"https:\/\/www.mt-bungalow.fr\/bungalow-chantier-toulouse\/#primaryimage","url":"https:\/\/www.mt-bungalow.fr\/wp-content\/uploads\/2025\/06\/flatpack-containers.webp","contentUrl":"https:\/\/www.mt-bungalow.fr\/wp-content\/uploads\/2025\/06\/flatpack-containers.webp","width":969,"height":760,"caption":"flatpack-containers"},{"@type":"BreadcrumbList","@id":"https:\/\/www.mt-bungalow.fr\/bungalow-chantier-toulouse\/#breadcrumb","itemListElement":[{"@type":"ListItem","position":1,"name":"Accueil","item":"https:\/\/www.mt-bungalow.fr\/"},{"@type":"ListItem","position":2,"name":"Bungalow de chantier Flat Pack (En kit)","item":"https:\/\/www.mt-bungalow.fr\/bungalow-de-chantier-flat-pack-en-kit\/"},{"@type":"ListItem","position":3,"name":"Bungalow de chantier en kit La R\u00e9union"}]},{"@type":"WebSite","@id":"https:\/\/www.mt-bungalow.fr\/#website","url":"https:\/\/www.mt-bungalow.fr\/","name":"MT Bungalow","description":"","potentialAction":[{"@type":"SearchAction","target":{"@type":"EntryPoint","urlTemplate":"https:\/\/www.mt-bungalow.fr\/?s={search_term_string}"},"query-input":{"@type":"PropertyValueSpecification","valueRequired":true,"valueName":"search_term_string"}}],"inLanguage":"en-GB"}]}},"_links":{"self":[{"href":"https:\/\/www.mt-bungalow.fr\/en\/wp-json\/wp\/v2\/pages\/2130","targetHints":{"allow":["GET"]}}],"collection":[{"href":"https:\/\/www.mt-bungalow.fr\/en\/wp-json\/wp\/v2\/pages"}],"about":[{"href":"https:\/\/www.mt-bungalow.fr\/en\/wp-json\/wp\/v2\/types\/page"}],"author":[{"embeddable":true,"href":"https:\/\/www.mt-bungalow.fr\/en\/wp-json\/wp\/v2\/users\/1"}],"replies":[{"embeddable":true,"href":"https:\/\/www.mt-bungalow.fr\/en\/wp-json\/wp\/v2\/comments?post=2130"}],"version-history":[{"count":9,"href":"https:\/\/www.mt-bungalow.fr\/en\/wp-json\/wp\/v2\/pages\/2130\/revisions"}],"predecessor-version":[{"id":2284,"href":"https:\/\/www.mt-bungalow.fr\/en\/wp-json\/wp\/v2\/pages\/2130\/revisions\/2284"}],"up":[{"embeddable":true,"href":"https:\/\/www.mt-bungalow.fr\/en\/wp-json\/wp\/v2\/pages\/2102"}],"wp:featuredmedia":[{"embeddable":true,"href":"https:\/\/www.mt-bungalow.fr\/en\/wp-json\/wp\/v2\/media\/1625"}],"wp:attachment":[{"href":"https:\/\/www.mt-bungalow.fr\/en\/wp-json\/wp\/v2\/media?parent=2130"}],"curies":[{"name":"wp","href":"https:\/\/api.w.org\/{rel}","templated":true}]}}