{"id":2034,"date":"2025-08-14T09:47:44","date_gmt":"2025-08-14T07:47:44","guid":{"rendered":"https:\/\/www.mt-bungalow.fr\/?page_id=2034"},"modified":"2025-08-25T16:09:54","modified_gmt":"2025-08-25T14:09:54","slug":"toulouse","status":"publish","type":"page","link":"https:\/\/www.mt-bungalow.fr\/en\/industries\/construction\/portable-toilets-showers-and-changing-facilities\/combined-sanitary-bungalows\/toulouse\/","title":{"rendered":"Construction site sanitation Toulouse"},"content":{"rendered":"","protected":false},"excerpt":{"rendered":"<p>Le sanitaire modulaire est un \u00e9l\u00e9ment essentiel au bon d\u00e9roulement de toute op\u00e9ration sur site. Il garantit aux \u00e9quipes des conditions d\u2019hygi\u00e8ne optimales, en respect des normes en vigueur, tout en s\u2019adaptant aux sp\u00e9cificit\u00e9s du chantier. Chez Module-T, nous proposons une large gamme de sanitaires de chantier : toilettes autonomes ou raccordables, douches, lave-mains, modules combin\u00e9s avec vestiaires ou r\u00e9fectoires, et cabines PMR.<\/p>","protected":false},"author":1,"featured_media":884,"parent":711,"menu_order":0,"comment_status":"closed","ping_status":"closed","template":"modele-parent.php","meta":{"_acf_changed":false,"footnotes":""},"class_list":["post-2034","page","type-page","status-publish","has-post-thumbnail","hentry"],"acf":[],"yoast_head":"<!-- This site is optimized with the Yoast SEO plugin v26.2 - https:\/\/yoast.com\/wordpress\/plugins\/seo\/ -->\n<title>Sanitaire de chantier \u00e0 Toulouse \u2013 Modules hygi\u00e8ne pr\u00eats \u00e0 poser - MT Bungalow<\/title>\n<meta name=\"description\" content=\"D\u00e9couvrez nos sanitaires de chantier \u00e0 Toulouse : WC autonomes, douches, blocs combin\u00e9s et cabines PMR. Vente directe, livraison rapide en Haute-Garonne. Devis gratuit.\" \/>\n<meta name=\"robots\" content=\"index, follow, max-snippet:-1, max-image-preview:large, max-video-preview:-1\" \/>\n<link rel=\"canonical\" href=\"https:\/\/www.mt-bungalow.fr\/en\/industries\/construction\/portable-toilets-showers-and-changing-facilities\/combined-sanitary-bungalows\/toulouse\/\" \/>\n<meta property=\"og:locale\" content=\"en_GB\" \/>\n<meta property=\"og:type\" content=\"article\" \/>\n<meta property=\"og:title\" content=\"Sanitaire de chantier \u00e0 Toulouse \u2013 Modules hygi\u00e8ne pr\u00eats \u00e0 poser - MT Bungalow\" \/>\n<meta property=\"og:description\" content=\"D\u00e9couvrez nos sanitaires de chantier \u00e0 Toulouse : WC autonomes, douches, blocs combin\u00e9s et cabines PMR. Vente directe, livraison rapide en Haute-Garonne. Devis gratuit.\" \/>\n<meta property=\"og:url\" content=\"https:\/\/www.mt-bungalow.fr\/en\/industries\/construction\/portable-toilets-showers-and-changing-facilities\/combined-sanitary-bungalows\/toulouse\/\" \/>\n<meta property=\"og:site_name\" content=\"MT Bungalow\" \/>\n<meta property=\"article:modified_time\" content=\"2025-08-25T14:09:54+00:00\" \/>\n<meta property=\"og:image\" content=\"https:\/\/www.mt-bungalow.fr\/wp-content\/uploads\/2025\/04\/06-BUREAUX-DE-CHANTIER.webp\" \/>\n\t<meta property=\"og:image:width\" content=\"900\" \/>\n\t<meta property=\"og:image:height\" content=\"648\" \/>\n\t<meta property=\"og:image:type\" content=\"image\/jpeg\" \/>\n<meta name=\"twitter:card\" content=\"summary_large_image\" \/>\n<meta name=\"twitter:label1\" content=\"Estimated reading time\" \/>\n\t<meta name=\"twitter:data1\" content=\"6 minutes\" \/>\n<script type=\"application\/ld+json\" class=\"yoast-schema-graph\">{\"@context\":\"https:\/\/schema.org\",\"@graph\":[{\"@type\":\"WebPage\",\"@id\":\"https:\/\/www.mt-bungalow.fr\/expertises\/btp-chantiers\/sanitaires-vestiaires-de-chantier\/bungalows-sanitaires-combines\/toulouse\/\",\"url\":\"https:\/\/www.mt-bungalow.fr\/expertises\/btp-chantiers\/sanitaires-vestiaires-de-chantier\/bungalows-sanitaires-combines\/toulouse\/\",\"name\":\"Sanitaire de chantier \u00e0 Toulouse \u2013 Modules hygi\u00e8ne pr\u00eats \u00e0 poser - MT Bungalow\",\"isPartOf\":{\"@id\":\"https:\/\/www.mt-bungalow.fr\/#website\"},\"primaryImageOfPage\":{\"@id\":\"https:\/\/www.mt-bungalow.fr\/expertises\/btp-chantiers\/sanitaires-vestiaires-de-chantier\/bungalows-sanitaires-combines\/toulouse\/#primaryimage\"},\"image\":{\"@id\":\"https:\/\/www.mt-bungalow.fr\/expertises\/btp-chantiers\/sanitaires-vestiaires-de-chantier\/bungalows-sanitaires-combines\/toulouse\/#primaryimage\"},\"thumbnailUrl\":\"https:\/\/www.mt-bungalow.fr\/wp-content\/uploads\/2025\/04\/06-BUREAUX-DE-CHANTIER.webp\",\"datePublished\":\"2025-08-14T07:47:44+00:00\",\"dateModified\":\"2025-08-25T14:09:54+00:00\",\"description\":\"D\u00e9couvrez nos sanitaires de chantier \u00e0 Toulouse : WC autonomes, douches, blocs combin\u00e9s et cabines PMR. Vente directe, livraison rapide en Haute-Garonne. Devis gratuit.\",\"breadcrumb\":{\"@id\":\"https:\/\/www.mt-bungalow.fr\/expertises\/btp-chantiers\/sanitaires-vestiaires-de-chantier\/bungalows-sanitaires-combines\/toulouse\/#breadcrumb\"},\"inLanguage\":\"en-GB\",\"potentialAction\":[{\"@type\":\"ReadAction\",\"target\":[\"https:\/\/www.mt-bungalow.fr\/expertises\/btp-chantiers\/sanitaires-vestiaires-de-chantier\/bungalows-sanitaires-combines\/toulouse\/\"]}]},{\"@type\":\"ImageObject\",\"inLanguage\":\"en-GB\",\"@id\":\"https:\/\/www.mt-bungalow.fr\/expertises\/btp-chantiers\/sanitaires-vestiaires-de-chantier\/bungalows-sanitaires-combines\/toulouse\/#primaryimage\",\"url\":\"https:\/\/www.mt-bungalow.fr\/wp-content\/uploads\/2025\/04\/06-BUREAUX-DE-CHANTIER.webp\",\"contentUrl\":\"https:\/\/www.mt-bungalow.fr\/wp-content\/uploads\/2025\/04\/06-BUREAUX-DE-CHANTIER.webp\",\"width\":900,\"height\":648,\"caption\":\"Bureau de chantier avec fen\u00eatre grillag\u00e9e\"},{\"@type\":\"BreadcrumbList\",\"@id\":\"https:\/\/www.mt-bungalow.fr\/expertises\/btp-chantiers\/sanitaires-vestiaires-de-chantier\/bungalows-sanitaires-combines\/toulouse\/#breadcrumb\",\"itemListElement\":[{\"@type\":\"ListItem\",\"position\":1,\"name\":\"Accueil\",\"item\":\"https:\/\/www.mt-bungalow.fr\/\"},{\"@type\":\"ListItem\",\"position\":2,\"name\":\"Expertises\",\"item\":\"https:\/\/www.mt-bungalow.fr\/expertises\/\"},{\"@type\":\"ListItem\",\"position\":3,\"name\":\"BTP \/ Chantiers\",\"item\":\"https:\/\/www.mt-bungalow.fr\/expertises\/btp-chantiers\/\"},{\"@type\":\"ListItem\",\"position\":4,\"name\":\"Sanitaires et vestiaires de chantier\",\"item\":\"https:\/\/www.mt-bungalow.fr\/expertises\/btp-chantiers\/sanitaires-vestiaires-de-chantier\/\"},{\"@type\":\"ListItem\",\"position\":5,\"name\":\"Bungalows sanitaires combin\u00e9s\",\"item\":\"https:\/\/www.mt-bungalow.fr\/expertises\/btp-chantiers\/sanitaires-vestiaires-de-chantier\/bungalows-sanitaires-combines\/\"},{\"@type\":\"ListItem\",\"position\":6,\"name\":\"Sanitaire de chantier Toulouse\"}]},{\"@type\":\"WebSite\",\"@id\":\"https:\/\/www.mt-bungalow.fr\/#website\",\"url\":\"https:\/\/www.mt-bungalow.fr\/\",\"name\":\"MT Bungalow\",\"description\":\"\",\"potentialAction\":[{\"@type\":\"SearchAction\",\"target\":{\"@type\":\"EntryPoint\",\"urlTemplate\":\"https:\/\/www.mt-bungalow.fr\/?s={search_term_string}\"},\"query-input\":{\"@type\":\"PropertyValueSpecification\",\"valueRequired\":true,\"valueName\":\"search_term_string\"}}],\"inLanguage\":\"en-GB\"}]}<\/script>\n<!-- \/ Yoast SEO plugin. -->","yoast_head_json":{"title":"Construction site sanitation in Toulouse \u2013 Ready-to-install hygiene modules - MT Bungalow","description":"Discover our construction site restrooms in Toulouse: self-contained toilets, showers, combined units, and disabled access cabins. Direct sales, fast delivery in Haute-Garonne. Free quotes.","robots":{"index":"index","follow":"follow","max-snippet":"max-snippet:-1","max-image-preview":"max-image-preview:large","max-video-preview":"max-video-preview:-1"},"canonical":"https:\/\/www.mt-bungalow.fr\/en\/industries\/construction\/portable-toilets-showers-and-changing-facilities\/combined-sanitary-bungalows\/toulouse\/","og_locale":"en_GB","og_type":"article","og_title":"Sanitaire de chantier \u00e0 Toulouse \u2013 Modules hygi\u00e8ne pr\u00eats \u00e0 poser - MT Bungalow","og_description":"D\u00e9couvrez nos sanitaires de chantier \u00e0 Toulouse : WC autonomes, douches, blocs combin\u00e9s et cabines PMR. Vente directe, livraison rapide en Haute-Garonne. Devis gratuit.","og_url":"https:\/\/www.mt-bungalow.fr\/en\/industries\/construction\/portable-toilets-showers-and-changing-facilities\/combined-sanitary-bungalows\/toulouse\/","og_site_name":"MT Bungalow","article_modified_time":"2025-08-25T14:09:54+00:00","og_image":[{"width":900,"height":648,"url":"https:\/\/www.mt-bungalow.fr\/wp-content\/uploads\/2025\/04\/06-BUREAUX-DE-CHANTIER.webp","type":"image\/jpeg"}],"twitter_card":"summary_large_image","twitter_misc":{"Estimated reading time":"6 minutes"},"schema":{"@context":"https:\/\/schema.org","@graph":[{"@type":"WebPage","@id":"https:\/\/www.mt-bungalow.fr\/expertises\/btp-chantiers\/sanitaires-vestiaires-de-chantier\/bungalows-sanitaires-combines\/toulouse\/","url":"https:\/\/www.mt-bungalow.fr\/expertises\/btp-chantiers\/sanitaires-vestiaires-de-chantier\/bungalows-sanitaires-combines\/toulouse\/","name":"Construction site sanitation in Toulouse \u2013 Ready-to-install hygiene modules - MT Bungalow","isPartOf":{"@id":"https:\/\/www.mt-bungalow.fr\/#website"},"primaryImageOfPage":{"@id":"https:\/\/www.mt-bungalow.fr\/expertises\/btp-chantiers\/sanitaires-vestiaires-de-chantier\/bungalows-sanitaires-combines\/toulouse\/#primaryimage"},"image":{"@id":"https:\/\/www.mt-bungalow.fr\/expertises\/btp-chantiers\/sanitaires-vestiaires-de-chantier\/bungalows-sanitaires-combines\/toulouse\/#primaryimage"},"thumbnailUrl":"https:\/\/www.mt-bungalow.fr\/wp-content\/uploads\/2025\/04\/06-BUREAUX-DE-CHANTIER.webp","datePublished":"2025-08-14T07:47:44+00:00","dateModified":"2025-08-25T14:09:54+00:00","description":"Discover our construction site restrooms in Toulouse: self-contained toilets, showers, combined units, and disabled access cabins. Direct sales, fast delivery in Haute-Garonne. Free quotes.","breadcrumb":{"@id":"https:\/\/www.mt-bungalow.fr\/expertises\/btp-chantiers\/sanitaires-vestiaires-de-chantier\/bungalows-sanitaires-combines\/toulouse\/#breadcrumb"},"inLanguage":"en-GB","potentialAction":[{"@type":"ReadAction","target":["https:\/\/www.mt-bungalow.fr\/expertises\/btp-chantiers\/sanitaires-vestiaires-de-chantier\/bungalows-sanitaires-combines\/toulouse\/"]}]},{"@type":"ImageObject","inLanguage":"en-GB","@id":"https:\/\/www.mt-bungalow.fr\/expertises\/btp-chantiers\/sanitaires-vestiaires-de-chantier\/bungalows-sanitaires-combines\/toulouse\/#primaryimage","url":"https:\/\/www.mt-bungalow.fr\/wp-content\/uploads\/2025\/04\/06-BUREAUX-DE-CHANTIER.webp","contentUrl":"https:\/\/www.mt-bungalow.fr\/wp-content\/uploads\/2025\/04\/06-BUREAUX-DE-CHANTIER.webp","width":900,"height":648,"caption":"Bureau de chantier avec fen\u00eatre grillag\u00e9e"},{"@type":"BreadcrumbList","@id":"https:\/\/www.mt-bungalow.fr\/expertises\/btp-chantiers\/sanitaires-vestiaires-de-chantier\/bungalows-sanitaires-combines\/toulouse\/#breadcrumb","itemListElement":[{"@type":"ListItem","position":1,"name":"Accueil","item":"https:\/\/www.mt-bungalow.fr\/"},{"@type":"ListItem","position":2,"name":"Expertises","item":"https:\/\/www.mt-bungalow.fr\/expertises\/"},{"@type":"ListItem","position":3,"name":"BTP \/ Chantiers","item":"https:\/\/www.mt-bungalow.fr\/expertises\/btp-chantiers\/"},{"@type":"ListItem","position":4,"name":"Sanitaires et vestiaires de chantier","item":"https:\/\/www.mt-bungalow.fr\/expertises\/btp-chantiers\/sanitaires-vestiaires-de-chantier\/"},{"@type":"ListItem","position":5,"name":"Bungalows sanitaires combin\u00e9s","item":"https:\/\/www.mt-bungalow.fr\/expertises\/btp-chantiers\/sanitaires-vestiaires-de-chantier\/bungalows-sanitaires-combines\/"},{"@type":"ListItem","position":6,"name":"Sanitaire de chantier Toulouse"}]},{"@type":"WebSite","@id":"https:\/\/www.mt-bungalow.fr\/#website","url":"https:\/\/www.mt-bungalow.fr\/","name":"MT Bungalow","description":"","potentialAction":[{"@type":"SearchAction","target":{"@type":"EntryPoint","urlTemplate":"https:\/\/www.mt-bungalow.fr\/?s={search_term_string}"},"query-input":{"@type":"PropertyValueSpecification","valueRequired":true,"valueName":"search_term_string"}}],"inLanguage":"en-GB"}]}},"_links":{"self":[{"href":"https:\/\/www.mt-bungalow.fr\/en\/wp-json\/wp\/v2\/pages\/2034","targetHints":{"allow":["GET"]}}],"collection":[{"href":"https:\/\/www.mt-bungalow.fr\/en\/wp-json\/wp\/v2\/pages"}],"about":[{"href":"https:\/\/www.mt-bungalow.fr\/en\/wp-json\/wp\/v2\/types\/page"}],"author":[{"embeddable":true,"href":"https:\/\/www.mt-bungalow.fr\/en\/wp-json\/wp\/v2\/users\/1"}],"replies":[{"embeddable":true,"href":"https:\/\/www.mt-bungalow.fr\/en\/wp-json\/wp\/v2\/comments?post=2034"}],"version-history":[{"count":2,"href":"https:\/\/www.mt-bungalow.fr\/en\/wp-json\/wp\/v2\/pages\/2034\/revisions"}],"predecessor-version":[{"id":2037,"href":"https:\/\/www.mt-bungalow.fr\/en\/wp-json\/wp\/v2\/pages\/2034\/revisions\/2037"}],"up":[{"embeddable":true,"href":"https:\/\/www.mt-bungalow.fr\/en\/wp-json\/wp\/v2\/pages\/711"}],"wp:featuredmedia":[{"embeddable":true,"href":"https:\/\/www.mt-bungalow.fr\/en\/wp-json\/wp\/v2\/media\/884"}],"wp:attachment":[{"href":"https:\/\/www.mt-bungalow.fr\/en\/wp-json\/wp\/v2\/media?parent=2034"}],"curies":[{"name":"wp","href":"https:\/\/api.w.org\/{rel}","templated":true}]}}