{"id":1723,"date":"2025-06-13T12:56:59","date_gmt":"2025-06-13T10:56:59","guid":{"rendered":"https:\/\/www.mt-bungalow.fr\/?page_id=1723"},"modified":"2025-06-16T15:35:49","modified_gmt":"2025-06-16T13:35:49","slug":"modular-clinic","status":"publish","type":"page","link":"https:\/\/www.mt-bungalow.fr\/en\/industries\/medical-health\/modular-clinic\/","title":{"rendered":"Modular Clinic"},"content":{"rendered":"","protected":false},"excerpt":{"rendered":"<p>An all-in-one solution for complex projects: our combined bungalow integrates changing rooms, showers, and toilets into a single, modular and customizable unit. An economical and practical choice for optimizing space while ensuring complete facilities.<\/p>","protected":false},"author":2,"featured_media":1795,"parent":1802,"menu_order":0,"comment_status":"closed","ping_status":"closed","template":"modele-expertise.php","meta":{"_acf_changed":false,"footnotes":""},"class_list":["post-1723","page","type-page","status-publish","has-post-thumbnail","hentry"],"acf":[],"yoast_head":"<!-- This site is optimized with the Yoast SEO plugin v26.2 - https:\/\/yoast.com\/wordpress\/plugins\/seo\/ -->\n<title>Clinique Modulaire M\u00e9dicale Depuis 2009 | MT Bungalow<\/title>\n<meta name=\"description\" content=\"MT Bungalow con\u00e7oit des cliniques modulaires m\u00e9dicales depuis 2009. Solutions sanitaires personnalis\u00e9es, conformes aux normes m\u00e9dicales, rapidement install\u00e9es et enti\u00e8rement \u00e9quip\u00e9es.\" \/>\n<meta name=\"robots\" content=\"index, follow, max-snippet:-1, max-image-preview:large, max-video-preview:-1\" \/>\n<link rel=\"canonical\" href=\"https:\/\/www.mt-bungalow.fr\/en\/industries\/medical-health\/modular-clinic\/\" \/>\n<meta property=\"og:locale\" content=\"en_GB\" \/>\n<meta property=\"og:type\" content=\"article\" \/>\n<meta property=\"og:title\" content=\"Clinique Modulaire M\u00e9dicale Depuis 2009 | MT Bungalow\" \/>\n<meta property=\"og:description\" content=\"MT Bungalow con\u00e7oit des cliniques modulaires m\u00e9dicales depuis 2009. Solutions sanitaires personnalis\u00e9es, conformes aux normes m\u00e9dicales, rapidement install\u00e9es et enti\u00e8rement \u00e9quip\u00e9es.\" \/>\n<meta property=\"og:url\" content=\"https:\/\/www.mt-bungalow.fr\/en\/industries\/medical-health\/modular-clinic\/\" \/>\n<meta property=\"og:site_name\" content=\"MT Bungalow\" \/>\n<meta property=\"article:modified_time\" content=\"2025-06-16T13:35:49+00:00\" \/>\n<meta property=\"og:image\" content=\"https:\/\/www.mt-bungalow.fr\/wp-content\/uploads\/2025\/06\/bungalow-medical.webp\" \/>\n\t<meta property=\"og:image:width\" content=\"1200\" \/>\n\t<meta property=\"og:image:height\" content=\"797\" \/>\n\t<meta property=\"og:image:type\" content=\"image\/webp\" \/>\n<meta name=\"twitter:card\" content=\"summary_large_image\" \/>\n<meta name=\"twitter:label1\" content=\"Estimated reading time\" \/>\n\t<meta name=\"twitter:data1\" content=\"7 minutes\" \/>\n<script type=\"application\/ld+json\" class=\"yoast-schema-graph\">{\"@context\":\"https:\/\/schema.org\",\"@graph\":[{\"@type\":\"WebPage\",\"@id\":\"https:\/\/www.mt-bungalow.fr\/expertises\/sante-medical\/clinique-modulaire\/\",\"url\":\"https:\/\/www.mt-bungalow.fr\/expertises\/sante-medical\/clinique-modulaire\/\",\"name\":\"Clinique Modulaire M\u00e9dicale Depuis 2009 | MT Bungalow\",\"isPartOf\":{\"@id\":\"https:\/\/www.mt-bungalow.fr\/#website\"},\"primaryImageOfPage\":{\"@id\":\"https:\/\/www.mt-bungalow.fr\/expertises\/sante-medical\/clinique-modulaire\/#primaryimage\"},\"image\":{\"@id\":\"https:\/\/www.mt-bungalow.fr\/expertises\/sante-medical\/clinique-modulaire\/#primaryimage\"},\"thumbnailUrl\":\"https:\/\/www.mt-bungalow.fr\/wp-content\/uploads\/2025\/06\/bungalow-medical.webp\",\"datePublished\":\"2025-06-13T10:56:59+00:00\",\"dateModified\":\"2025-06-16T13:35:49+00:00\",\"description\":\"MT Bungalow con\u00e7oit des cliniques modulaires m\u00e9dicales depuis 2009. Solutions sanitaires personnalis\u00e9es, conformes aux normes m\u00e9dicales, rapidement install\u00e9es et enti\u00e8rement \u00e9quip\u00e9es.\",\"breadcrumb\":{\"@id\":\"https:\/\/www.mt-bungalow.fr\/expertises\/sante-medical\/clinique-modulaire\/#breadcrumb\"},\"inLanguage\":\"en-GB\",\"potentialAction\":[{\"@type\":\"ReadAction\",\"target\":[\"https:\/\/www.mt-bungalow.fr\/expertises\/sante-medical\/clinique-modulaire\/\"]}]},{\"@type\":\"ImageObject\",\"inLanguage\":\"en-GB\",\"@id\":\"https:\/\/www.mt-bungalow.fr\/expertises\/sante-medical\/clinique-modulaire\/#primaryimage\",\"url\":\"https:\/\/www.mt-bungalow.fr\/wp-content\/uploads\/2025\/06\/bungalow-medical.webp\",\"contentUrl\":\"https:\/\/www.mt-bungalow.fr\/wp-content\/uploads\/2025\/06\/bungalow-medical.webp\",\"width\":1200,\"height\":797,\"caption\":\"bungalow-medical\"},{\"@type\":\"BreadcrumbList\",\"@id\":\"https:\/\/www.mt-bungalow.fr\/expertises\/sante-medical\/clinique-modulaire\/#breadcrumb\",\"itemListElement\":[{\"@type\":\"ListItem\",\"position\":1,\"name\":\"Accueil\",\"item\":\"https:\/\/www.mt-bungalow.fr\/\"},{\"@type\":\"ListItem\",\"position\":2,\"name\":\"Expertises\",\"item\":\"https:\/\/www.mt-bungalow.fr\/expertises\/\"},{\"@type\":\"ListItem\",\"position\":3,\"name\":\"Sant\u00e9 \/ M\u00e9dical\",\"item\":\"https:\/\/www.mt-bungalow.fr\/expertises\/sante-medical\/\"},{\"@type\":\"ListItem\",\"position\":4,\"name\":\"Clinique Modulaire\"}]},{\"@type\":\"WebSite\",\"@id\":\"https:\/\/www.mt-bungalow.fr\/#website\",\"url\":\"https:\/\/www.mt-bungalow.fr\/\",\"name\":\"MT Bungalow\",\"description\":\"\",\"potentialAction\":[{\"@type\":\"SearchAction\",\"target\":{\"@type\":\"EntryPoint\",\"urlTemplate\":\"https:\/\/www.mt-bungalow.fr\/?s={search_term_string}\"},\"query-input\":{\"@type\":\"PropertyValueSpecification\",\"valueRequired\":true,\"valueName\":\"search_term_string\"}}],\"inLanguage\":\"en-GB\"}]}<\/script>\n<!-- \/ Yoast SEO plugin. -->","yoast_head_json":{"title":"Modular Medical Clinic Since 2009 | MT Bungalow","description":"Since 2009, MT Bungalow has designed modular clinics\u2014custom sanitary solutions, compliant with medical standards, quickly installed and fully equipped.","robots":{"index":"index","follow":"follow","max-snippet":"max-snippet:-1","max-image-preview":"max-image-preview:large","max-video-preview":"max-video-preview:-1"},"canonical":"https:\/\/www.mt-bungalow.fr\/en\/industries\/medical-health\/modular-clinic\/","og_locale":"en_GB","og_type":"article","og_title":"Clinique Modulaire M\u00e9dicale Depuis 2009 | MT Bungalow","og_description":"MT Bungalow con\u00e7oit des cliniques modulaires m\u00e9dicales depuis 2009. Solutions sanitaires personnalis\u00e9es, conformes aux normes m\u00e9dicales, rapidement install\u00e9es et enti\u00e8rement \u00e9quip\u00e9es.","og_url":"https:\/\/www.mt-bungalow.fr\/en\/industries\/medical-health\/modular-clinic\/","og_site_name":"MT Bungalow","article_modified_time":"2025-06-16T13:35:49+00:00","og_image":[{"width":1200,"height":797,"url":"https:\/\/www.mt-bungalow.fr\/wp-content\/uploads\/2025\/06\/bungalow-medical.webp","type":"image\/webp"}],"twitter_card":"summary_large_image","twitter_misc":{"Estimated reading time":"7 minutes"},"schema":{"@context":"https:\/\/schema.org","@graph":[{"@type":"WebPage","@id":"https:\/\/www.mt-bungalow.fr\/expertises\/sante-medical\/clinique-modulaire\/","url":"https:\/\/www.mt-bungalow.fr\/expertises\/sante-medical\/clinique-modulaire\/","name":"Modular Medical Clinic Since 2009 | MT Bungalow","isPartOf":{"@id":"https:\/\/www.mt-bungalow.fr\/#website"},"primaryImageOfPage":{"@id":"https:\/\/www.mt-bungalow.fr\/expertises\/sante-medical\/clinique-modulaire\/#primaryimage"},"image":{"@id":"https:\/\/www.mt-bungalow.fr\/expertises\/sante-medical\/clinique-modulaire\/#primaryimage"},"thumbnailUrl":"https:\/\/www.mt-bungalow.fr\/wp-content\/uploads\/2025\/06\/bungalow-medical.webp","datePublished":"2025-06-13T10:56:59+00:00","dateModified":"2025-06-16T13:35:49+00:00","description":"Since 2009, MT Bungalow has designed modular clinics\u2014custom sanitary solutions, compliant with medical standards, quickly installed and fully equipped.","breadcrumb":{"@id":"https:\/\/www.mt-bungalow.fr\/expertises\/sante-medical\/clinique-modulaire\/#breadcrumb"},"inLanguage":"en-GB","potentialAction":[{"@type":"ReadAction","target":["https:\/\/www.mt-bungalow.fr\/expertises\/sante-medical\/clinique-modulaire\/"]}]},{"@type":"ImageObject","inLanguage":"en-GB","@id":"https:\/\/www.mt-bungalow.fr\/expertises\/sante-medical\/clinique-modulaire\/#primaryimage","url":"https:\/\/www.mt-bungalow.fr\/wp-content\/uploads\/2025\/06\/bungalow-medical.webp","contentUrl":"https:\/\/www.mt-bungalow.fr\/wp-content\/uploads\/2025\/06\/bungalow-medical.webp","width":1200,"height":797,"caption":"bungalow-medical"},{"@type":"BreadcrumbList","@id":"https:\/\/www.mt-bungalow.fr\/expertises\/sante-medical\/clinique-modulaire\/#breadcrumb","itemListElement":[{"@type":"ListItem","position":1,"name":"Accueil","item":"https:\/\/www.mt-bungalow.fr\/"},{"@type":"ListItem","position":2,"name":"Expertises","item":"https:\/\/www.mt-bungalow.fr\/expertises\/"},{"@type":"ListItem","position":3,"name":"Sant\u00e9 \/ M\u00e9dical","item":"https:\/\/www.mt-bungalow.fr\/expertises\/sante-medical\/"},{"@type":"ListItem","position":4,"name":"Clinique Modulaire"}]},{"@type":"WebSite","@id":"https:\/\/www.mt-bungalow.fr\/#website","url":"https:\/\/www.mt-bungalow.fr\/","name":"MT Bungalow","description":"","potentialAction":[{"@type":"SearchAction","target":{"@type":"EntryPoint","urlTemplate":"https:\/\/www.mt-bungalow.fr\/?s={search_term_string}"},"query-input":{"@type":"PropertyValueSpecification","valueRequired":true,"valueName":"search_term_string"}}],"inLanguage":"en-GB"}]}},"_links":{"self":[{"href":"https:\/\/www.mt-bungalow.fr\/en\/wp-json\/wp\/v2\/pages\/1723","targetHints":{"allow":["GET"]}}],"collection":[{"href":"https:\/\/www.mt-bungalow.fr\/en\/wp-json\/wp\/v2\/pages"}],"about":[{"href":"https:\/\/www.mt-bungalow.fr\/en\/wp-json\/wp\/v2\/types\/page"}],"author":[{"embeddable":true,"href":"https:\/\/www.mt-bungalow.fr\/en\/wp-json\/wp\/v2\/users\/2"}],"replies":[{"embeddable":true,"href":"https:\/\/www.mt-bungalow.fr\/en\/wp-json\/wp\/v2\/comments?post=1723"}],"version-history":[{"count":6,"href":"https:\/\/www.mt-bungalow.fr\/en\/wp-json\/wp\/v2\/pages\/1723\/revisions"}],"predecessor-version":[{"id":1877,"href":"https:\/\/www.mt-bungalow.fr\/en\/wp-json\/wp\/v2\/pages\/1723\/revisions\/1877"}],"up":[{"embeddable":true,"href":"https:\/\/www.mt-bungalow.fr\/en\/wp-json\/wp\/v2\/pages\/1802"}],"wp:featuredmedia":[{"embeddable":true,"href":"https:\/\/www.mt-bungalow.fr\/en\/wp-json\/wp\/v2\/media\/1795"}],"wp:attachment":[{"href":"https:\/\/www.mt-bungalow.fr\/en\/wp-json\/wp\/v2\/media?parent=1723"}],"curies":[{"name":"wp","href":"https:\/\/api.w.org\/{rel}","templated":true}]}}