{"id":1717,"date":"2025-06-13T13:41:29","date_gmt":"2025-06-13T11:41:29","guid":{"rendered":"https:\/\/www.mt-bungalow.fr\/?page_id=1717"},"modified":"2025-06-13T13:45:19","modified_gmt":"2025-06-13T11:45:19","slug":"event","status":"publish","type":"page","link":"https:\/\/www.mt-bungalow.fr\/en\/industries\/event\/","title":{"rendered":"Events"},"content":{"rendered":"","protected":false},"excerpt":{"rendered":"","protected":false},"author":2,"featured_media":0,"parent":1430,"menu_order":4,"comment_status":"closed","ping_status":"closed","template":"modele-parent.php","meta":{"_acf_changed":false,"footnotes":""},"class_list":["post-1717","page","type-page","status-publish","hentry"],"acf":[],"yoast_head":"<!-- This site is optimized with the Yoast SEO plugin v26.2 - https:\/\/yoast.com\/wordpress\/plugins\/seo\/ -->\n<title>Modules \u00c9v\u00e9nementiels Modulaires : Kiosques Et Sanitaires Sur-Mesure | MT Bungalow<\/title>\n<meta name=\"description\" content=\"Solutions modulaires \u00e9v\u00e9nementielles pour salons, foires et festivals : kiosques de vente, sanitaires raccordables, montage rapide et normes ERP\/PMR avec MT Bungalow.\" \/>\n<meta name=\"robots\" content=\"index, follow, max-snippet:-1, max-image-preview:large, max-video-preview:-1\" \/>\n<link rel=\"canonical\" href=\"https:\/\/www.mt-bungalow.fr\/en\/industries\/event\/\" \/>\n<meta property=\"og:locale\" content=\"en_GB\" \/>\n<meta property=\"og:type\" content=\"article\" \/>\n<meta property=\"og:title\" content=\"Modules \u00c9v\u00e9nementiels Modulaires : Kiosques Et Sanitaires Sur-Mesure | MT Bungalow\" \/>\n<meta property=\"og:description\" content=\"Solutions modulaires \u00e9v\u00e9nementielles pour salons, foires et festivals : kiosques de vente, sanitaires raccordables, montage rapide et normes ERP\/PMR avec MT Bungalow.\" \/>\n<meta property=\"og:url\" content=\"https:\/\/www.mt-bungalow.fr\/en\/industries\/event\/\" \/>\n<meta property=\"og:site_name\" content=\"MT Bungalow\" \/>\n<meta property=\"article:modified_time\" content=\"2025-06-13T11:45:19+00:00\" \/>\n<meta name=\"twitter:card\" content=\"summary_large_image\" \/>\n<meta name=\"twitter:label1\" content=\"Estimated reading time\" \/>\n\t<meta name=\"twitter:data1\" content=\"3 minutes\" \/>\n<script type=\"application\/ld+json\" class=\"yoast-schema-graph\">{\"@context\":\"https:\/\/schema.org\",\"@graph\":[{\"@type\":\"WebPage\",\"@id\":\"https:\/\/www.mt-bungalow.fr\/expertises\/evenementiel\/\",\"url\":\"https:\/\/www.mt-bungalow.fr\/expertises\/evenementiel\/\",\"name\":\"Modules \u00c9v\u00e9nementiels Modulaires : Kiosques Et Sanitaires Sur-Mesure | MT Bungalow\",\"isPartOf\":{\"@id\":\"https:\/\/www.mt-bungalow.fr\/#website\"},\"datePublished\":\"2025-06-13T11:41:29+00:00\",\"dateModified\":\"2025-06-13T11:45:19+00:00\",\"description\":\"Solutions modulaires \u00e9v\u00e9nementielles pour salons, foires et festivals : kiosques de vente, sanitaires raccordables, montage rapide et normes ERP\/PMR avec MT Bungalow.\",\"breadcrumb\":{\"@id\":\"https:\/\/www.mt-bungalow.fr\/expertises\/evenementiel\/#breadcrumb\"},\"inLanguage\":\"en-GB\",\"potentialAction\":[{\"@type\":\"ReadAction\",\"target\":[\"https:\/\/www.mt-bungalow.fr\/expertises\/evenementiel\/\"]}]},{\"@type\":\"BreadcrumbList\",\"@id\":\"https:\/\/www.mt-bungalow.fr\/expertises\/evenementiel\/#breadcrumb\",\"itemListElement\":[{\"@type\":\"ListItem\",\"position\":1,\"name\":\"Accueil\",\"item\":\"https:\/\/www.mt-bungalow.fr\/\"},{\"@type\":\"ListItem\",\"position\":2,\"name\":\"Expertises\",\"item\":\"https:\/\/www.mt-bungalow.fr\/expertises\/\"},{\"@type\":\"ListItem\",\"position\":3,\"name\":\"\u00c9v\u00e8nementiel\"}]},{\"@type\":\"WebSite\",\"@id\":\"https:\/\/www.mt-bungalow.fr\/#website\",\"url\":\"https:\/\/www.mt-bungalow.fr\/\",\"name\":\"MT Bungalow\",\"description\":\"\",\"potentialAction\":[{\"@type\":\"SearchAction\",\"target\":{\"@type\":\"EntryPoint\",\"urlTemplate\":\"https:\/\/www.mt-bungalow.fr\/?s={search_term_string}\"},\"query-input\":{\"@type\":\"PropertyValueSpecification\",\"valueRequired\":true,\"valueName\":\"search_term_string\"}}],\"inLanguage\":\"en-GB\"}]}<\/script>\n<!-- \/ Yoast SEO plugin. -->","yoast_head_json":{"title":"Modular Event Modules: Custom Kiosks and Restrooms | MT Bungalow","description":"Modular event solutions for trade shows, fairs and festivals: sales kiosks, connectable toilets, quick assembly and ERP\/PMR standards with MT Bungalow.","robots":{"index":"index","follow":"follow","max-snippet":"max-snippet:-1","max-image-preview":"max-image-preview:large","max-video-preview":"max-video-preview:-1"},"canonical":"https:\/\/www.mt-bungalow.fr\/en\/industries\/event\/","og_locale":"en_GB","og_type":"article","og_title":"Modules \u00c9v\u00e9nementiels Modulaires : Kiosques Et Sanitaires Sur-Mesure | MT Bungalow","og_description":"Solutions modulaires \u00e9v\u00e9nementielles pour salons, foires et festivals : kiosques de vente, sanitaires raccordables, montage rapide et normes ERP\/PMR avec MT Bungalow.","og_url":"https:\/\/www.mt-bungalow.fr\/en\/industries\/event\/","og_site_name":"MT Bungalow","article_modified_time":"2025-06-13T11:45:19+00:00","twitter_card":"summary_large_image","twitter_misc":{"Estimated reading time":"3 minutes"},"schema":{"@context":"https:\/\/schema.org","@graph":[{"@type":"WebPage","@id":"https:\/\/www.mt-bungalow.fr\/expertises\/evenementiel\/","url":"https:\/\/www.mt-bungalow.fr\/expertises\/evenementiel\/","name":"Modular Event Modules: Custom Kiosks and Restrooms | MT Bungalow","isPartOf":{"@id":"https:\/\/www.mt-bungalow.fr\/#website"},"datePublished":"2025-06-13T11:41:29+00:00","dateModified":"2025-06-13T11:45:19+00:00","description":"Modular event solutions for trade shows, fairs and festivals: sales kiosks, connectable toilets, quick assembly and ERP\/PMR standards with MT Bungalow.","breadcrumb":{"@id":"https:\/\/www.mt-bungalow.fr\/expertises\/evenementiel\/#breadcrumb"},"inLanguage":"en-GB","potentialAction":[{"@type":"ReadAction","target":["https:\/\/www.mt-bungalow.fr\/expertises\/evenementiel\/"]}]},{"@type":"BreadcrumbList","@id":"https:\/\/www.mt-bungalow.fr\/expertises\/evenementiel\/#breadcrumb","itemListElement":[{"@type":"ListItem","position":1,"name":"Accueil","item":"https:\/\/www.mt-bungalow.fr\/"},{"@type":"ListItem","position":2,"name":"Expertises","item":"https:\/\/www.mt-bungalow.fr\/expertises\/"},{"@type":"ListItem","position":3,"name":"\u00c9v\u00e8nementiel"}]},{"@type":"WebSite","@id":"https:\/\/www.mt-bungalow.fr\/#website","url":"https:\/\/www.mt-bungalow.fr\/","name":"MT Bungalow","description":"","potentialAction":[{"@type":"SearchAction","target":{"@type":"EntryPoint","urlTemplate":"https:\/\/www.mt-bungalow.fr\/?s={search_term_string}"},"query-input":{"@type":"PropertyValueSpecification","valueRequired":true,"valueName":"search_term_string"}}],"inLanguage":"en-GB"}]}},"_links":{"self":[{"href":"https:\/\/www.mt-bungalow.fr\/en\/wp-json\/wp\/v2\/pages\/1717","targetHints":{"allow":["GET"]}}],"collection":[{"href":"https:\/\/www.mt-bungalow.fr\/en\/wp-json\/wp\/v2\/pages"}],"about":[{"href":"https:\/\/www.mt-bungalow.fr\/en\/wp-json\/wp\/v2\/types\/page"}],"author":[{"embeddable":true,"href":"https:\/\/www.mt-bungalow.fr\/en\/wp-json\/wp\/v2\/users\/2"}],"replies":[{"embeddable":true,"href":"https:\/\/www.mt-bungalow.fr\/en\/wp-json\/wp\/v2\/comments?post=1717"}],"version-history":[{"count":10,"href":"https:\/\/www.mt-bungalow.fr\/en\/wp-json\/wp\/v2\/pages\/1717\/revisions"}],"predecessor-version":[{"id":1820,"href":"https:\/\/www.mt-bungalow.fr\/en\/wp-json\/wp\/v2\/pages\/1717\/revisions\/1820"}],"up":[{"embeddable":true,"href":"https:\/\/www.mt-bungalow.fr\/en\/wp-json\/wp\/v2\/pages\/1430"}],"wp:attachment":[{"href":"https:\/\/www.mt-bungalow.fr\/en\/wp-json\/wp\/v2\/media?parent=1717"}],"curies":[{"name":"wp","href":"https:\/\/api.w.org\/{rel}","templated":true}]}}